{"id":1419,"date":"2025-10-31T12:46:02","date_gmt":"2025-10-31T12:46:02","guid":{"rendered":"https:\/\/gangsta-sino.net\/app\/"},"modified":"2025-10-31T15:12:08","modified_gmt":"2025-10-31T15:12:08","slug":"app","status":"publish","type":"page","link":"https:\/\/gangsta-sino.net\/de\/app\/","title":{"rendered":"App"},"content":{"rendered":"<h1>Gangstasino Casino App f\u00fcr iOS und Android<\/h1>\n<p>Die Gangstasino App bietet hochwertiges Gameplay auf Ihrem Desktop und Ihren Mobilger\u00e4ten, das Sie jederzeit und \u00fcberall genie\u00dfen k\u00f6nnen. Gangstasino Casino ist f\u00fcr mobiloptimiertes Gaming auf Android- und iOS-Ger\u00e4ten angepasst und bietet vollst\u00e4ndige Kompatibilit\u00e4t mit Windows und macOS. Diese Zug\u00e4nglichkeit erm\u00f6glicht allen Nutzern erstklassige globale Casino-Unterhaltung.<\/p>\n<div class=\"banner-wrap\" aria-label=\"Banner\"><img src=\"https:\/\/gangsta-sino.net\/wp-content\/uploads\/2025\/11\/Banner-Desktop.png\" class=\"w-100 d-none d-lg-block img-pc main-banner-img\" alt=\"Gangstasino bonus desktop\" fetchpriority=\"high\" decoding=\"async\"><img src=\"https:\/\/gangsta-sino.net\/wp-content\/uploads\/2025\/10\/Gangstasino-bonus-mobile.webp\" class=\"w-100 d-none d-md-block d-lg-none main-banner-img\" alt=\"Gangstasino bonus mobile\" fetchpriority=\"high\" decoding=\"async\"><img src=\"https:\/\/gangsta-sino.net\/wp-content\/uploads\/2025\/10\/Gangstasino-bonus-mobile.webp\" class=\"w-100 d-md-none\" alt=\"Gangstasino bonus mobile\" fetchpriority=\"high\" decoding=\"async\"><div class=\"banner-description\">\n<div class=\"banner-title\">Willkommensboni<\/div>\n<p class=\"banner-header-title\">1500 \u20ac<\/p>\n<div class=\"banner-header-AdditionalText\">+ 250 Freispiele<\/div>\n<button data-item=\"homepage_banner_link\" class=\"goto m-button m-gradient-border m-button--primary m-button--large banner-button btn-orange\">\n            <div class=\"m-button-content\">\n                <span>Jetzt anmelden<\/span>\n                <span><\/span>\n            <\/div>\n        <\/button>\n<\/div>\n<div class=\"WelcomePack\">\n<p><img loading=\"lazy\" decoding=\"async\" class=\"alignnone size-full wp-image-1375\" src=\"https:\/\/gangsta-sino.net\/wp-content\/uploads\/2025\/10\/welcome-crown.svg\" alt=\"crown\" width=\"25\" height=\"26\" \/><\/p>\n<div class=\"WelcomePack-Info\">W\u00f6chentlicher Cashback von bis zu 25 %<\/div>\n<p><img loading=\"lazy\" decoding=\"async\" class=\"alignnone size-full wp-image-1375\" src=\"https:\/\/gangsta-sino.net\/wp-content\/uploads\/2025\/10\/welcome-crown.svg\" alt=\"crown\" width=\"25\" height=\"26\" \/><\/p>\n<\/div>\n<\/div>\n<h2>Gangstasino App Funktionen und Vorteile<\/h2>\n<p>Die mobile App Gangstasino Casino erf\u00fcllt die Anforderungen aller anspruchsvollen Spieler, die Geschwindigkeit, Sicherheit und Funktionalit\u00e4t w\u00fcnschen. Diese App ist mehr als nur eine Erg\u00e4nzung zum mobilen Casino \u2013 sie ist eine vollwertige Gaming-Plattform, die \u00e4u\u00dferst funktional und leistungsorientiert ist.<\/p>\n<h3>Wichtigste Merkmale<\/h3>\n<ul>\n<li>Erleben Sie schnellere Ladezeiten und fl\u00fcssigeres Gameplay als bei der Desktop-Version.<\/li>\n<li>Einfache Navigation und Gestensteuerung sowie eine vollst\u00e4ndig optimierte Benutzeroberfl\u00e4che f\u00fcr kleine Bildschirme.<\/li>\n<li>Achten Sie auf exklusive Boni, Turniere und Angebote mit Countdown-Uhren.<\/li>\n<li>Ihre Daten und Zahlungen sind bei uns sicher \u2013 wir verwenden eine End-to-End-Verschl\u00fcsselung.<\/li>\n<li>Ihr Konto ist auf allen Ger\u00e4ten vollst\u00e4ndig synchronisiert. Beginnen Sie auf dem Mobilger\u00e4t und fahren Sie nahtlos auf dem Desktop fort.<\/li>\n<\/ul>\n<p>Die Gangstasino-App bietet ein gro\u00dfartiges Online-Slots-Erlebnis mit den zus\u00e4tzlichen Vorteilen von Konnektivit\u00e4t \u00fcber Benachrichtigungen, Komfort und Mobilit\u00e4t. F\u00fcr Nutzer, die ein umfassendes Casino-Erlebnis mit minimalen Einstiegsh\u00fcrden suchen, bietet Gangstasino Casino als App unbegrenzte M\u00f6glichkeiten. F\u00fcr Nutzer, die lange Spielsitzungen, den Komfort eines gro\u00dfen Bildschirms, die M\u00f6glichkeit, sich ganz auf ein Ger\u00e4t zu konzentrieren, oder die Leichtigkeit intensiven Multitaskings suchen, sind die Vorteile der PC-Version von Gangstasino Casino jedoch kaum zu leugnen.<\/p>\n<h3>Mobilger\u00e4t vs. PC<\/h3>\n<table>\n<tbody>\n<tr>\n<td>Funktion<\/td>\n<td>Mobile App<\/td>\n<td>PC\/Desktop<\/td>\n<\/tr>\n<tr>\n<td>Portabilit\u00e4t<\/td>\n<td>Unterwegs spielen<\/td>\n<td>Nur an einem Ort verwenden<\/td>\n<\/tr>\n<tr>\n<td>Benachrichtigungen<\/td>\n<td>Echtzeit-Warnmeldungen<\/td>\n<td>Keine, es sei denn, ein Browser ist ge\u00f6ffnet.<\/td>\n<\/tr>\n<tr>\n<td>Schnittstelle<\/td>\n<td>Touch-freundlich<\/td>\n<td>Vollbild mit detailliertem Layout<\/td>\n<\/tr>\n<tr>\n<td>Spielzugang<\/td>\n<td>Vollst\u00e4ndige Spielebibliothek<\/td>\n<td>Gleich oder etwas mehr<\/td>\n<\/tr>\n<tr>\n<td>Bildschirmgr\u00f6\u00dfe<\/td>\n<td>Kleinerer Bildschirm<\/td>\n<td>Gr\u00f6\u00dfere, bessere Grafik<\/td>\n<\/tr>\n<tr>\n<td>Steuerungen<\/td>\n<td>Touch-Bedienelemente<\/td>\n<td>Tastatur und Maus<\/td>\n<\/tr>\n<tr>\n<td>Leistung<\/td>\n<td>Schnell und f\u00fcr Mobilger\u00e4te optimiert<\/td>\n<td>Verarbeitet komplexe Grafiken besser<\/td>\n<\/tr>\n<tr>\n<td>Batterie &amp; Daten<\/td>\n<td>Verwendet Akku und mobile Daten<\/td>\n<td>Stabile Stromversorgung und Internet<\/td>\n<\/tr>\n<tr>\n<td>Lange Sitzungen<\/td>\n<td>Weniger komfortabel<\/td>\n<td>Besser f\u00fcr l\u00e4ngeres Spielen<\/td>\n<\/tr>\n<tr>\n<td>Kontosynchronisierung<\/td>\n<td colspan=\"2\">Gleiches Konto auf allen Ger\u00e4ten<\/td>\n<\/tr>\n<tr>\n<td>Live-Chat Support<\/td>\n<td colspan=\"2\">24\/7 Support-Team direkt in der App und im Internet erreichbar<\/td>\n<\/tr>\n<\/tbody>\n<\/table>\n<p>Die Gangstasino-App ist die funktionalste Version. Ganz gleich, ob Sie die Walzen drehen, eine Runde Poker spielen oder an einem Live-Dealer-Spiel teilnehmen \u2013 mobiles Gaming bietet Ihnen ein kompromissloses Premium-Erlebnis.<\/p>\n<p><div style=\"clear: both\"><\/div><div class=\"d-flex justify-content-center\"><button data-item=\"decouvrez_link\" data-group=\"website_links\" class=\"goto fw-bold rounded-pill btn btn-orange\" aria-label=\"Laden Sie die Gangstasino-App herunter\" >Laden Sie die Gangstasino-App herunter<\/button><\/div><div class=\"scrollable-content-wrap my-5\"><div class=\"scrollable-content-inner\"><h2>Gangsta Sino Mobile Anwendung f\u00fcr iOS-Ger\u00e4te<\/h2>\n<p>Ihre Lieblingsspiele sind nur einen Fingertipp entfernt. So gelangen Sie zur Gangstasino-App auf Ihrem iOS-Startbildschirm:<\/p>\n<ol>\n<li>\u00d6ffnen Sie Safari auf Ihrem Apple-Ger\u00e4t.<\/li>\n<li>Gehen Sie zur offiziellen Website von Gangsta Sino.<\/li>\n<li>Tippen Sie auf das Symbol \u201eTeilen\u201c (am unteren Bildschirmrand).<\/li>\n<li>Scrollen Sie nach unten und w\u00e4hlen Sie \u201eZum Startbildschirm hinzuf\u00fcgen\u201d.<\/li>\n<li>Tippen Sie zur Best\u00e4tigung auf \u201eHinzuf\u00fcgen\u201c.<\/li>\n<\/ol>\n<p>Danach wird das Symbol der Gangstasino-App auf Ihrem Startbildschirm angezeigt, genau wie bei einer nativen App. Sie k\u00f6nnen jederzeit darauf tippen, um direkt das vollst\u00e4ndige Spielerlebnis zu starten.<\/p>\n<p><img loading=\"lazy\" decoding=\"async\" class=\"alignnone size-full wp-image-1393\" src=\"https:\/\/gangsta-sino.net\/wp-content\/uploads\/2025\/10\/Gangstasino-App-iOS.webp\" alt=\"Gangstasino App iOS\" width=\"1248\" height=\"536\" srcset=\"https:\/\/gangsta-sino.net\/wp-content\/uploads\/2025\/10\/Gangstasino-App-iOS.webp 1248w, https:\/\/gangsta-sino.net\/wp-content\/uploads\/2025\/10\/Gangstasino-App-iOS-300x129.webp 300w, https:\/\/gangsta-sino.net\/wp-content\/uploads\/2025\/10\/Gangstasino-App-iOS-1024x440.webp 1024w, https:\/\/gangsta-sino.net\/wp-content\/uploads\/2025\/10\/Gangstasino-App-iOS-768x330.webp 768w\" sizes=\"auto, (max-width: 1248px) 100vw, 1248px\" \/><\/p>\n<\/div><\/div><div style=\"clear: both\"><\/div><div class=\"d-flex justify-content-center\"><button data-item=\"decouvrez_link\" data-group=\"website_links\" class=\"goto fw-bold rounded-pill btn btn-orange\" aria-label=\"Gangstasino herunterladen\" >Gangstasino herunterladen<\/button><\/div><div class=\"scrollable-content-wrap my-5\"><div class=\"scrollable-content-inner\"><h2>Mobile App f\u00fcr Android-Nutzer<\/h2>\n<p>Gangstasino Casino bietet ein schnelles, zuverl\u00e4ssiges und vollst\u00e4ndig f\u00fcr Android optimiertes Erlebnis \u2013 ohne l\u00e4stige APKs oder Installationen von Drittanbietern. Sie k\u00f6nnen unsere Progressive Web App in einem einfachen Schritt direkt \u00fcber Ihren Browser installieren.<\/p>\n<p>So installieren Sie die Gangsta Sino App auf Ihrem Android-Ger\u00e4t:<\/p>\n<ol>\n<li>\u00d6ffnen Sie Ihren mobilen Browser und gehen Sie zur offiziellen Gangstasino-Website.<\/li>\n<li>Navigieren Sie zur Men\u00fcschaltfl\u00e4che unten links auf dem Bildschirm.<\/li>\n<li>Klicken Sie auf \u201eInstallieren\u201c, um detaillierte Informationen zu erhalten.<\/li>\n<li>\u00d6ffnen Sie die App, melden Sie sich an und schon k\u00f6nnen Sie loslegen.<\/li>\n<\/ol>\n<p>Mit der Gangstasino PWA haben Sie sofortigen Zugriff. Sie k\u00f6nnen sich sicher anmelden und Ihr Spielverlauf wird nahtlos sein, ohne dass Downloads oder Updates erforderlich sind. Bitte installieren Sie die Gangstasino-APK-Datei nicht von Websites Dritter.<\/p>\n<p><img loading=\"lazy\" decoding=\"async\" class=\"alignnone size-full wp-image-1394\" src=\"https:\/\/gangsta-sino.net\/wp-content\/uploads\/2025\/10\/Gangstasino-App-Android.webp\" alt=\"Gangstasino App Android\" width=\"1248\" height=\"536\" srcset=\"https:\/\/gangsta-sino.net\/wp-content\/uploads\/2025\/10\/Gangstasino-App-Android.webp 1248w, https:\/\/gangsta-sino.net\/wp-content\/uploads\/2025\/10\/Gangstasino-App-Android-300x129.webp 300w, https:\/\/gangsta-sino.net\/wp-content\/uploads\/2025\/10\/Gangstasino-App-Android-1024x440.webp 1024w, https:\/\/gangsta-sino.net\/wp-content\/uploads\/2025\/10\/Gangstasino-App-Android-768x330.webp 768w\" sizes=\"auto, (max-width: 1248px) 100vw, 1248px\" \/><\/p>\n<\/div><\/div><div style=\"clear: both\"><\/div><div class=\"d-flex justify-content-center\"><button data-item=\"decouvrez_link\" data-group=\"website_links\" class=\"goto fw-bold rounded-pill btn btn-orange\" aria-label=\"Laden Sie die Gangstasino-App herunter\" >Laden Sie die Gangstasino-App herunter<\/button><\/div><div class=\"scrollable-content-wrap my-5\"><div class=\"scrollable-content-inner\"><h2>Spielen Sie auf Windows oder Mac mit Gangstasino<\/h2>\n<p>Die Spiele, die Sie am meisten lieben, sind jetzt leichter zug\u00e4nglich denn je. Erleben Sie schnelle Auszahlungszeiten, spielerische Bonusvergabe, sofortigen Zugriff auf Ihre Lieblingsboni und endloses Spielvergn\u00fcgen bei spannenden Turnieren. Alle Ihre Attraktionen im Gangstasino Casino sind jetzt schneller und effizienter.<\/p>\n<p>Schritte zur Installation von Gangsta Sino auf Ihrem Windows- oder Mac-Computer:<\/p>\n<ol>\n<li>\u00d6ffnen Sie Chrome auf Windows-PCs oder Safari auf Macs.<\/li>\n<li>Besuchen Sie die offizielle Website von Gangstasino.<\/li>\n<li>Suchen Sie die Schaltfl\u00e4che \u201eCasino App\u201c ganz rechts in der Adressleiste.<\/li>\n<li>Befolgen Sie dann die Anweisungen.<\/li>\n<\/ol>\n<p>Sobald Sie den Verifizierungsprozess abgeschlossen haben, wird die Gangstasino-App f\u00fcr einen einfachen Zugriff zu Ihrem Desktop oder Startmen\u00fc hinzugef\u00fcgt und kann mit einem einzigen Klick ge\u00f6ffnet werden.<\/p>\n<p><img loading=\"lazy\" decoding=\"async\" class=\"alignnone size-full wp-image-1395\" src=\"https:\/\/gangsta-sino.net\/wp-content\/uploads\/2025\/10\/Gangstasino-App-PC.webp\" alt=\"Gangstasino App PC\" width=\"1248\" height=\"536\" srcset=\"https:\/\/gangsta-sino.net\/wp-content\/uploads\/2025\/10\/Gangstasino-App-PC.webp 1248w, https:\/\/gangsta-sino.net\/wp-content\/uploads\/2025\/10\/Gangstasino-App-PC-300x129.webp 300w, https:\/\/gangsta-sino.net\/wp-content\/uploads\/2025\/10\/Gangstasino-App-PC-1024x440.webp 1024w, https:\/\/gangsta-sino.net\/wp-content\/uploads\/2025\/10\/Gangstasino-App-PC-768x330.webp 768w\" sizes=\"auto, (max-width: 1248px) 100vw, 1248px\" \/><\/p>\n<\/div><\/div><div style=\"clear: both\"><\/div><div class=\"d-flex justify-content-center\"><button data-item=\"decouvrez_link\" data-group=\"website_links\" class=\"goto fw-bold rounded-pill btn btn-orange\" aria-label=\"Gangstasino herunterladen\" >Gangstasino herunterladen<\/button><\/div><div class=\"scrollable-content-wrap my-5\"><div class=\"scrollable-content-inner\"><h2>H\u00e4ufig gestellte Fragen<\/h2>\n<h3>Wie kann ich die mobile App \u201eGangsta Sino\u201c herunterladen und installieren?<\/h3>\n<p>Sie finden keine offizielle native mobile App f\u00fcr Gangsta Sino im Google Play Store oder im Apple App Store. Sie k\u00f6nnen jedoch die f\u00fcr Mobilger\u00e4te optimierte Website nutzen, die wie eine PWA funktioniert. Suchen Sie uns einfach in Ihrem mobilen Browser, und die Website passt sich automatisch an Ihre mobile Nutzung an. Auf diese Weise m\u00fcssen Sie sich keine Gedanken \u00fcber Downloads machen und haben immer die aktuellste Version, ohne aktualisieren zu m\u00fcssen.<\/p>\n<h3>Ist die Gangsta Sino App sowohl f\u00fcr Android- als auch f\u00fcr iOS-Ger\u00e4te verf\u00fcgbar?<\/h3>\n<p>Obwohl es keine speziellen Apps f\u00fcr diese Plattformen gibt, kann die f\u00fcr Mobilger\u00e4te optimierte Gangsta Sino-Website auf iOS- und Android-Ger\u00e4ten aufgerufen werden, sodass Sie Gangsta Sino ohne Installation auf Ihrem Mobiltelefon oder Tablet nutzen k\u00f6nnen und keine App installieren m\u00fcssen. Seien Sie jedoch vorsichtig und nutzen Sie nur die offizielle Website, um Sicherheitsrisiken zu vermeiden.<\/p>\n<h3>Was sind die Unterschiede zwischen dem Spielen auf dem Handy und auf dem PC?<\/h3>\n<p>Beide Plattformen bieten identische zentrale Funktionen und Spielesammlungen. Die mobile Version bietet den Komfort der Portabilit\u00e4t und Push-Benachrichtigungen, w\u00e4hrend die Desktop-Version dem Benutzer eine gr\u00f6\u00dfere Oberfl\u00e4che und standardm\u00e4\u00dfige Eingabemodalit\u00e4ten bietet.<\/p>\n<h3>Kann ich dasselbe Konto f\u00fcr die Gangsta Sino App und die Website verwenden?<\/h3>\n<p>Alle Plattformen sind vollst\u00e4ndig in Ihr Gangstasino-Konto integriert. Das bedeutet, dass Sie sich unabh\u00e4ngig vom verwendeten Ger\u00e4t, sei es ein Mobiltelefon, ein Tablet oder ein Desktop-Computer, jederzeit in Ihr Konto einloggen k\u00f6nnen. Alle Ihre Kontoinformationen, laufenden Spiele, Ihr Guthaben, Ihre Boni, Einstellungen und pers\u00f6nlichen Daten werden synchronisiert.<\/p>\n<\/div><\/div><\/p>\n","protected":false},"excerpt":{"rendered":"<p>Gangstasino Casino App f\u00fcr iOS und Android Die Gangstasino App bietet hochwertiges Gameplay auf Ihrem Desktop und Ihren Mobilger\u00e4ten, das Sie jederzeit und \u00fcberall genie\u00dfen k\u00f6nnen. Gangstasino Casino ist f\u00fcr mobiloptimiertes Gaming auf Android- und iOS-Ger\u00e4ten angepasst und bietet vollst\u00e4ndige Kompatibilit\u00e4t mit Windows und macOS. Diese Zug\u00e4nglichkeit erm\u00f6glicht allen Nutzern erstklassige globale Casino-Unterhaltung. Gangstasino App [&hellip;]<\/p>\n","protected":false},"author":1,"featured_media":0,"parent":0,"menu_order":0,"comment_status":"closed","ping_status":"closed","template":"template-builder.php","meta":{"_acf_changed":false,"inline_featured_image":false,"footnotes":""},"class_list":["post-1419","page","type-page","status-publish","hentry"],"acf":[],"yoast_head":"<!-- This site is optimized with the Yoast SEO plugin v27.3 - https:\/\/yoast.com\/product\/yoast-seo-wordpress\/ -->\n<title>Gangstasino Casino App f\u00fcr iOS &amp; Android<\/title>\n<meta name=\"description\" content=\"Laden Sie die Gangsta Sino App auf ein beliebiges Ger\u00e4t herunter und erhalten Sie sofortigen Zugriff auf \u00fcber 6000 Spiele und mehr. Genie\u00dfen Sie sicheres Spielen und 24\/7 Support f\u00fcr unterwegs.\" \/>\n<meta name=\"robots\" content=\"index, follow, max-snippet:-1, max-image-preview:large, max-video-preview:-1\" \/>\n<link rel=\"canonical\" href=\"https:\/\/gangsta-sino.net\/de\/app\/\" \/>\n<meta property=\"og:locale\" content=\"de_DE\" \/>\n<meta property=\"og:type\" content=\"article\" \/>\n<meta property=\"og:title\" content=\"Gangstasino Casino App f\u00fcr iOS &amp; Android\" \/>\n<meta property=\"og:description\" content=\"Laden Sie die Gangsta Sino App auf ein beliebiges Ger\u00e4t herunter und erhalten Sie sofortigen Zugriff auf \u00fcber 6000 Spiele und mehr. Genie\u00dfen Sie sicheres Spielen und 24\/7 Support f\u00fcr unterwegs.\" \/>\n<meta property=\"og:url\" content=\"https:\/\/gangsta-sino.net\/de\/app\/\" \/>\n<meta property=\"og:site_name\" content=\"gangstasino\" \/>\n<meta property=\"article:modified_time\" content=\"2025-10-31T15:12:08+00:00\" \/>\n<meta name=\"twitter:card\" content=\"summary_large_image\" \/>\n<meta name=\"twitter:label1\" content=\"Gesch\u00e4tzte Lesezeit\" \/>\n\t<meta name=\"twitter:data1\" content=\"2\u00a0Minuten\" \/>\n<script type=\"application\/ld+json\" class=\"yoast-schema-graph\">{\"@context\":\"https:\\\/\\\/schema.org\",\"@graph\":[{\"@type\":\"WebPage\",\"@id\":\"https:\\\/\\\/gangsta-sino.net\\\/de\\\/app\\\/\",\"url\":\"https:\\\/\\\/gangsta-sino.net\\\/de\\\/app\\\/\",\"name\":\"Gangstasino Casino App f\u00fcr iOS & Android\",\"isPartOf\":{\"@id\":\"https:\\\/\\\/gangsta-sino.net\\\/de\\\/#website\"},\"datePublished\":\"2025-10-31T12:46:02+00:00\",\"dateModified\":\"2025-10-31T15:12:08+00:00\",\"description\":\"Laden Sie die Gangsta Sino App auf ein beliebiges Ger\u00e4t herunter und erhalten Sie sofortigen Zugriff auf \u00fcber 6000 Spiele und mehr. Genie\u00dfen Sie sicheres Spielen und 24\\\/7 Support f\u00fcr unterwegs.\",\"breadcrumb\":{\"@id\":\"https:\\\/\\\/gangsta-sino.net\\\/de\\\/app\\\/#breadcrumb\"},\"inLanguage\":\"de\",\"potentialAction\":[{\"@type\":\"ReadAction\",\"target\":[\"https:\\\/\\\/gangsta-sino.net\\\/de\\\/app\\\/\"]}]},{\"@type\":\"BreadcrumbList\",\"@id\":\"https:\\\/\\\/gangsta-sino.net\\\/de\\\/app\\\/#breadcrumb\",\"itemListElement\":[{\"@type\":\"ListItem\",\"position\":1,\"name\":\"Gangstasino\",\"item\":\"https:\\\/\\\/gangsta-sino.net\\\/de\\\/\"},{\"@type\":\"ListItem\",\"position\":2,\"name\":\"App\"}]},{\"@type\":\"WebSite\",\"@id\":\"https:\\\/\\\/gangsta-sino.net\\\/de\\\/#website\",\"url\":\"https:\\\/\\\/gangsta-sino.net\\\/de\\\/\",\"name\":\"Gangstasino\",\"description\":\"\",\"publisher\":{\"@id\":\"https:\\\/\\\/gangsta-sino.net\\\/de\\\/#organization\"},\"potentialAction\":[{\"@type\":\"SearchAction\",\"target\":{\"@type\":\"EntryPoint\",\"urlTemplate\":\"https:\\\/\\\/gangsta-sino.net\\\/de\\\/?s={search_term_string}\"},\"query-input\":{\"@type\":\"PropertyValueSpecification\",\"valueRequired\":true,\"valueName\":\"search_term_string\"}}],\"inLanguage\":\"de\"},{\"@type\":\"Organization\",\"@id\":\"https:\\\/\\\/gangsta-sino.net\\\/de\\\/#organization\",\"name\":\"Gangstasino\",\"url\":\"https:\\\/\\\/gangsta-sino.net\\\/de\\\/\",\"logo\":{\"@type\":\"ImageObject\",\"inLanguage\":\"de\",\"@id\":\"https:\\\/\\\/gangsta-sino.net\\\/de\\\/#\\\/schema\\\/logo\\\/image\\\/\",\"url\":\"https:\\\/\\\/gangsta-sino.net\\\/wp-content\\\/uploads\\\/2025\\\/08\\\/80u1FaquEZeR6OUTeJCc.png\",\"contentUrl\":\"https:\\\/\\\/gangsta-sino.net\\\/wp-content\\\/uploads\\\/2025\\\/08\\\/80u1FaquEZeR6OUTeJCc.png\",\"width\":152,\"height\":35,\"caption\":\"Gangstasino\"},\"image\":{\"@id\":\"https:\\\/\\\/gangsta-sino.net\\\/de\\\/#\\\/schema\\\/logo\\\/image\\\/\"}}]}<\/script>\n<!-- \/ Yoast SEO plugin. -->","yoast_head_json":{"title":"Gangstasino Casino App f\u00fcr iOS & Android","description":"Laden Sie die Gangsta Sino App auf ein beliebiges Ger\u00e4t herunter und erhalten Sie sofortigen Zugriff auf \u00fcber 6000 Spiele und mehr. Genie\u00dfen Sie sicheres Spielen und 24\/7 Support f\u00fcr unterwegs.","robots":{"index":"index","follow":"follow","max-snippet":"max-snippet:-1","max-image-preview":"max-image-preview:large","max-video-preview":"max-video-preview:-1"},"canonical":"https:\/\/gangsta-sino.net\/de\/app\/","og_locale":"de_DE","og_type":"article","og_title":"Gangstasino Casino App f\u00fcr iOS & Android","og_description":"Laden Sie die Gangsta Sino App auf ein beliebiges Ger\u00e4t herunter und erhalten Sie sofortigen Zugriff auf \u00fcber 6000 Spiele und mehr. Genie\u00dfen Sie sicheres Spielen und 24\/7 Support f\u00fcr unterwegs.","og_url":"https:\/\/gangsta-sino.net\/de\/app\/","og_site_name":"gangstasino","article_modified_time":"2025-10-31T15:12:08+00:00","twitter_card":"summary_large_image","twitter_misc":{"Gesch\u00e4tzte Lesezeit":"2\u00a0Minuten"},"schema":{"@context":"https:\/\/schema.org","@graph":[{"@type":"WebPage","@id":"https:\/\/gangsta-sino.net\/de\/app\/","url":"https:\/\/gangsta-sino.net\/de\/app\/","name":"Gangstasino Casino App f\u00fcr iOS & Android","isPartOf":{"@id":"https:\/\/gangsta-sino.net\/de\/#website"},"datePublished":"2025-10-31T12:46:02+00:00","dateModified":"2025-10-31T15:12:08+00:00","description":"Laden Sie die Gangsta Sino App auf ein beliebiges Ger\u00e4t herunter und erhalten Sie sofortigen Zugriff auf \u00fcber 6000 Spiele und mehr. Genie\u00dfen Sie sicheres Spielen und 24\/7 Support f\u00fcr unterwegs.","breadcrumb":{"@id":"https:\/\/gangsta-sino.net\/de\/app\/#breadcrumb"},"inLanguage":"de","potentialAction":[{"@type":"ReadAction","target":["https:\/\/gangsta-sino.net\/de\/app\/"]}]},{"@type":"BreadcrumbList","@id":"https:\/\/gangsta-sino.net\/de\/app\/#breadcrumb","itemListElement":[{"@type":"ListItem","position":1,"name":"Gangstasino","item":"https:\/\/gangsta-sino.net\/de\/"},{"@type":"ListItem","position":2,"name":"App"}]},{"@type":"WebSite","@id":"https:\/\/gangsta-sino.net\/de\/#website","url":"https:\/\/gangsta-sino.net\/de\/","name":"Gangstasino","description":"","publisher":{"@id":"https:\/\/gangsta-sino.net\/de\/#organization"},"potentialAction":[{"@type":"SearchAction","target":{"@type":"EntryPoint","urlTemplate":"https:\/\/gangsta-sino.net\/de\/?s={search_term_string}"},"query-input":{"@type":"PropertyValueSpecification","valueRequired":true,"valueName":"search_term_string"}}],"inLanguage":"de"},{"@type":"Organization","@id":"https:\/\/gangsta-sino.net\/de\/#organization","name":"Gangstasino","url":"https:\/\/gangsta-sino.net\/de\/","logo":{"@type":"ImageObject","inLanguage":"de","@id":"https:\/\/gangsta-sino.net\/de\/#\/schema\/logo\/image\/","url":"https:\/\/gangsta-sino.net\/wp-content\/uploads\/2025\/08\/80u1FaquEZeR6OUTeJCc.png","contentUrl":"https:\/\/gangsta-sino.net\/wp-content\/uploads\/2025\/08\/80u1FaquEZeR6OUTeJCc.png","width":152,"height":35,"caption":"Gangstasino"},"image":{"@id":"https:\/\/gangsta-sino.net\/de\/#\/schema\/logo\/image\/"}}]}},"_links":{"self":[{"href":"https:\/\/gangsta-sino.net\/de\/wp-json\/wp\/v2\/pages\/1419","targetHints":{"allow":["GET"]}}],"collection":[{"href":"https:\/\/gangsta-sino.net\/de\/wp-json\/wp\/v2\/pages"}],"about":[{"href":"https:\/\/gangsta-sino.net\/de\/wp-json\/wp\/v2\/types\/page"}],"author":[{"embeddable":true,"href":"https:\/\/gangsta-sino.net\/de\/wp-json\/wp\/v2\/users\/1"}],"replies":[{"embeddable":true,"href":"https:\/\/gangsta-sino.net\/de\/wp-json\/wp\/v2\/comments?post=1419"}],"version-history":[{"count":2,"href":"https:\/\/gangsta-sino.net\/de\/wp-json\/wp\/v2\/pages\/1419\/revisions"}],"predecessor-version":[{"id":1657,"href":"https:\/\/gangsta-sino.net\/de\/wp-json\/wp\/v2\/pages\/1419\/revisions\/1657"}],"wp:attachment":[{"href":"https:\/\/gangsta-sino.net\/de\/wp-json\/wp\/v2\/media?parent=1419"}],"curies":[{"name":"wp","href":"https:\/\/api.w.org\/{rel}","templated":true}]}}