{"id":1477,"date":"2025-10-31T12:52:53","date_gmt":"2025-10-31T12:52:53","guid":{"rendered":"https:\/\/gangsta-sino.net\/login-and-registration\/"},"modified":"2025-10-31T15:13:47","modified_gmt":"2025-10-31T15:13:47","slug":"login-and-registration","status":"publish","type":"page","link":"https:\/\/gangsta-sino.net\/de\/login-and-registration\/","title":{"rendered":"Anmeldung und Registrierung"},"content":{"rendered":"<h1>Gangstasino Anmeldung und Kontoer\u00f6ffnung<\/h1>\n<p>Der Gangstasino Login prozess erm\u00f6glicht Ihnen einen schnellen Zugriff auf Spielautomaten, Tischspiele und vieles mehr. Dar\u00fcber hinaus erhalten Sie bei der Registrierung bei Gangstasino weit mehr als nur ein Konto. Sie erhalten Zugang zu all unseren Spielen, Aktionen, Ihrem pers\u00f6nlichen Dashboard mit Statistiken und Guthaben, den Tools f\u00fcr Ein- und Auszahlungen und vielem mehr. Im Wesentlichen verwandelt Sie die Registrierung bei Gangsta Sino von einem Besucher in einen aktiven Spieler, von einem passiven Beobachter in einen Teilnehmer. Sie k\u00f6nnen nun spielen, \u00fcberwachen, verwalten und das Gangstasino Casino-Erlebnis in vollen Z\u00fcgen genie\u00dfen.<\/p>\n<p><div class=\"banner-wrap\" aria-label=\"Banner\"><img src=\"https:\/\/gangsta-sino.net\/wp-content\/uploads\/2025\/11\/Banner-Desktop.png\" class=\"w-100 d-none d-lg-block img-pc main-banner-img\" alt=\"Gangstasino bonus desktop\" fetchpriority=\"high\" decoding=\"async\"><img src=\"https:\/\/gangsta-sino.net\/wp-content\/uploads\/2025\/10\/Gangstasino-bonus-mobile.webp\" class=\"w-100 d-none d-md-block d-lg-none main-banner-img\" alt=\"Gangstasino bonus mobile\" fetchpriority=\"high\" decoding=\"async\"><img src=\"https:\/\/gangsta-sino.net\/wp-content\/uploads\/2025\/10\/Gangstasino-bonus-mobile.webp\" class=\"w-100 d-md-none\" alt=\"Gangstasino bonus mobile\" fetchpriority=\"high\" decoding=\"async\"><div class=\"banner-description\">\n<div class=\"banner-title\">Willkommensboni<\/div>\n<p class=\"banner-header-title\">1500 \u20ac<\/p>\n<div class=\"banner-header-AdditionalText\">+ 250 Freispiele<\/div>\n<button data-item=\"homepage_banner_link\" class=\"goto m-button m-gradient-border m-button--primary m-button--large banner-button btn-orange\">\n            <div class=\"m-button-content\">\n                <span>Jetzt anmelden<\/span>\n                <span><\/span>\n            <\/div>\n        <\/button>\n<\/div>\n<div class=\"WelcomePack\">\n<p><img loading=\"lazy\" decoding=\"async\" class=\"alignnone size-full wp-image-1375\" src=\"https:\/\/gangsta-sino.net\/wp-content\/uploads\/2025\/10\/welcome-crown.svg\" alt=\"crown\" width=\"25\" height=\"26\" \/><\/p>\n<div class=\"WelcomePack-Info\">W\u00f6chentlicher Cashback von bis zu 25 %<\/div>\n<p><img loading=\"lazy\" decoding=\"async\" class=\"alignnone size-full wp-image-1375\" src=\"https:\/\/gangsta-sino.net\/wp-content\/uploads\/2025\/10\/welcome-crown.svg\" alt=\"crown\" width=\"25\" height=\"26\" \/><\/p>\n<\/div>\n<\/div><div class=\"scrollable-content-wrap my-5\"><div class=\"scrollable-content-inner\"><h2>Werden Sie Mitglied bei Gangstasino und beginnen Sie zu spielen<\/h2>\n<p>Wenn Sie sich bei Gangstasino anmelden, k\u00f6nnen Sie unser umfassendes Spielangebot genie\u00dfen, darunter Slots, Tischspiele und Live-Dealer-Erlebnisse. Die Erstellung eines Kontos ist der erste Schritt, um alle unsere Boni und Werbeaktionen zu erhalten. So geht&#8217;s:<\/p>\n<h3>Anleitung zur Kontoeinrichtung<\/h3>\n<p>\u00d6ffnen Sie Ihren bevorzugten Browser auf Ihrem Desktop oder Mobilger\u00e4t und rufen Sie die offizielle Website von Gangstasino Casino auf. Vergewissern Sie sich immer, dass Sie sich auf der richtigen Domain befinden, um Phishing-Seiten zu vermeiden.<\/p>\n<ol>\n<li>Suchen Sie die Schaltfl\u00e4che \u201eAnmelden\u201c.<\/li>\n<li>Bei der Standardregistrierung m\u00fcssen Sie folgende Angaben machen:\n<ul>\n<li>G\u00fcltige E-Mail-Adresse<\/li>\n<li>Passwort (sicher, stark)<\/li>\n<li>Promo-Code (optional)<\/li>\n<\/ul>\n<\/li>\n<li>Allgemeine Gesch\u00e4ftsbedingungen \/ Datenschutzerkl\u00e4rung akzeptieren: Sie m\u00fcssen best\u00e4tigen, dass Sie die von Gangstasino Casino angebotenen Dienste sowie die Datenschutzerkl\u00e4rung, die Richtlinien zum verantwortungsvollen Spielen usw. akzeptieren. Dies wird durch ein K\u00e4stchen angezeigt, das Sie ankreuzen m\u00fcssen.<\/li>\n<\/ol>\n<p>Sobald Sie das Anmeldeformular ausgef\u00fcllt haben, sollten Sie auf \u201eAnmelden\u201d klicken k\u00f6nnen.<\/p>\n<p>Sobald Sie sich angemeldet haben, k\u00f6nnen Sie unsere vielf\u00e4ltige Auswahl an Boni und Pr\u00e4mien nutzen. Mit jeder Einzahlung und jeder Gangstasino-Anmeldung erhalten Sie Pr\u00e4mien, darunter Willkommensboni, w\u00f6chentliche Cashbacks, Wochenendboni und vieles mehr. Bei Fragen wenden Sie sich bitte \u00fcber den Live-Chat an uns.<\/p>\n<h2>Kontozugriff und -kontrolle bei Gangstasino<\/h2>\n<p>Nachdem Ihr Gangstasino Casino-Konto registriert und aktiviert wurde, m\u00fcssen Sie als N\u00e4chstes lernen, wie Sie sich einloggen und welche Aktivit\u00e4ten Ihnen in Ihrem Spielerkonto zur Verf\u00fcgung stehen.<\/p>\n<h3>So melden Sie sich an<\/h3>\n<ol>\n<li>\u00d6ffnen Sie auf einem Desktop- oder Mobilger\u00e4t einen Webbrowser und navigieren Sie zur Seite Gangstasino-Anmeldung.<\/li>\n<li>Die Anmeldeschaltfl\u00e4che finden Sie oben rechts auf der Seite.<\/li>\n<li>Geben Sie Ihre E-Mail-Adresse und Ihr Passwort in die erforderlichen Felder ein.<\/li>\n<li>Klicken Sie dann auf die Schaltfl\u00e4che Gangstasino-Anmeldung.<\/li>\n<\/ol>\n<p>Sobald das Gangsta Sino-System die Richtigkeit Ihres Passworts und Benutzernamens best\u00e4tigt hat, werden Sie zur Hauptlobby Ihres Kontos weitergeleitet, die auch als Konto-Dashboard bezeichnet wird.<\/p>\n<p>Beachten Sie, dass Sie nur die offizielle Website Gangsta Sino verwenden sollten. Verwenden Sie keine inoffiziellen Links, die m\u00f6glicherweise gef\u00e4lschte Anmeldedaten enthalten.<\/p>\n<p>Sobald Sie sich einloggen, stehen Ihnen im Fenster Ihres Gangstasino Casino-Kontos eine Reihe von Steuerungselementen und Funktionen zur Verf\u00fcgung. Zu den g\u00e4ngigen Funktionen geh\u00f6ren:<\/p>\n<ul>\n<li>Slot-Spiele &amp; Jackpots<\/li>\n<li>Einlagen<\/li>\n<li>R\u00fcckzug<\/li>\n<li>Verwaltung von Boni und Werbeaktionen<\/li>\n<li>Spielverlauf<\/li>\n<li>Zugang zu unserem VIP-\/Treueprogramm<\/li>\n<li>Support-Team und Hilfezentrum<\/li>\n<\/ul>\n<h3>So setzen Sie Ihre Anmeldedaten zur\u00fcck<\/h3>\n<p>Wenn Sie sich nicht an Ihr Passwort erinnern k\u00f6nnen, gehen Sie wie folgt vor:<\/p>\n<ol>\n<li>Unterhalb der Anmeldedaten finden Sie die Option \u201ePasswort vergessen?\u201c.<\/li>\n<li>Geben Sie die E-Mail-Adresse ein, die mit Ihrem Gangstasino-Konto verkn\u00fcpft ist.<\/li>\n<li>Sie erhalten eine E-Mail mit Anweisungen. Befolgen Sie diese, um Ihr Passwort zur\u00fcckzusetzen.<\/li>\n<li>Stellen Sie sicher, dass Ihr neues Passwort sicher ist und eine Kombination aus Gro\u00df- und Kleinbuchstaben, Zahlen und Sonderzeichen enth\u00e4lt.<\/li>\n<li>Melden Sie sich mit dem neuen Passwort an.<\/li>\n<\/ol>\n<h2>Spieler-Verifizierungsprozess<\/h2>\n<p>Sobald Sie Ihre erste Einzahlung get\u00e4tigt und sich angemeldet haben, werden wir eine Spieler\u00fcberpr\u00fcfung, auch bekannt als Know Your Customer oder KYC, verlangen, bevor wir bestimmte Auszahlungen oder h\u00f6here Limits zulassen. Dies dient sowohl Ihrem Schutz als auch gesetzlichen und regulatorischen Verpflichtungen.<\/p>\n<h3>Was Sie m\u00f6glicherweise einreichen m\u00fcssen<\/h3>\n<p>Je nach Land und den Richtlinien von Gangstasino bitten wir Sie um folgende Angaben:<\/p>\n<ul>\n<li>Ein von einer Beh\u00f6rde ausgestellter und nicht abgelaufener Ausweis, wie beispielsweise ein Reisepass, F\u00fchrerschein oder Personalausweis, auf dem Ihr vollst\u00e4ndiger Name und Ihr Foto zu sehen sind.<\/li>\n<li>Ein aktuelles Dokument, das Ihre Adresse elektronisch nachweist oder belegt, z. B. eine Stromrechnung, ein Kontoauszug oder ein amtliches Dokument, das nicht \u00e4lter als 3 bis 6 Monate ist, um zu best\u00e4tigen, dass Ihre Adresse mit der in Ihrem Profil \u00fcbereinstimmt.<\/li>\n<li>Zur Identit\u00e4tspr\u00fcfung kann ein Selfie oder ein Live-Video erforderlich sein.<\/li>\n<\/ul>\n<h3>So reichen Sie Ihre Unterlagen ein<\/h3>\n<p>Mit Gangsta Sino, ist unser KYC-Verifizierungsprozess einfach:<\/p>\n<ol>\n<li>Rufen Sie Ihr Gangstasino-Konto auf und klicken Sie oben rechts im Dashboard auf Ihr Profil.<\/li>\n<li>W\u00e4hlen Sie \u201eVerifizierung\u201c.<\/li>\n<li>W\u00e4hlen Sie aus, welchen amtlichen Ausweis Sie verwenden m\u00f6chten.<\/li>\n<li>Laden Sie alle erforderlichen Dokumente hoch.<\/li>\n<li>Klicken Sie auf \u201eSenden\u201c, wenn Sie fertig sind.<\/li>\n<\/ol>\n<p>Hier sind die Anforderungen f\u00fcr jede ID, die Sie verwenden werden:<\/p>\n<table>\n<tbody>\n<tr>\n<td>ID-Typ<\/td>\n<td>Hochzuladende Dokumente<\/td>\n<\/tr>\n<tr>\n<td>Reisepass<\/td>\n<td>Pass-ID-Seite<\/p>\n<p>Aktuelles Selfie-Foto<\/p>\n<p>Wohnsitznachweis (Stromrechnung oder Kontoauszug)<\/td>\n<\/tr>\n<tr>\n<td>F\u00fchrerschein<\/td>\n<td>Vorder- und R\u00fcckseite des F\u00fchrerscheins<\/td>\n<\/tr>\n<tr>\n<td>Personalausweis<\/td>\n<td>Vorder- und R\u00fcckseite des Personalausweises<\/td>\n<\/tr>\n<tr>\n<td>Aufenthaltsgenehmigung<\/td>\n<td>Nur Aufenthaltsgenehmigungsdokument<\/td>\n<\/tr>\n<\/tbody>\n<\/table>\n<p>Wir werden Ihre Dokumente pr\u00fcfen (dies dauert in der Regel 24 bis 48 Stunden, m\u00f6glicherweise auch l\u00e4nger). Sobald Ihre Dokumente gepr\u00fcft wurden, werden Sie \u00fcber den Status Ihrer Kontoverifizierung informiert (entweder per E-Mail oder in Ihrem Konto).<\/p>\n<p>Unser Live-Chat-Supportteam steht Ihnen f\u00fcr Hilfe in Echtzeit zur Verf\u00fcgung, da wir die Beantwortung Ihrer Fragen, egal ob sie Ihr Konto, technische Probleme oder andere Themen betreffen, priorisieren. Wir bieten auch mehrsprachigen Support, sprechen Sie also bitte in der Sprache mit uns, in der Sie sich am wohlsten f\u00fchlen.<\/p>\n<h2>H\u00e4ufig gestellte Fragen<\/h2>\n<h3>Was soll ich tun, wenn ich mein Passwort oder meine Anmeldedaten vergessen habe?<\/h3>\n<p>Um Ihr Passwort zur\u00fcckzusetzen, gehen Sie zur Seite Gangstasino-Anmeldung und klicken Sie auf den Link \u201ePasswort vergessen?\u201c. Geben Sie Ihre registrierte E-Mail-Adresse ein und \u00fcberpr\u00fcfen Sie Ihre E-Mails auf Anweisungen zum Festlegen eines neuen Passworts.<\/p>\n<h3>Warum muss ich mein Gangstasino-Konto verifizieren?<\/h3>\n<p>Um sicherzustellen, dass Sie der sind, f\u00fcr den Sie sich ausgeben, alt genug sind, um zu spielen, Ihre Finanzen sicher sind und Sie die gesetzlichen Anforderungen und Vorschriften zur Bek\u00e4mpfung von Geldw\u00e4sche erf\u00fcllen, muss Gangstasino Casino einige \u00dcberpr\u00fcfungen durchf\u00fchren.<\/p>\n<h3>Kann ich meine pers\u00f6nlichen Daten nach der Registrierung aktualisieren?<\/h3>\n<p>Sobald Sie angemeldet sind, k\u00f6nnen Sie \u00fcber das Konto-Dashboard Aktualisierungen vornehmen. Hier sind einige der Details, die Sie bearbeiten k\u00f6nnen: Passwort, E-Mail-Adresse, Telefonnummer, Sprache, Zahlungsmethoden usw.<\/p>\n<\/div><\/div><\/p>\n","protected":false},"excerpt":{"rendered":"<p>Gangstasino Anmeldung und Kontoer\u00f6ffnung Der Gangstasino Login prozess erm\u00f6glicht Ihnen einen schnellen Zugriff auf Spielautomaten, Tischspiele und vieles mehr. Dar\u00fcber hinaus erhalten Sie bei der Registrierung bei Gangstasino weit mehr als nur ein Konto. Sie erhalten Zugang zu all unseren Spielen, Aktionen, Ihrem pers\u00f6nlichen Dashboard mit Statistiken und Guthaben, den Tools f\u00fcr Ein- und Auszahlungen [&hellip;]<\/p>\n","protected":false},"author":1,"featured_media":0,"parent":0,"menu_order":0,"comment_status":"closed","ping_status":"closed","template":"template-builder.php","meta":{"_acf_changed":false,"inline_featured_image":false,"footnotes":""},"class_list":["post-1477","page","type-page","status-publish","hentry"],"acf":[],"yoast_head":"<!-- This site is optimized with the Yoast SEO plugin v27.3 - https:\/\/yoast.com\/product\/yoast-seo-wordpress\/ -->\n<title>Gangstasino Login | Sicherer Kontozugriff und Registrierung<\/title>\n<meta name=\"description\" content=\"Ihr Gangsta-Sino-Login ist Ihr Schl\u00fcssel zu Tausenden von Spielen. Melden Sie sich an, um zu spielen oder ein neues Konto zu registrieren, schlie\u00dfen Sie die sichere Verifizierung ab, verwalten Sie Ihr Guthaben und kontaktieren Sie den 24\/7-Support.\" \/>\n<meta name=\"robots\" content=\"index, follow, max-snippet:-1, max-image-preview:large, max-video-preview:-1\" \/>\n<link rel=\"canonical\" href=\"https:\/\/gangsta-sino.net\/de\/login-and-registration\/\" \/>\n<meta property=\"og:locale\" content=\"de_DE\" \/>\n<meta property=\"og:type\" content=\"article\" \/>\n<meta property=\"og:title\" content=\"Gangstasino Login | Sicherer Kontozugriff und Registrierung\" \/>\n<meta property=\"og:description\" content=\"Ihr Gangsta-Sino-Login ist Ihr Schl\u00fcssel zu Tausenden von Spielen. Melden Sie sich an, um zu spielen oder ein neues Konto zu registrieren, schlie\u00dfen Sie die sichere Verifizierung ab, verwalten Sie Ihr Guthaben und kontaktieren Sie den 24\/7-Support.\" \/>\n<meta property=\"og:url\" content=\"https:\/\/gangsta-sino.net\/de\/login-and-registration\/\" \/>\n<meta property=\"og:site_name\" content=\"gangstasino\" \/>\n<meta property=\"article:modified_time\" content=\"2025-10-31T15:13:47+00:00\" \/>\n<meta name=\"twitter:card\" content=\"summary_large_image\" \/>\n<meta name=\"twitter:label1\" content=\"Gesch\u00e4tzte Lesezeit\" \/>\n\t<meta name=\"twitter:data1\" content=\"1\u00a0Minute\" \/>\n<script type=\"application\/ld+json\" class=\"yoast-schema-graph\">{\"@context\":\"https:\\\/\\\/schema.org\",\"@graph\":[{\"@type\":\"WebPage\",\"@id\":\"https:\\\/\\\/gangsta-sino.net\\\/de\\\/login-and-registration\\\/\",\"url\":\"https:\\\/\\\/gangsta-sino.net\\\/de\\\/login-and-registration\\\/\",\"name\":\"Gangstasino Login | Sicherer Kontozugriff und Registrierung\",\"isPartOf\":{\"@id\":\"https:\\\/\\\/gangsta-sino.net\\\/de\\\/#website\"},\"datePublished\":\"2025-10-31T12:52:53+00:00\",\"dateModified\":\"2025-10-31T15:13:47+00:00\",\"description\":\"Ihr Gangsta-Sino-Login ist Ihr Schl\u00fcssel zu Tausenden von Spielen. Melden Sie sich an, um zu spielen oder ein neues Konto zu registrieren, schlie\u00dfen Sie die sichere Verifizierung ab, verwalten Sie Ihr Guthaben und kontaktieren Sie den 24\\\/7-Support.\",\"breadcrumb\":{\"@id\":\"https:\\\/\\\/gangsta-sino.net\\\/de\\\/login-and-registration\\\/#breadcrumb\"},\"inLanguage\":\"de\",\"potentialAction\":[{\"@type\":\"ReadAction\",\"target\":[\"https:\\\/\\\/gangsta-sino.net\\\/de\\\/login-and-registration\\\/\"]}]},{\"@type\":\"BreadcrumbList\",\"@id\":\"https:\\\/\\\/gangsta-sino.net\\\/de\\\/login-and-registration\\\/#breadcrumb\",\"itemListElement\":[{\"@type\":\"ListItem\",\"position\":1,\"name\":\"Gangstasino\",\"item\":\"https:\\\/\\\/gangsta-sino.net\\\/de\\\/\"},{\"@type\":\"ListItem\",\"position\":2,\"name\":\"Anmeldung und Registrierung\"}]},{\"@type\":\"WebSite\",\"@id\":\"https:\\\/\\\/gangsta-sino.net\\\/de\\\/#website\",\"url\":\"https:\\\/\\\/gangsta-sino.net\\\/de\\\/\",\"name\":\"Gangstasino\",\"description\":\"\",\"publisher\":{\"@id\":\"https:\\\/\\\/gangsta-sino.net\\\/de\\\/#organization\"},\"potentialAction\":[{\"@type\":\"SearchAction\",\"target\":{\"@type\":\"EntryPoint\",\"urlTemplate\":\"https:\\\/\\\/gangsta-sino.net\\\/de\\\/?s={search_term_string}\"},\"query-input\":{\"@type\":\"PropertyValueSpecification\",\"valueRequired\":true,\"valueName\":\"search_term_string\"}}],\"inLanguage\":\"de\"},{\"@type\":\"Organization\",\"@id\":\"https:\\\/\\\/gangsta-sino.net\\\/de\\\/#organization\",\"name\":\"Gangstasino\",\"url\":\"https:\\\/\\\/gangsta-sino.net\\\/de\\\/\",\"logo\":{\"@type\":\"ImageObject\",\"inLanguage\":\"de\",\"@id\":\"https:\\\/\\\/gangsta-sino.net\\\/de\\\/#\\\/schema\\\/logo\\\/image\\\/\",\"url\":\"https:\\\/\\\/gangsta-sino.net\\\/wp-content\\\/uploads\\\/2025\\\/08\\\/80u1FaquEZeR6OUTeJCc.png\",\"contentUrl\":\"https:\\\/\\\/gangsta-sino.net\\\/wp-content\\\/uploads\\\/2025\\\/08\\\/80u1FaquEZeR6OUTeJCc.png\",\"width\":152,\"height\":35,\"caption\":\"Gangstasino\"},\"image\":{\"@id\":\"https:\\\/\\\/gangsta-sino.net\\\/de\\\/#\\\/schema\\\/logo\\\/image\\\/\"}}]}<\/script>\n<!-- \/ Yoast SEO plugin. -->","yoast_head_json":{"title":"Gangstasino Login | Sicherer Kontozugriff und Registrierung","description":"Ihr Gangsta-Sino-Login ist Ihr Schl\u00fcssel zu Tausenden von Spielen. Melden Sie sich an, um zu spielen oder ein neues Konto zu registrieren, schlie\u00dfen Sie die sichere Verifizierung ab, verwalten Sie Ihr Guthaben und kontaktieren Sie den 24\/7-Support.","robots":{"index":"index","follow":"follow","max-snippet":"max-snippet:-1","max-image-preview":"max-image-preview:large","max-video-preview":"max-video-preview:-1"},"canonical":"https:\/\/gangsta-sino.net\/de\/login-and-registration\/","og_locale":"de_DE","og_type":"article","og_title":"Gangstasino Login | Sicherer Kontozugriff und Registrierung","og_description":"Ihr Gangsta-Sino-Login ist Ihr Schl\u00fcssel zu Tausenden von Spielen. Melden Sie sich an, um zu spielen oder ein neues Konto zu registrieren, schlie\u00dfen Sie die sichere Verifizierung ab, verwalten Sie Ihr Guthaben und kontaktieren Sie den 24\/7-Support.","og_url":"https:\/\/gangsta-sino.net\/de\/login-and-registration\/","og_site_name":"gangstasino","article_modified_time":"2025-10-31T15:13:47+00:00","twitter_card":"summary_large_image","twitter_misc":{"Gesch\u00e4tzte Lesezeit":"1\u00a0Minute"},"schema":{"@context":"https:\/\/schema.org","@graph":[{"@type":"WebPage","@id":"https:\/\/gangsta-sino.net\/de\/login-and-registration\/","url":"https:\/\/gangsta-sino.net\/de\/login-and-registration\/","name":"Gangstasino Login | Sicherer Kontozugriff und Registrierung","isPartOf":{"@id":"https:\/\/gangsta-sino.net\/de\/#website"},"datePublished":"2025-10-31T12:52:53+00:00","dateModified":"2025-10-31T15:13:47+00:00","description":"Ihr Gangsta-Sino-Login ist Ihr Schl\u00fcssel zu Tausenden von Spielen. Melden Sie sich an, um zu spielen oder ein neues Konto zu registrieren, schlie\u00dfen Sie die sichere Verifizierung ab, verwalten Sie Ihr Guthaben und kontaktieren Sie den 24\/7-Support.","breadcrumb":{"@id":"https:\/\/gangsta-sino.net\/de\/login-and-registration\/#breadcrumb"},"inLanguage":"de","potentialAction":[{"@type":"ReadAction","target":["https:\/\/gangsta-sino.net\/de\/login-and-registration\/"]}]},{"@type":"BreadcrumbList","@id":"https:\/\/gangsta-sino.net\/de\/login-and-registration\/#breadcrumb","itemListElement":[{"@type":"ListItem","position":1,"name":"Gangstasino","item":"https:\/\/gangsta-sino.net\/de\/"},{"@type":"ListItem","position":2,"name":"Anmeldung und Registrierung"}]},{"@type":"WebSite","@id":"https:\/\/gangsta-sino.net\/de\/#website","url":"https:\/\/gangsta-sino.net\/de\/","name":"Gangstasino","description":"","publisher":{"@id":"https:\/\/gangsta-sino.net\/de\/#organization"},"potentialAction":[{"@type":"SearchAction","target":{"@type":"EntryPoint","urlTemplate":"https:\/\/gangsta-sino.net\/de\/?s={search_term_string}"},"query-input":{"@type":"PropertyValueSpecification","valueRequired":true,"valueName":"search_term_string"}}],"inLanguage":"de"},{"@type":"Organization","@id":"https:\/\/gangsta-sino.net\/de\/#organization","name":"Gangstasino","url":"https:\/\/gangsta-sino.net\/de\/","logo":{"@type":"ImageObject","inLanguage":"de","@id":"https:\/\/gangsta-sino.net\/de\/#\/schema\/logo\/image\/","url":"https:\/\/gangsta-sino.net\/wp-content\/uploads\/2025\/08\/80u1FaquEZeR6OUTeJCc.png","contentUrl":"https:\/\/gangsta-sino.net\/wp-content\/uploads\/2025\/08\/80u1FaquEZeR6OUTeJCc.png","width":152,"height":35,"caption":"Gangstasino"},"image":{"@id":"https:\/\/gangsta-sino.net\/de\/#\/schema\/logo\/image\/"}}]}},"_links":{"self":[{"href":"https:\/\/gangsta-sino.net\/de\/wp-json\/wp\/v2\/pages\/1477","targetHints":{"allow":["GET"]}}],"collection":[{"href":"https:\/\/gangsta-sino.net\/de\/wp-json\/wp\/v2\/pages"}],"about":[{"href":"https:\/\/gangsta-sino.net\/de\/wp-json\/wp\/v2\/types\/page"}],"author":[{"embeddable":true,"href":"https:\/\/gangsta-sino.net\/de\/wp-json\/wp\/v2\/users\/1"}],"replies":[{"embeddable":true,"href":"https:\/\/gangsta-sino.net\/de\/wp-json\/wp\/v2\/comments?post=1477"}],"version-history":[{"count":2,"href":"https:\/\/gangsta-sino.net\/de\/wp-json\/wp\/v2\/pages\/1477\/revisions"}],"predecessor-version":[{"id":1659,"href":"https:\/\/gangsta-sino.net\/de\/wp-json\/wp\/v2\/pages\/1477\/revisions\/1659"}],"wp:attachment":[{"href":"https:\/\/gangsta-sino.net\/de\/wp-json\/wp\/v2\/media?parent=1477"}],"curies":[{"name":"wp","href":"https:\/\/api.w.org\/{rel}","templated":true}]}}