{"id":1427,"date":"2025-10-31T12:46:02","date_gmt":"2025-10-31T12:46:02","guid":{"rendered":"https:\/\/gangsta-sino.net\/app\/"},"modified":"2025-11-03T10:00:00","modified_gmt":"2025-11-03T10:00:00","slug":"aplicacion","status":"publish","type":"page","link":"https:\/\/gangsta-sino.net\/es\/aplicacion\/","title":{"rendered":"Aplicaci\u00f3n"},"content":{"rendered":"<h1>Aplicaci\u00f3n Gangstasino Casino para iOS y Android<\/h1>\n<p>La Gangstasino app ofrece una experiencia de juego de alta calidad en tu ordenador y dispositivos m\u00f3viles que puedes disfrutar en cualquier momento y lugar. Gangstasino Casino est\u00e1 optimizado para dispositivos m\u00f3viles, tanto Android como iOS, y es totalmente compatible con Windows y macOS. Este grado de accesibilidad ofrece a los espa\u00f1oles un entretenimiento de casino global de primera calidad.<\/p>\n<div class=\"banner-wrap\" aria-label=\"Banner\"><img src=\"https:\/\/gangsta-sino.net\/wp-content\/uploads\/2025\/11\/Banner-Desktop.png\" class=\"w-100 d-none d-lg-block img-pc main-banner-img\" alt=\"Gangstasino bonus desktop\" fetchpriority=\"high\" decoding=\"async\"><img src=\"https:\/\/gangsta-sino.net\/wp-content\/uploads\/2025\/10\/Gangstasino-bonus-mobile.webp\" class=\"w-100 d-none d-md-block d-lg-none main-banner-img\" alt=\"Gangstasino bonus mobile\" fetchpriority=\"high\" decoding=\"async\"><img src=\"https:\/\/gangsta-sino.net\/wp-content\/uploads\/2025\/10\/Gangstasino-bonus-mobile.webp\" class=\"w-100 d-md-none\" alt=\"Gangstasino bonus mobile\" fetchpriority=\"high\" decoding=\"async\"><div class=\"banner-description\">\n<div class=\"banner-title\">Bonos de Bienvenida<\/div>\n<p class=\"banner-header-title\">1500 \u20ac<\/p>\n<div class=\"banner-header-AdditionalText\">+ 250 Giros Gratis<\/div>\n<button data-item=\"homepage_banner_link\" class=\"goto m-button m-gradient-border m-button--primary m-button--large banner-button btn-orange\">\n            <div class=\"m-button-content\">\n                <span>Reg\u00edstrese Ahora<\/span>\n                <span><\/span>\n            <\/div>\n        <\/button>\n<\/div>\n<div class=\"WelcomePack\">\n<p><img loading=\"lazy\" decoding=\"async\" class=\"alignnone size-full wp-image-1375\" src=\"https:\/\/gangsta-sino.net\/wp-content\/uploads\/2025\/10\/welcome-crown.svg\" alt=\"crown\" width=\"25\" height=\"26\" \/><\/p>\n<div class=\"WelcomePack-Info\">Cashback Semanal hasta 25%<\/div>\n<p><img loading=\"lazy\" decoding=\"async\" class=\"alignnone size-full wp-image-1375\" src=\"https:\/\/gangsta-sino.net\/wp-content\/uploads\/2025\/10\/welcome-crown.svg\" alt=\"crown\" width=\"25\" height=\"26\" \/><\/p>\n<\/div>\n<\/div>\n<h2>Gangstasino App Features and Benefits<\/h2>\n<p>La aplicaci\u00f3n m\u00f3vil Gangstasino Casino satisface las necesidades de todos los jugadores exigentes que buscan velocidad, seguridad y funcionalidad. Esta aplicaci\u00f3n es m\u00e1s que un complemento de casino m\u00f3vil; es un centro de juego completo, altamente funcional y orientado al rendimiento.<\/p>\n<h3>Caracter\u00edsticas principales<\/h3>\n<ul>\n<li>Disfruta de tiempos de carga m\u00e1s r\u00e1pidos y una experiencia de juego m\u00e1s fluida que la que ofrece la versi\u00f3n para ordenador.<\/li>\n<li>Navegaci\u00f3n sencilla y controles gestuales, as\u00ed como una interfaz totalmente optimizada para pantallas peque\u00f1as.<\/li>\n<li>Est\u00e9 atento a los bonos exclusivos, torneos y ofertas con relojes de cuenta atr\u00e1s.<\/li>\n<li>Tus datos y pagos est\u00e1n seguros con nosotros: utilizamos cifrado de extremo a extremo.<\/li>\n<li>Tu cuenta est\u00e1 totalmente sincronizada entre todos los dispositivos. Empieza en el m\u00f3vil y contin\u00faa en el ordenador sin interrupciones.<\/li>\n<\/ul>\n<p>La aplicaci\u00f3n Gangstasino ofrece una experiencia incre\u00edble en tragamonedas en l\u00ednea, con las ventajas a\u00f1adidas de la conectividad a trav\u00e9s de notificaciones, la comodidad y la portabilidad. Para los usuarios que buscan una experiencia de casino completa con barreras de entrada m\u00ednimas, Gangstasino Casino es una posibilidad ilimitada como aplicaci\u00f3n. Sin embargo, para los usuarios que buscan sesiones de juego largas, la comodidad de una pantalla grande, la posibilidad de sumergirse en un dispositivo o la facilidad de realizar m\u00faltiples tareas, las ventajas de la versi\u00f3n para PC de Gangstasino Casino son dif\u00edciles de negar.<\/p>\n<h3>M\u00f3vil frente a PC<\/h3>\n<table>\n<tbody>\n<tr>\n<td>Caracter\u00edstica<\/td>\n<td>Aplicaci\u00f3n m\u00f3vil<\/td>\n<td>PC\/Ordenador de sobremesa<\/td>\n<\/tr>\n<tr>\n<td>Portabilidad<\/td>\n<td>Juega sobre la marcha<\/td>\n<td>\u00dasese solo en un lugar.<\/td>\n<\/tr>\n<tr>\n<td>Notificaciones<\/td>\n<td>Alertas en tiempo real<\/td>\n<td>Ninguno, a menos que haya un navegador abierto.<\/td>\n<\/tr>\n<tr>\n<td>Interfaz<\/td>\n<td>T\u00e1ctil<\/td>\n<td>Pantalla completa con dise\u00f1o detallado<\/td>\n<\/tr>\n<tr>\n<td>Acceso al juego<\/td>\n<td>Biblioteca completa de juegos<\/td>\n<td>Igual o ligeramente superior<\/td>\n<\/tr>\n<tr>\n<td>Tama\u00f1o de pantalla<\/td>\n<td>Pantalla m\u00e1s peque\u00f1a<\/td>\n<td>Im\u00e1genes m\u00e1s grandes y de mejor calidad.<\/td>\n<\/tr>\n<tr>\n<td>Controles<\/td>\n<td>Controles t\u00e1ctiles<\/td>\n<td>Teclado y rat\u00f3n<\/td>\n<\/tr>\n<tr>\n<td>Rendimiento<\/td>\n<td>R\u00e1pido y optimizado para dispositivos m\u00f3viles<\/td>\n<td>Maneja mejor los gr\u00e1ficos pesados.<\/td>\n<\/tr>\n<tr>\n<td>Bater\u00eda y datos<\/td>\n<td>Utiliza bater\u00eda y datos m\u00f3viles.<\/td>\n<td>Energ\u00eda el\u00e9ctrica e Internet estables<\/td>\n<\/tr>\n<tr>\n<td>Sesiones largas<\/td>\n<td>Menos c\u00f3modo<\/td>\n<td>Mejor para un juego prolongado<\/td>\n<\/tr>\n<tr>\n<td>Sincronizaci\u00f3n de cuentas<\/td>\n<td colspan=\"2\">La misma cuenta en todos los dispositivos<\/td>\n<\/tr>\n<tr>\n<td>Chat en vivo Asistencia<\/td>\n<td colspan=\"2\">Equipo de asistencia disponible las 24 horas del d\u00eda, los 7 d\u00edas de la semana, accesible directamente desde la aplicaci\u00f3n y desde la web.<\/td>\n<\/tr>\n<\/tbody>\n<\/table>\n<p>La aplicaci\u00f3n Gangstasino es la versi\u00f3n m\u00e1s funcional. Ya sea que est\u00e9s girando los carretes, jugando una mano de p\u00f3quer o participando en un juego con crupier en vivo, los juegos m\u00f3viles ofrecen una experiencia premium sin concesiones.<\/p>\n<p><div style=\"clear: both\"><\/div><div class=\"d-flex justify-content-center\"><button data-item=\"decouvrez_link\" data-group=\"website_links\" class=\"goto fw-bold rounded-pill btn btn-orange\" aria-label=\"Descargar la aplicaci\u00f3n Gangstasino\" >Descargar la aplicaci\u00f3n Gangstasino<\/button><\/div><div class=\"scrollable-content-wrap my-5\"><div class=\"scrollable-content-inner\"><h2>Gangsta Sino Aplicaci\u00f3n m\u00f3vil para dispositivos iOS<\/h2>\n<p>Tus juegos favoritos est\u00e1n a solo un toque de distancia. A continuaci\u00f3n te explicamos c\u00f3mo a\u00f1adir la aplicaci\u00f3n Gangstasino a la pantalla de inicio de tu dispositivo iOS:<\/p>\n<ol>\n<li>Abre Safari en tu dispositivo Apple.<\/li>\n<li>Visita el sitio web oficial de Gangsta Sino.<\/li>\n<li>Toca el icono Compartir (situado en la parte inferior de la pantalla).<\/li>\n<li>Despl\u00e1cese hacia abajo y seleccione \u00abA\u00f1adir a la pantalla de inicio\u00bb.<\/li>\n<li>Pulsa \u00abA\u00f1adir\u00bb para confirmar.<\/li>\n<\/ol>\n<p>Despu\u00e9s de esto, el icono de la aplicaci\u00f3n Gangstasino aparecer\u00e1 en tu pantalla de inicio, igual que una aplicaci\u00f3n nativa. Puedes pulsarlo en cualquier momento para iniciar directamente la experiencia de juego completa.<\/p>\n<p><img loading=\"lazy\" decoding=\"async\" class=\"alignnone size-full wp-image-1393\" src=\"https:\/\/gangsta-sino.net\/wp-content\/uploads\/2025\/10\/Gangstasino-App-iOS.webp\" alt=\"Gangstasino App iOS\" width=\"1248\" height=\"536\" srcset=\"https:\/\/gangsta-sino.net\/wp-content\/uploads\/2025\/10\/Gangstasino-App-iOS.webp 1248w, https:\/\/gangsta-sino.net\/wp-content\/uploads\/2025\/10\/Gangstasino-App-iOS-300x129.webp 300w, https:\/\/gangsta-sino.net\/wp-content\/uploads\/2025\/10\/Gangstasino-App-iOS-1024x440.webp 1024w, https:\/\/gangsta-sino.net\/wp-content\/uploads\/2025\/10\/Gangstasino-App-iOS-768x330.webp 768w\" sizes=\"auto, (max-width: 1248px) 100vw, 1248px\" \/><\/p>\n<\/div><\/div><div style=\"clear: both\"><\/div><div class=\"d-flex justify-content-center\"><button data-item=\"decouvrez_link\" data-group=\"website_links\" class=\"goto fw-bold rounded-pill btn btn-orange\" aria-label=\"Descargar Gangstasino\" >Descargar Gangstasino<\/button><\/div><div class=\"scrollable-content-wrap my-5\"><div class=\"scrollable-content-inner\"><h2>Aplicaci\u00f3n m\u00f3vil para usuarios de Android<\/h2>\n<p>Gangstasino Casino ofrece una experiencia r\u00e1pida, fiable y totalmente optimizada para Android, sin las molestias de los APK ni instalaciones de terceros. Puedes instalar nuestra aplicaci\u00f3n web progresiva directamente a trav\u00e9s de tu navegador en un solo paso.<\/p>\n<p>Para tener la aplicaci\u00f3n Gangsta Sino en tu Android:<\/p>\n<ol>\n<li>Abre el navegador de tu m\u00f3vil y ve al sitio web oficial de Gangstasino.<\/li>\n<li>Navega hasta el bot\u00f3n de men\u00fa situado en la parte inferior izquierda de la pantalla.<\/li>\n<li>Haga clic en Instalar y obtendr\u00e1 informaci\u00f3n detallada.<\/li>\n<li>Abre la aplicaci\u00f3n, inicia sesi\u00f3n y podr\u00e1s empezar a jugar.<\/li>\n<\/ol>\n<p>Con la PWA Gangstasino, tendr\u00e1s acceso inmediato. Podr\u00e1s iniciar sesi\u00f3n de forma segura y disfrutar de una experiencia de juego fluida, sin necesidad de descargas ni actualizaciones. No instales el archivo APK de Gangstasino desde sitios de terceros.<\/p>\n<p><img loading=\"lazy\" decoding=\"async\" class=\"alignnone size-full wp-image-1394\" src=\"https:\/\/gangsta-sino.net\/wp-content\/uploads\/2025\/10\/Gangstasino-App-Android.webp\" alt=\"Gangstasino App Android\" width=\"1248\" height=\"536\" srcset=\"https:\/\/gangsta-sino.net\/wp-content\/uploads\/2025\/10\/Gangstasino-App-Android.webp 1248w, https:\/\/gangsta-sino.net\/wp-content\/uploads\/2025\/10\/Gangstasino-App-Android-300x129.webp 300w, https:\/\/gangsta-sino.net\/wp-content\/uploads\/2025\/10\/Gangstasino-App-Android-1024x440.webp 1024w, https:\/\/gangsta-sino.net\/wp-content\/uploads\/2025\/10\/Gangstasino-App-Android-768x330.webp 768w\" sizes=\"auto, (max-width: 1248px) 100vw, 1248px\" \/><\/p>\n<\/div><\/div><div style=\"clear: both\"><\/div><div class=\"d-flex justify-content-center\"><button data-item=\"decouvrez_link\" data-group=\"website_links\" class=\"goto fw-bold rounded-pill btn btn-orange\" aria-label=\"Descargar la aplicaci\u00f3n Gangstasino\" >Descargar la aplicaci\u00f3n Gangstasino<\/button><\/div><div class=\"scrollable-content-wrap my-5\"><div class=\"scrollable-content-inner\"><h2>Juega en Windows o Mac con Gangstasino<\/h2>\n<p>Los juegos que m\u00e1s te gustan ahora son m\u00e1s accesibles que nunca. Disfruta de tiempos de retirada r\u00e1pidos, asignaci\u00f3n de bonificaciones gamificadas, acceso instant\u00e1neo a tus bonificaciones favoritas y juego sin l\u00edmites durante emocionantes torneos. Todas tus atracciones en Gangstasino casino ahora son m\u00e1s r\u00e1pidas y eficientes.<\/p>\n<p>Pasos para instalar Gangsta Sino en tu Windows o Mac:<\/p>\n<ol>\n<li>Abre Chrome en ordenadores con Windows o Safari en ordenadores Mac.<\/li>\n<li>Accede a la p\u00e1gina web oficial de Gangstasino.<\/li>\n<li>Busca el bot\u00f3n \u00abAplicaci\u00f3n del casino\u00bb en el extremo derecho de la barra de direcciones.<\/li>\n<li>A continuaci\u00f3n, siga las instrucciones.<\/li>\n<\/ol>\n<p>Una vez que hayas completado el proceso de verificaci\u00f3n, la aplicaci\u00f3n Gangstasino se a\u00f1adir\u00e1 a tu escritorio o al men\u00fa Inicio para facilitar el acceso y se podr\u00e1 abrir con un solo clic.<\/p>\n<p><img loading=\"lazy\" decoding=\"async\" class=\"alignnone size-full wp-image-1395\" src=\"https:\/\/gangsta-sino.net\/wp-content\/uploads\/2025\/10\/Gangstasino-App-PC.webp\" alt=\"Gangstasino App PC\" width=\"1248\" height=\"536\" srcset=\"https:\/\/gangsta-sino.net\/wp-content\/uploads\/2025\/10\/Gangstasino-App-PC.webp 1248w, https:\/\/gangsta-sino.net\/wp-content\/uploads\/2025\/10\/Gangstasino-App-PC-300x129.webp 300w, https:\/\/gangsta-sino.net\/wp-content\/uploads\/2025\/10\/Gangstasino-App-PC-1024x440.webp 1024w, https:\/\/gangsta-sino.net\/wp-content\/uploads\/2025\/10\/Gangstasino-App-PC-768x330.webp 768w\" sizes=\"auto, (max-width: 1248px) 100vw, 1248px\" \/><\/p>\n<\/div><\/div><div style=\"clear: both\"><\/div><div class=\"d-flex justify-content-center\"><button data-item=\"decouvrez_link\" data-group=\"website_links\" class=\"goto fw-bold rounded-pill btn btn-orange\" aria-label=\"Descargar Gangstasino\" >Descargar Gangstasino<\/button><\/div><div class=\"scrollable-content-wrap my-5\"><div class=\"scrollable-content-inner\"><h2>Preguntas frecuentes<\/h2>\n<h3>\u00bfC\u00f3mo puedo descargar e instalar el m\u00f3vil Gangsta Sino?<\/h3>\n<p>No encontrar\u00e1s una aplicaci\u00f3n m\u00f3vil nativa oficial para Gangsta Sino ni en Google Play Store ni en Apple App Store. Sin embargo, puedes utilizar el sitio optimizado para m\u00f3viles, que funciona como una PWA. Solo tienes que buscarnos en el navegador de tu m\u00f3vil y el sitio se ajustar\u00e1 autom\u00e1ticamente para su uso m\u00f3vil. De esta manera, no tendr\u00e1s que preocuparte por las descargas y siempre tendr\u00e1s la versi\u00f3n m\u00e1s reciente sin necesidad de actualizar.<\/p>\n<h3>\u00bfLa aplicaci\u00f3n Gangsta Sino est\u00e1 disponible tanto para dispositivos Android como iOS?<\/h3>\n<p>Aunque no hay aplicaciones especializadas para esas plataformas, se puede acceder al sitio web Gangsta Sino optimizado para m\u00f3viles en dispositivos iOS y Android, lo que te permite utilizar Gangsta Sino en tu m\u00f3vil o tableta sin necesidad de instalar nada, eliminando la necesidad de instalar una aplicaci\u00f3n. Sin embargo, ten cuidado y utiliza solo el sitio web oficial para evitar riesgos de seguridad.<\/p>\n<h3>\u00bfCu\u00e1les son las diferencias entre jugar en el m\u00f3vil y en el PC?<\/h3>\n<p>Ambas plataformas ofrecen las mismas funciones principales y colecciones de juegos. La versi\u00f3n m\u00f3vil ofrece la comodidad de la portabilidad y las notificaciones push, mientras que la versi\u00f3n de escritorio permite al usuario interactuar con una superficie m\u00e1s grande y con modalidades de entrada est\u00e1ndar.<\/p>\n<h3>\u00bfPuedo usar la misma cuenta en la aplicaci\u00f3n y el sitio web de Gangsta Sino?<\/h3>\n<p>Todas las plataformas est\u00e1n totalmente integradas con tu cuenta Gangstasino. Esto significa que, independientemente del dispositivo que utilices, ya sea un m\u00f3vil, una tableta o un ordenador de sobremesa, podr\u00e1s iniciar sesi\u00f3n en tu cuenta en cualquier momento. Toda la informaci\u00f3n de tu cuenta, las partidas en curso, el saldo, los bonos, la configuraci\u00f3n y la informaci\u00f3n personal estar\u00e1n sincronizados.<\/p>\n<\/div><\/div><\/p>\n","protected":false},"excerpt":{"rendered":"<p>Aplicaci\u00f3n Gangstasino Casino para iOS y Android La Gangstasino app ofrece una experiencia de juego de alta calidad en tu ordenador y dispositivos m\u00f3viles que puedes disfrutar en cualquier momento y lugar. Gangstasino Casino est\u00e1 optimizado para dispositivos m\u00f3viles, tanto Android como iOS, y es totalmente compatible con Windows y macOS. Este grado de accesibilidad [&hellip;]<\/p>\n","protected":false},"author":1,"featured_media":0,"parent":0,"menu_order":0,"comment_status":"closed","ping_status":"closed","template":"template-builder.php","meta":{"_acf_changed":false,"inline_featured_image":false,"footnotes":""},"class_list":["post-1427","page","type-page","status-publish","hentry"],"acf":[],"yoast_head":"<!-- This site is optimized with the Yoast SEO plugin v27.3 - https:\/\/yoast.com\/product\/yoast-seo-wordpress\/ -->\n<title>Gangstasino Casino App para iOS y Android<\/title>\n<meta name=\"description\" content=\"Descarga la app de Gangsta Sino en cualquier dispositivo y obt\u00e9n acceso instant\u00e1neo a m\u00e1s de 6000 juegos y mucho m\u00e1s. Disfruta de juegos seguros y soporte 24\/7 dondequiera que est\u00e9s.\" \/>\n<meta name=\"robots\" content=\"index, follow, max-snippet:-1, max-image-preview:large, max-video-preview:-1\" \/>\n<link rel=\"canonical\" href=\"https:\/\/gangsta-sino.net\/es\/aplicacion\/\" \/>\n<meta property=\"og:locale\" content=\"es_ES\" \/>\n<meta property=\"og:type\" content=\"article\" \/>\n<meta property=\"og:title\" content=\"Gangstasino Casino App para iOS y Android\" \/>\n<meta property=\"og:description\" content=\"Descarga la app de Gangsta Sino en cualquier dispositivo y obt\u00e9n acceso instant\u00e1neo a m\u00e1s de 6000 juegos y mucho m\u00e1s. Disfruta de juegos seguros y soporte 24\/7 dondequiera que est\u00e9s.\" \/>\n<meta property=\"og:url\" content=\"https:\/\/gangsta-sino.net\/es\/aplicacion\/\" \/>\n<meta property=\"og:site_name\" content=\"gangstasino\" \/>\n<meta property=\"article:modified_time\" content=\"2025-11-03T10:00:00+00:00\" \/>\n<meta name=\"twitter:card\" content=\"summary_large_image\" \/>\n<meta name=\"twitter:label1\" content=\"Est. reading time\" \/>\n\t<meta name=\"twitter:data1\" content=\"3 minutos\" \/>\n<script type=\"application\/ld+json\" class=\"yoast-schema-graph\">{\"@context\":\"https:\\\/\\\/schema.org\",\"@graph\":[{\"@type\":\"WebPage\",\"@id\":\"https:\\\/\\\/gangsta-sino.net\\\/es\\\/aplicacion\\\/\",\"url\":\"https:\\\/\\\/gangsta-sino.net\\\/es\\\/aplicacion\\\/\",\"name\":\"Gangstasino Casino App para iOS y Android\",\"isPartOf\":{\"@id\":\"https:\\\/\\\/gangsta-sino.net\\\/es\\\/#website\"},\"datePublished\":\"2025-10-31T12:46:02+00:00\",\"dateModified\":\"2025-11-03T10:00:00+00:00\",\"description\":\"Descarga la app de Gangsta Sino en cualquier dispositivo y obt\u00e9n acceso instant\u00e1neo a m\u00e1s de 6000 juegos y mucho m\u00e1s. Disfruta de juegos seguros y soporte 24\\\/7 dondequiera que est\u00e9s.\",\"breadcrumb\":{\"@id\":\"https:\\\/\\\/gangsta-sino.net\\\/es\\\/aplicacion\\\/#breadcrumb\"},\"inLanguage\":\"es\",\"potentialAction\":[{\"@type\":\"ReadAction\",\"target\":[\"https:\\\/\\\/gangsta-sino.net\\\/es\\\/aplicacion\\\/\"]}]},{\"@type\":\"BreadcrumbList\",\"@id\":\"https:\\\/\\\/gangsta-sino.net\\\/es\\\/aplicacion\\\/#breadcrumb\",\"itemListElement\":[{\"@type\":\"ListItem\",\"position\":1,\"name\":\"Gangstasino\",\"item\":\"https:\\\/\\\/gangsta-sino.net\\\/es\\\/\"},{\"@type\":\"ListItem\",\"position\":2,\"name\":\"Aplicaci\u00f3n\"}]},{\"@type\":\"WebSite\",\"@id\":\"https:\\\/\\\/gangsta-sino.net\\\/es\\\/#website\",\"url\":\"https:\\\/\\\/gangsta-sino.net\\\/es\\\/\",\"name\":\"Gangstasino\",\"description\":\"\",\"publisher\":{\"@id\":\"https:\\\/\\\/gangsta-sino.net\\\/es\\\/#organization\"},\"potentialAction\":[{\"@type\":\"SearchAction\",\"target\":{\"@type\":\"EntryPoint\",\"urlTemplate\":\"https:\\\/\\\/gangsta-sino.net\\\/es\\\/?s={search_term_string}\"},\"query-input\":{\"@type\":\"PropertyValueSpecification\",\"valueRequired\":true,\"valueName\":\"search_term_string\"}}],\"inLanguage\":\"es\"},{\"@type\":\"Organization\",\"@id\":\"https:\\\/\\\/gangsta-sino.net\\\/es\\\/#organization\",\"name\":\"Gangstasino\",\"url\":\"https:\\\/\\\/gangsta-sino.net\\\/es\\\/\",\"logo\":{\"@type\":\"ImageObject\",\"inLanguage\":\"es\",\"@id\":\"https:\\\/\\\/gangsta-sino.net\\\/es\\\/#\\\/schema\\\/logo\\\/image\\\/\",\"url\":\"https:\\\/\\\/gangsta-sino.net\\\/wp-content\\\/uploads\\\/2025\\\/08\\\/80u1FaquEZeR6OUTeJCc.png\",\"contentUrl\":\"https:\\\/\\\/gangsta-sino.net\\\/wp-content\\\/uploads\\\/2025\\\/08\\\/80u1FaquEZeR6OUTeJCc.png\",\"width\":152,\"height\":35,\"caption\":\"Gangstasino\"},\"image\":{\"@id\":\"https:\\\/\\\/gangsta-sino.net\\\/es\\\/#\\\/schema\\\/logo\\\/image\\\/\"}}]}<\/script>\n<!-- \/ Yoast SEO plugin. -->","yoast_head_json":{"title":"Gangstasino Casino App para iOS y Android","description":"Descarga la app de Gangsta Sino en cualquier dispositivo y obt\u00e9n acceso instant\u00e1neo a m\u00e1s de 6000 juegos y mucho m\u00e1s. Disfruta de juegos seguros y soporte 24\/7 dondequiera que est\u00e9s.","robots":{"index":"index","follow":"follow","max-snippet":"max-snippet:-1","max-image-preview":"max-image-preview:large","max-video-preview":"max-video-preview:-1"},"canonical":"https:\/\/gangsta-sino.net\/es\/aplicacion\/","og_locale":"es_ES","og_type":"article","og_title":"Gangstasino Casino App para iOS y Android","og_description":"Descarga la app de Gangsta Sino en cualquier dispositivo y obt\u00e9n acceso instant\u00e1neo a m\u00e1s de 6000 juegos y mucho m\u00e1s. Disfruta de juegos seguros y soporte 24\/7 dondequiera que est\u00e9s.","og_url":"https:\/\/gangsta-sino.net\/es\/aplicacion\/","og_site_name":"gangstasino","article_modified_time":"2025-11-03T10:00:00+00:00","twitter_card":"summary_large_image","twitter_misc":{"Est. reading time":"3 minutos"},"schema":{"@context":"https:\/\/schema.org","@graph":[{"@type":"WebPage","@id":"https:\/\/gangsta-sino.net\/es\/aplicacion\/","url":"https:\/\/gangsta-sino.net\/es\/aplicacion\/","name":"Gangstasino Casino App para iOS y Android","isPartOf":{"@id":"https:\/\/gangsta-sino.net\/es\/#website"},"datePublished":"2025-10-31T12:46:02+00:00","dateModified":"2025-11-03T10:00:00+00:00","description":"Descarga la app de Gangsta Sino en cualquier dispositivo y obt\u00e9n acceso instant\u00e1neo a m\u00e1s de 6000 juegos y mucho m\u00e1s. Disfruta de juegos seguros y soporte 24\/7 dondequiera que est\u00e9s.","breadcrumb":{"@id":"https:\/\/gangsta-sino.net\/es\/aplicacion\/#breadcrumb"},"inLanguage":"es","potentialAction":[{"@type":"ReadAction","target":["https:\/\/gangsta-sino.net\/es\/aplicacion\/"]}]},{"@type":"BreadcrumbList","@id":"https:\/\/gangsta-sino.net\/es\/aplicacion\/#breadcrumb","itemListElement":[{"@type":"ListItem","position":1,"name":"Gangstasino","item":"https:\/\/gangsta-sino.net\/es\/"},{"@type":"ListItem","position":2,"name":"Aplicaci\u00f3n"}]},{"@type":"WebSite","@id":"https:\/\/gangsta-sino.net\/es\/#website","url":"https:\/\/gangsta-sino.net\/es\/","name":"Gangstasino","description":"","publisher":{"@id":"https:\/\/gangsta-sino.net\/es\/#organization"},"potentialAction":[{"@type":"SearchAction","target":{"@type":"EntryPoint","urlTemplate":"https:\/\/gangsta-sino.net\/es\/?s={search_term_string}"},"query-input":{"@type":"PropertyValueSpecification","valueRequired":true,"valueName":"search_term_string"}}],"inLanguage":"es"},{"@type":"Organization","@id":"https:\/\/gangsta-sino.net\/es\/#organization","name":"Gangstasino","url":"https:\/\/gangsta-sino.net\/es\/","logo":{"@type":"ImageObject","inLanguage":"es","@id":"https:\/\/gangsta-sino.net\/es\/#\/schema\/logo\/image\/","url":"https:\/\/gangsta-sino.net\/wp-content\/uploads\/2025\/08\/80u1FaquEZeR6OUTeJCc.png","contentUrl":"https:\/\/gangsta-sino.net\/wp-content\/uploads\/2025\/08\/80u1FaquEZeR6OUTeJCc.png","width":152,"height":35,"caption":"Gangstasino"},"image":{"@id":"https:\/\/gangsta-sino.net\/es\/#\/schema\/logo\/image\/"}}]}},"_links":{"self":[{"href":"https:\/\/gangsta-sino.net\/es\/wp-json\/wp\/v2\/pages\/1427","targetHints":{"allow":["GET"]}}],"collection":[{"href":"https:\/\/gangsta-sino.net\/es\/wp-json\/wp\/v2\/pages"}],"about":[{"href":"https:\/\/gangsta-sino.net\/es\/wp-json\/wp\/v2\/types\/page"}],"author":[{"embeddable":true,"href":"https:\/\/gangsta-sino.net\/es\/wp-json\/wp\/v2\/users\/1"}],"replies":[{"embeddable":true,"href":"https:\/\/gangsta-sino.net\/es\/wp-json\/wp\/v2\/comments?post=1427"}],"version-history":[{"count":2,"href":"https:\/\/gangsta-sino.net\/es\/wp-json\/wp\/v2\/pages\/1427\/revisions"}],"predecessor-version":[{"id":1965,"href":"https:\/\/gangsta-sino.net\/es\/wp-json\/wp\/v2\/pages\/1427\/revisions\/1965"}],"wp:attachment":[{"href":"https:\/\/gangsta-sino.net\/es\/wp-json\/wp\/v2\/media?parent=1427"}],"curies":[{"name":"wp","href":"https:\/\/api.w.org\/{rel}","templated":true}]}}