{"id":1481,"date":"2025-10-31T12:52:53","date_gmt":"2025-10-31T12:52:53","guid":{"rendered":"https:\/\/gangsta-sino.net\/login-and-registration\/"},"modified":"2025-11-03T10:01:24","modified_gmt":"2025-11-03T10:01:24","slug":"inicio-de-sesion-y-registro","status":"publish","type":"page","link":"https:\/\/gangsta-sino.net\/es\/inicio-de-sesion-y-registro\/","title":{"rendered":"Inicio de sesi\u00f3n y Registro"},"content":{"rendered":"<h1>Inicio de sesi\u00f3n en Gangstasino y registro de cuenta<\/h1>\n<p>El proceso de Gangstasino login proporciona un acceso r\u00e1pido a las tragaperras, los juegos de mesa y mucho m\u00e1s. Adem\u00e1s, al registrarte en Gangstasino, obtienes mucho m\u00e1s que una cuenta. Obtienes acceso a todos nuestros juegos, promociones, tu panel de control personal con estad\u00edsticas y saldo, las herramientas para realizar dep\u00f3sitos y retiradas, y mucho m\u00e1s. En esencia, el registro en Gangsta Sino te convierte de visitante a jugador activo, de observador pasivo a participante. Los usuarios espa\u00f1oles ahora pueden jugar, supervisar, gestionar y disfrutar plenamente de la experiencia del casino Gangstasino.<\/p>\n<p><div class=\"banner-wrap\" aria-label=\"Banner\"><img src=\"https:\/\/gangsta-sino.net\/wp-content\/uploads\/2025\/11\/Banner-Desktop.png\" class=\"w-100 d-none d-lg-block img-pc main-banner-img\" alt=\"Gangstasino bonus desktop\" fetchpriority=\"high\" decoding=\"async\"><img src=\"https:\/\/gangsta-sino.net\/wp-content\/uploads\/2025\/10\/Gangstasino-bonus-mobile.webp\" class=\"w-100 d-none d-md-block d-lg-none main-banner-img\" alt=\"Gangstasino bonus mobile\" fetchpriority=\"high\" decoding=\"async\"><img src=\"https:\/\/gangsta-sino.net\/wp-content\/uploads\/2025\/10\/Gangstasino-bonus-mobile.webp\" class=\"w-100 d-md-none\" alt=\"Gangstasino bonus mobile\" fetchpriority=\"high\" decoding=\"async\"><div class=\"banner-description\">\n<div class=\"banner-title\">Bonos de Bienvenida<\/div>\n<p class=\"banner-header-title\">1500 \u20ac<\/p>\n<div class=\"banner-header-AdditionalText\">+ 250 Giros Gratis<\/div>\n<button data-item=\"homepage_banner_link\" class=\"goto m-button m-gradient-border m-button--primary m-button--large banner-button btn-orange\">\n            <div class=\"m-button-content\">\n                <span>Reg\u00edstrese Ahora<\/span>\n                <span><\/span>\n            <\/div>\n        <\/button>\n<\/div>\n<div class=\"WelcomePack\">\n<p><img loading=\"lazy\" decoding=\"async\" class=\"alignnone size-full wp-image-1375\" src=\"https:\/\/gangsta-sino.net\/wp-content\/uploads\/2025\/10\/welcome-crown.svg\" alt=\"crown\" width=\"25\" height=\"26\" \/><\/p>\n<div class=\"WelcomePack-Info\">Cashback Semanal hasta 25%<\/div>\n<p><img loading=\"lazy\" decoding=\"async\" class=\"alignnone size-full wp-image-1375\" src=\"https:\/\/gangsta-sino.net\/wp-content\/uploads\/2025\/10\/welcome-crown.svg\" alt=\"crown\" width=\"25\" height=\"26\" \/><\/p>\n<\/div>\n<\/div><div class=\"scrollable-content-wrap my-5\"><div class=\"scrollable-content-inner\"><h2>\u00danete a Gangstasino y empieza a jugar<\/h2>\n<p>Cuando te registras en Gangstasino, puedes disfrutar de todo nuestro cat\u00e1logo de juegos, incluyendo tragamonedas, juegos de mesa y experiencias con crupieres en vivo. Y crear una cuenta es el primer paso para obtener todas nuestras bonificaciones y promociones. As\u00ed es como funciona:<\/p>\n<h3>Gu\u00eda de configuraci\u00f3n de la cuenta<\/h3>\n<p>Abre tu navegador preferido, ya sea en tu ordenador o en tu m\u00f3vil, y accede al sitio web oficial de Gangstasino Casino. Comprueba siempre que est\u00e1s en el dominio correcto para evitar sitios de phishing.<\/p>\n<ol>\n<li>Busca el bot\u00f3n \u00abRegistrarse\u00bb.<\/li>\n<li>Los protocolos de registro est\u00e1ndar le pedir\u00e1n que complete lo siguiente:\n<ul>\n<li>Direcci\u00f3n de correo electr\u00f3nico v\u00e1lida<\/li>\n<li>Contrase\u00f1a (segura, fuerte)<\/li>\n<li>C\u00f3digo promocional (opcional)<\/li>\n<\/ul>\n<\/li>\n<li>Aceptar los t\u00e9rminos y condiciones \/ Pol\u00edtica de privacidad: Se le pedir\u00e1 que confirme que acepta los servicios que ofrece Gangstasino Casino, junto con la pol\u00edtica de privacidad, la pol\u00edtica de juego responsable, etc., y esto se identificar\u00e1 mediante una casilla que deber\u00e1 marcar.<\/li>\n<\/ol>\n<p>Una vez que haya completado el formulario de registro, podr\u00e1 hacer clic en \u00abRegistrarse\u00bb.<\/p>\n<p>Tan pronto como te registres, podr\u00e1s aprovechar nuestra variada selecci\u00f3n de bonificaciones y recompensas. Cada dep\u00f3sito que realices y cada inicio de sesi\u00f3n en Gangstasino te reportar\u00e1 recompensas, incluyendo bonificaciones de bienvenida, reembolsos semanales, bonificaciones de fin de semana y mucho m\u00e1s. Si tienes alguna pregunta, ponte en contacto con nosotros a trav\u00e9s del chat en vivo.<\/p>\n<h2>Acceso y control de la cuenta en Gangstasino<\/h2>\n<p>Ahora que tu cuenta de Gangstasino Casino ha sido registrada y activada, el siguiente paso es aprender a iniciar sesi\u00f3n y conocer las actividades que tienes a tu disposici\u00f3n en tu cuenta de jugador.<\/p>\n<h3>C\u00f3mo iniciar sesi\u00f3n<\/h3>\n<ol>\n<li>En un ordenador o dispositivo m\u00f3vil, abre un navegador web y ve a la p\u00e1gina Inicio de sesi\u00f3n en Gangstasino.<\/li>\n<li>El bot\u00f3n de inicio de sesi\u00f3n se encuentra en la esquina superior derecha de la p\u00e1gina.<\/li>\n<li>Introduzca su direcci\u00f3n de correo electr\u00f3nico y contrase\u00f1a en los campos obligatorios.<\/li>\n<li>A continuaci\u00f3n, haz clic en el bot\u00f3n Iniciar sesi\u00f3n en Gangstasino.<\/li>\n<\/ol>\n<p>Una vez que el sistema Gangsta Sino confirme la exactitud de tu contrase\u00f1a y nombre de usuario, te redirigir\u00e1 al vest\u00edbulo principal de tu cuenta, tambi\u00e9n conocido como panel de control de la cuenta.<\/p>\n<p>Recuerda utilizar \u00fanicamente el sitio web oficial Gangsta Sino; no utilices enlaces no oficiales, ya que pueden tener credenciales falsas.<\/p>\n<p>La ventana de tu cuenta de Gangstasino Casino ofrece una serie de controles y funciones tan pronto como inicias sesi\u00f3n. Las funciones comunes son:<\/p>\n<ul>\n<li>Tragamonedas y botes<\/li>\n<li>Dep\u00f3sitos<\/li>\n<li>Retirada<\/li>\n<li>Gesti\u00f3n de bonificaciones y promociones<\/li>\n<li>Historial del juego<\/li>\n<li>Acceso a nuestro programa VIP\/de fidelizaci\u00f3n<\/li>\n<li>Equipo de asistencia y centro de ayuda<\/li>\n<\/ul>\n<h3>C\u00f3mo restablecer la informaci\u00f3n de inicio de sesi\u00f3n<\/h3>\n<p>Esto es lo que debe hacer si no recuerda su contrase\u00f1a:<\/p>\n<ol>\n<li>Debajo de las credenciales de inicio de sesi\u00f3n, encontrar\u00e1 la opci\u00f3n \u00ab\u00bfHa olvidado su contrase\u00f1a?\u00bb.<\/li>\n<li>Escribe la direcci\u00f3n de correo electr\u00f3nico vinculada a tu cuenta Gangstasino.<\/li>\n<li>Recibir\u00e1s un correo electr\u00f3nico con instrucciones. S\u00edguelas para restablecer tu contrase\u00f1a.<\/li>\n<li>Aseg\u00farate de que tu nueva contrase\u00f1a sea segura y contenga una combinaci\u00f3n de letras may\u00fasculas y min\u00fasculas, n\u00fameros y caracteres especiales.<\/li>\n<li>Inicie sesi\u00f3n con la nueva contrase\u00f1a.<\/li>\n<\/ol>\n<h2>Proceso de verificaci\u00f3n de jugadores<\/h2>\n<p>Una vez que haya realizado su primer dep\u00f3sito e iniciado sesi\u00f3n, le solicitaremos la verificaci\u00f3n del jugador, tambi\u00e9n conocida como \u00abConozca a su cliente\u00bb o KYC, antes de permitir determinados retiros o l\u00edmites m\u00e1s altos. Esto es tanto para su protecci\u00f3n como para cumplir con las obligaciones legales y reglamentarias.<\/p>\n<h3>Lo que es posible que deba presentar<\/h3>\n<p>Dependiendo de tu pa\u00eds y de la pol\u00edtica de Gangstasino, te pediremos:<\/p>\n<ul>\n<li>Un documento de identidad emitido por el gobierno y en vigor, como un pasaporte, un permiso de conducir o un documento nacional de identidad, en el que figure su nombre completo y su fotograf\u00eda.<\/li>\n<li>Un documento reciente que muestre o acredite tu direcci\u00f3n de forma electr\u00f3nica, como una factura de servicios p\u00fablicos, un extracto bancario o un documento oficial, con una antig\u00fcedad de entre 3 y 6 meses, para confirmar que tu direcci\u00f3n coincide con la que figura en el perfil.<\/li>\n<li>Es posible que se requiera una selfie o un v\u00eddeo en directo para verificar la identidad.<\/li>\n<\/ul>\n<h3>C\u00f3mo enviar sus documentos<\/h3>\n<p>Con Gangsta Sino, nuestro proceso de verificaci\u00f3n KYC es sencillo:<\/p>\n<ol>\n<li>Accede a tu cuenta de Gangstasino y haz clic en tu perfil en la parte superior derecha del panel de control.<\/li>\n<li>Seleccione \u00abVerificaci\u00f3n\u00bb.<\/li>\n<li>Elija qu\u00e9 documento de identidad oficial va a utilizar.<\/li>\n<li>Sube todos los documentos necesarios.<\/li>\n<li>Pulsa enviar cuando hayas terminado.<\/li>\n<\/ol>\n<p>Estos son los requisitos para cada ID que vas a utilizar:<\/p>\n<table>\n<tbody>\n<tr>\n<td>Tipo de identificaci\u00f3n<\/td>\n<td>Documentos para subir<\/td>\n<\/tr>\n<tr>\n<td>Pasaporte<\/td>\n<td>P\u00e1gina de identificaci\u00f3n del pasaporte<\/p>\n<p>Foto selfie reciente<\/p>\n<p>Prueba de residencia (factura de servicios p\u00fablicos o extracto bancario)<\/td>\n<\/tr>\n<tr>\n<td>Permiso de conducir<\/td>\n<td>Foto del anverso y reverso del permiso de conducir.<\/td>\n<\/tr>\n<tr>\n<td>Tarjeta de identidad<\/td>\n<td>Foto del anverso y reverso del documento de identidad.<\/td>\n<\/tr>\n<tr>\n<td>Permiso de residencia<\/td>\n<td>Solo documento de permiso de residencia<\/td>\n<\/tr>\n<\/tbody>\n<\/table>\n<p>Revisaremos tus documentos (esto suele tardar entre 24 y 48 horas, o posiblemente m\u00e1s). Una vez que hayamos revisado tus documentos, te informaremos del estado de la verificaci\u00f3n de tu cuenta (ya sea por correo electr\u00f3nico o en tu cuenta).<\/p>\n<p>Nuestro equipo de asistencia por chat en vivo est\u00e1 disponible para ofrecerle ayuda en tiempo real, ya que nuestra prioridad es responder a cualquier pregunta que pueda tener, ya sea sobre su cuenta, cuestiones t\u00e9cnicas o cualquier otro tema. Tambi\u00e9n contamos con asistencia multiling\u00fce, por lo que puede comunicarse con nosotros en el idioma con el que se sienta m\u00e1s c\u00f3modo.<\/p>\n<h2>Preguntas frecuentes<\/h2>\n<h3>\u00bfQu\u00e9 debo hacer si olvido mi contrase\u00f1a o mis datos de inicio de sesi\u00f3n?<\/h3>\n<p>Para restablecer tu contrase\u00f1a, ve a la p\u00e1gina Inicio de sesi\u00f3n en Gangstasino y haz clic en el enlace \u00ab\u00bfHas olvidado tu contrase\u00f1a?\u00bb. Escribe tu correo electr\u00f3nico registrado y consulta tu correo electr\u00f3nico para obtener instrucciones sobre c\u00f3mo establecer una nueva contrase\u00f1a.<\/p>\n<h3>\u00bfPor qu\u00e9 tengo que verificar mi cuenta de Gangstasino?<\/h3>\n<p>Para garantizar que eres quien dices ser, que tienes la edad m\u00ednima para jugar, que tus finanzas est\u00e1n seguras y que cumples con los requisitos legales y contra el blanqueo de capitales, Gangstasino Casino debe realizar algunas verificaciones.<\/p>\n<h3>\u00bfPuedo actualizar mis datos personales despu\u00e9s de registrarme?<\/h3>\n<p>Una vez que hayas iniciado sesi\u00f3n, podr\u00e1s realizar actualizaciones a trav\u00e9s del panel de control de la cuenta. Estos son algunos de los datos que puedes editar: contrase\u00f1a, correo electr\u00f3nico, n\u00famero de contacto, idioma, datos del m\u00e9todo de pago, etc.<\/p>\n<\/div><\/div><\/p>\n","protected":false},"excerpt":{"rendered":"<p>Inicio de sesi\u00f3n en Gangstasino y registro de cuenta El proceso de Gangstasino login proporciona un acceso r\u00e1pido a las tragaperras, los juegos de mesa y mucho m\u00e1s. Adem\u00e1s, al registrarte en Gangstasino, obtienes mucho m\u00e1s que una cuenta. Obtienes acceso a todos nuestros juegos, promociones, tu panel de control personal con estad\u00edsticas y saldo, [&hellip;]<\/p>\n","protected":false},"author":1,"featured_media":0,"parent":0,"menu_order":0,"comment_status":"closed","ping_status":"closed","template":"template-builder.php","meta":{"_acf_changed":false,"inline_featured_image":false,"footnotes":""},"class_list":["post-1481","page","type-page","status-publish","hentry"],"acf":[],"yoast_head":"<!-- This site is optimized with the Yoast SEO plugin v27.3 - https:\/\/yoast.com\/product\/yoast-seo-wordpress\/ -->\n<title>Gangstasino Login | Acceso y registro seguros<\/title>\n<meta name=\"description\" content=\"Tu cuenta de Gangsta Sino es tu clave para acceder a miles de juegos. Inicia sesi\u00f3n para jugar o registrar una cuenta nueva, completa la verificaci\u00f3n segura, administra tus fondos y contacta con soporte 24\/7.\" \/>\n<meta name=\"robots\" content=\"index, follow, max-snippet:-1, max-image-preview:large, max-video-preview:-1\" \/>\n<link rel=\"canonical\" href=\"https:\/\/gangsta-sino.net\/es\/inicio-de-sesion-y-registro\/\" \/>\n<meta property=\"og:locale\" content=\"es_ES\" \/>\n<meta property=\"og:type\" content=\"article\" \/>\n<meta property=\"og:title\" content=\"Gangstasino Login | Acceso y registro seguros\" \/>\n<meta property=\"og:description\" content=\"Tu cuenta de Gangsta Sino es tu clave para acceder a miles de juegos. Inicia sesi\u00f3n para jugar o registrar una cuenta nueva, completa la verificaci\u00f3n segura, administra tus fondos y contacta con soporte 24\/7.\" \/>\n<meta property=\"og:url\" content=\"https:\/\/gangsta-sino.net\/es\/inicio-de-sesion-y-registro\/\" \/>\n<meta property=\"og:site_name\" content=\"gangstasino\" \/>\n<meta property=\"article:modified_time\" content=\"2025-11-03T10:01:24+00:00\" \/>\n<meta name=\"twitter:card\" content=\"summary_large_image\" \/>\n<meta name=\"twitter:label1\" content=\"Est. reading time\" \/>\n\t<meta name=\"twitter:data1\" content=\"1 minuto\" \/>\n<script type=\"application\/ld+json\" class=\"yoast-schema-graph\">{\"@context\":\"https:\\\/\\\/schema.org\",\"@graph\":[{\"@type\":\"WebPage\",\"@id\":\"https:\\\/\\\/gangsta-sino.net\\\/es\\\/inicio-de-sesion-y-registro\\\/\",\"url\":\"https:\\\/\\\/gangsta-sino.net\\\/es\\\/inicio-de-sesion-y-registro\\\/\",\"name\":\"Gangstasino Login | Acceso y registro seguros\",\"isPartOf\":{\"@id\":\"https:\\\/\\\/gangsta-sino.net\\\/es\\\/#website\"},\"datePublished\":\"2025-10-31T12:52:53+00:00\",\"dateModified\":\"2025-11-03T10:01:24+00:00\",\"description\":\"Tu cuenta de Gangsta Sino es tu clave para acceder a miles de juegos. Inicia sesi\u00f3n para jugar o registrar una cuenta nueva, completa la verificaci\u00f3n segura, administra tus fondos y contacta con soporte 24\\\/7.\",\"breadcrumb\":{\"@id\":\"https:\\\/\\\/gangsta-sino.net\\\/es\\\/inicio-de-sesion-y-registro\\\/#breadcrumb\"},\"inLanguage\":\"es\",\"potentialAction\":[{\"@type\":\"ReadAction\",\"target\":[\"https:\\\/\\\/gangsta-sino.net\\\/es\\\/inicio-de-sesion-y-registro\\\/\"]}]},{\"@type\":\"BreadcrumbList\",\"@id\":\"https:\\\/\\\/gangsta-sino.net\\\/es\\\/inicio-de-sesion-y-registro\\\/#breadcrumb\",\"itemListElement\":[{\"@type\":\"ListItem\",\"position\":1,\"name\":\"Gangstasino\",\"item\":\"https:\\\/\\\/gangsta-sino.net\\\/es\\\/\"},{\"@type\":\"ListItem\",\"position\":2,\"name\":\"Inicio de sesi\u00f3n y Registro\"}]},{\"@type\":\"WebSite\",\"@id\":\"https:\\\/\\\/gangsta-sino.net\\\/es\\\/#website\",\"url\":\"https:\\\/\\\/gangsta-sino.net\\\/es\\\/\",\"name\":\"Gangstasino\",\"description\":\"\",\"publisher\":{\"@id\":\"https:\\\/\\\/gangsta-sino.net\\\/es\\\/#organization\"},\"potentialAction\":[{\"@type\":\"SearchAction\",\"target\":{\"@type\":\"EntryPoint\",\"urlTemplate\":\"https:\\\/\\\/gangsta-sino.net\\\/es\\\/?s={search_term_string}\"},\"query-input\":{\"@type\":\"PropertyValueSpecification\",\"valueRequired\":true,\"valueName\":\"search_term_string\"}}],\"inLanguage\":\"es\"},{\"@type\":\"Organization\",\"@id\":\"https:\\\/\\\/gangsta-sino.net\\\/es\\\/#organization\",\"name\":\"Gangstasino\",\"url\":\"https:\\\/\\\/gangsta-sino.net\\\/es\\\/\",\"logo\":{\"@type\":\"ImageObject\",\"inLanguage\":\"es\",\"@id\":\"https:\\\/\\\/gangsta-sino.net\\\/es\\\/#\\\/schema\\\/logo\\\/image\\\/\",\"url\":\"https:\\\/\\\/gangsta-sino.net\\\/wp-content\\\/uploads\\\/2025\\\/08\\\/80u1FaquEZeR6OUTeJCc.png\",\"contentUrl\":\"https:\\\/\\\/gangsta-sino.net\\\/wp-content\\\/uploads\\\/2025\\\/08\\\/80u1FaquEZeR6OUTeJCc.png\",\"width\":152,\"height\":35,\"caption\":\"Gangstasino\"},\"image\":{\"@id\":\"https:\\\/\\\/gangsta-sino.net\\\/es\\\/#\\\/schema\\\/logo\\\/image\\\/\"}}]}<\/script>\n<!-- \/ Yoast SEO plugin. -->","yoast_head_json":{"title":"Gangstasino Login | Acceso y registro seguros","description":"Tu cuenta de Gangsta Sino es tu clave para acceder a miles de juegos. Inicia sesi\u00f3n para jugar o registrar una cuenta nueva, completa la verificaci\u00f3n segura, administra tus fondos y contacta con soporte 24\/7.","robots":{"index":"index","follow":"follow","max-snippet":"max-snippet:-1","max-image-preview":"max-image-preview:large","max-video-preview":"max-video-preview:-1"},"canonical":"https:\/\/gangsta-sino.net\/es\/inicio-de-sesion-y-registro\/","og_locale":"es_ES","og_type":"article","og_title":"Gangstasino Login | Acceso y registro seguros","og_description":"Tu cuenta de Gangsta Sino es tu clave para acceder a miles de juegos. Inicia sesi\u00f3n para jugar o registrar una cuenta nueva, completa la verificaci\u00f3n segura, administra tus fondos y contacta con soporte 24\/7.","og_url":"https:\/\/gangsta-sino.net\/es\/inicio-de-sesion-y-registro\/","og_site_name":"gangstasino","article_modified_time":"2025-11-03T10:01:24+00:00","twitter_card":"summary_large_image","twitter_misc":{"Est. reading time":"1 minuto"},"schema":{"@context":"https:\/\/schema.org","@graph":[{"@type":"WebPage","@id":"https:\/\/gangsta-sino.net\/es\/inicio-de-sesion-y-registro\/","url":"https:\/\/gangsta-sino.net\/es\/inicio-de-sesion-y-registro\/","name":"Gangstasino Login | Acceso y registro seguros","isPartOf":{"@id":"https:\/\/gangsta-sino.net\/es\/#website"},"datePublished":"2025-10-31T12:52:53+00:00","dateModified":"2025-11-03T10:01:24+00:00","description":"Tu cuenta de Gangsta Sino es tu clave para acceder a miles de juegos. Inicia sesi\u00f3n para jugar o registrar una cuenta nueva, completa la verificaci\u00f3n segura, administra tus fondos y contacta con soporte 24\/7.","breadcrumb":{"@id":"https:\/\/gangsta-sino.net\/es\/inicio-de-sesion-y-registro\/#breadcrumb"},"inLanguage":"es","potentialAction":[{"@type":"ReadAction","target":["https:\/\/gangsta-sino.net\/es\/inicio-de-sesion-y-registro\/"]}]},{"@type":"BreadcrumbList","@id":"https:\/\/gangsta-sino.net\/es\/inicio-de-sesion-y-registro\/#breadcrumb","itemListElement":[{"@type":"ListItem","position":1,"name":"Gangstasino","item":"https:\/\/gangsta-sino.net\/es\/"},{"@type":"ListItem","position":2,"name":"Inicio de sesi\u00f3n y Registro"}]},{"@type":"WebSite","@id":"https:\/\/gangsta-sino.net\/es\/#website","url":"https:\/\/gangsta-sino.net\/es\/","name":"Gangstasino","description":"","publisher":{"@id":"https:\/\/gangsta-sino.net\/es\/#organization"},"potentialAction":[{"@type":"SearchAction","target":{"@type":"EntryPoint","urlTemplate":"https:\/\/gangsta-sino.net\/es\/?s={search_term_string}"},"query-input":{"@type":"PropertyValueSpecification","valueRequired":true,"valueName":"search_term_string"}}],"inLanguage":"es"},{"@type":"Organization","@id":"https:\/\/gangsta-sino.net\/es\/#organization","name":"Gangstasino","url":"https:\/\/gangsta-sino.net\/es\/","logo":{"@type":"ImageObject","inLanguage":"es","@id":"https:\/\/gangsta-sino.net\/es\/#\/schema\/logo\/image\/","url":"https:\/\/gangsta-sino.net\/wp-content\/uploads\/2025\/08\/80u1FaquEZeR6OUTeJCc.png","contentUrl":"https:\/\/gangsta-sino.net\/wp-content\/uploads\/2025\/08\/80u1FaquEZeR6OUTeJCc.png","width":152,"height":35,"caption":"Gangstasino"},"image":{"@id":"https:\/\/gangsta-sino.net\/es\/#\/schema\/logo\/image\/"}}]}},"_links":{"self":[{"href":"https:\/\/gangsta-sino.net\/es\/wp-json\/wp\/v2\/pages\/1481","targetHints":{"allow":["GET"]}}],"collection":[{"href":"https:\/\/gangsta-sino.net\/es\/wp-json\/wp\/v2\/pages"}],"about":[{"href":"https:\/\/gangsta-sino.net\/es\/wp-json\/wp\/v2\/types\/page"}],"author":[{"embeddable":true,"href":"https:\/\/gangsta-sino.net\/es\/wp-json\/wp\/v2\/users\/1"}],"replies":[{"embeddable":true,"href":"https:\/\/gangsta-sino.net\/es\/wp-json\/wp\/v2\/comments?post=1481"}],"version-history":[{"count":2,"href":"https:\/\/gangsta-sino.net\/es\/wp-json\/wp\/v2\/pages\/1481\/revisions"}],"predecessor-version":[{"id":1967,"href":"https:\/\/gangsta-sino.net\/es\/wp-json\/wp\/v2\/pages\/1481\/revisions\/1967"}],"wp:attachment":[{"href":"https:\/\/gangsta-sino.net\/es\/wp-json\/wp\/v2\/media?parent=1481"}],"curies":[{"name":"wp","href":"https:\/\/api.w.org\/{rel}","templated":true}]}}