{"id":1417,"date":"2025-10-31T12:46:02","date_gmt":"2025-10-31T12:46:02","guid":{"rendered":"https:\/\/gangsta-sino.net\/app\/"},"modified":"2025-12-25T19:08:07","modified_gmt":"2025-12-25T19:08:07","slug":"app","status":"publish","type":"page","link":"https:\/\/gangsta-sino.net\/fr\/app\/","title":{"rendered":"App"},"content":{"rendered":"<h1>Application Gangstasino Casino pour iOS et Android<\/h1>\n<p>Gangstasino App offre une exp\u00e9rience de jeu de haute qualit\u00e9 sur votre ordinateur de bureau et vos appareils mobiles, dont vous pouvez profiter \u00e0 tout moment et en tout lieu. Gangstasino Casino est optimis\u00e9 pour les appareils mobiles Android et iOS et offre une compatibilit\u00e9 totale avec Windows et macOS. Ce niveau d&rsquo;accessibilit\u00e9 permet \u00e0 tous les utilisateurs de profiter d&rsquo;un divertissement de casino haut de gamme \u00e0 l&rsquo;\u00e9chelle mondiale.<\/p>\n<div class=\"banner-wrap\" aria-label=\"Banner\"><img src=\"https:\/\/gangsta-sino.net\/wp-content\/uploads\/2025\/11\/Banner-Desktop.png\" class=\"w-100 d-none d-lg-block img-pc main-banner-img\" alt=\"Gangstasino bonus desktop\" fetchpriority=\"high\" decoding=\"async\"><img src=\"https:\/\/gangsta-sino.net\/wp-content\/uploads\/2025\/10\/Gangstasino-bonus-mobile.webp\" class=\"w-100 d-none d-md-block d-lg-none main-banner-img\" alt=\"Gangstasino bonus mobile\" fetchpriority=\"high\" decoding=\"async\"><img src=\"https:\/\/gangsta-sino.net\/wp-content\/uploads\/2025\/10\/Gangstasino-bonus-mobile.webp\" class=\"w-100 d-md-none\" alt=\"Gangstasino bonus mobile\" fetchpriority=\"high\" decoding=\"async\"><div class=\"banner-description\">\n<div class=\"banner-title\">Bonus de Bienvenue<\/div>\n<p class=\"banner-header-title\">1000 \u20ac<\/p>\n<div class=\"banner-header-AdditionalText\">+ 100 Tours Gratuits<\/div>\n<button data-item=\"homepage_banner_link\" class=\"goto m-button m-gradient-border m-button--primary m-button--large banner-button btn-orange\">\n            <div class=\"m-button-content\">\n                <span>Inscrivez-vous d\u00e8s maintenant<\/span>\n                <span><\/span>\n            <\/div>\n        <\/button>\n<\/div>\n<div class=\"WelcomePack\">\n<p><img loading=\"lazy\" decoding=\"async\" class=\"alignnone size-full wp-image-1375\" src=\"https:\/\/gangsta-sino.net\/wp-content\/uploads\/2025\/10\/welcome-crown.svg\" alt=\"crown\" width=\"25\" height=\"26\" \/><\/p>\n<div class=\"WelcomePack-Info\">Cashback hebdomadaire jusqu&rsquo;\u00e0 25 %<\/div>\n<p><img loading=\"lazy\" decoding=\"async\" class=\"alignnone size-full wp-image-1375\" src=\"https:\/\/gangsta-sino.net\/wp-content\/uploads\/2025\/10\/welcome-crown.svg\" alt=\"crown\" width=\"25\" height=\"26\" \/><\/p>\n<\/div>\n<\/div>\n<h2>Application Gangstasino Caract\u00e9ristiques et avantages<\/h2>\n<p>L&rsquo;application mobile Gangstasino Casino r\u00e9pond aux besoins de tous les joueurs exigeants qui recherchent rapidit\u00e9, s\u00e9curit\u00e9 et fonctionnalit\u00e9. Cette application est bien plus qu&rsquo;un simple compl\u00e9ment au casino mobile ; il s&rsquo;agit d&rsquo;une plateforme de jeu compl\u00e8te, hautement fonctionnelle et ax\u00e9e sur la performance.<\/p>\n<h3>Caract\u00e9ristiques principales<\/h3>\n<ul>\n<li>Profitez d&rsquo;un chargement plus rapide et d&rsquo;une exp\u00e9rience de jeu plus fluide que la version pour ordinateur.<\/li>\n<li>Navigation facile et commandes gestuelles, ainsi qu&rsquo;une interface enti\u00e8rement optimis\u00e9e pour les petits \u00e9crans.<\/li>\n<li>Ne manquez pas les bonus exclusifs, les tournois et les offres avec compte \u00e0 rebours.<\/li>\n<li>Vos donn\u00e9es et vos paiements sont en s\u00e9curit\u00e9 chez nous : nous utilisons un cryptage de bout en bout.<\/li>\n<li>Votre compte est enti\u00e8rement synchronis\u00e9 sur tous vos appareils. Commencez sur votre mobile et continuez sur votre ordinateur de bureau en toute transparence.<\/li>\n<\/ul>\n<p>L&rsquo;application Gangstasino offre une exp\u00e9rience de machines \u00e0 sous en ligne exceptionnelle, avec en prime la connectivit\u00e9 via les notifications, la commodit\u00e9 et la portabilit\u00e9. Pour les utilisateurs qui recherchent une exp\u00e9rience de casino compl\u00e8te avec un minimum de barri\u00e8res \u00e0 l&rsquo;entr\u00e9e, Gangstasino Casino offre des possibilit\u00e9s illimit\u00e9es en tant qu&rsquo;application. Cependant, pour les utilisateurs qui recherchent de longues sessions de jeu, le confort d&rsquo;un grand \u00e9cran, la possibilit\u00e9 de s&rsquo;immerger dans un appareil ou la facilit\u00e9 d&rsquo;un multit\u00e2che intensif, les avantages de la version PC de Gangstasino Casino sont ind\u00e9niables.<\/p>\n<h3>Mobile vs PC<\/h3>\n<table>\n<tbody>\n<tr>\n<td>Fonctionnalit\u00e9<\/td>\n<td>Application mobile<\/td>\n<td>PC\/Ordinateur de bureau<\/td>\n<\/tr>\n<tr>\n<td>Portabilit\u00e9<\/td>\n<td>Jouez o\u00f9 que vous soyez<\/td>\n<td>\u00c0 utiliser uniquement \u00e0 un seul endroit<\/td>\n<\/tr>\n<tr>\n<td>Notifications<\/td>\n<td>Alertes en temps r\u00e9el<\/td>\n<td>Aucun, sauf si un navigateur est ouvert<\/td>\n<\/tr>\n<tr>\n<td>Interface<\/td>\n<td>Adapt\u00e9 au toucher<\/td>\n<td>Plein \u00e9cran avec mise en page d\u00e9taill\u00e9e<\/td>\n<\/tr>\n<tr>\n<td>Acc\u00e8s au jeu<\/td>\n<td>Biblioth\u00e8que compl\u00e8te de jeux<\/td>\n<td>Identique ou l\u00e9g\u00e8rement sup\u00e9rieur<\/td>\n<\/tr>\n<tr>\n<td>Taille de l&rsquo;\u00e9cran<\/td>\n<td>\u00c9cran plus petit<\/td>\n<td>Des images plus grandes et de meilleure qualit\u00e9<\/td>\n<\/tr>\n<tr>\n<td>Commandes<\/td>\n<td>Commandes tactiles<\/td>\n<td>Clavier et souris<\/td>\n<\/tr>\n<tr>\n<td>Performance<\/td>\n<td>Rapide et optimis\u00e9 pour les appareils mobiles<\/td>\n<td>G\u00e8re mieux les graphiques lourds<\/td>\n<\/tr>\n<tr>\n<td>Batterie et donn\u00e9es<\/td>\n<td>Utilise la batterie et les donn\u00e9es mobiles<\/td>\n<td>Alimentation \u00e9lectrique et connexion Internet stables<\/td>\n<\/tr>\n<tr>\n<td>Longues sessions<\/td>\n<td>Moins confortable<\/td>\n<td>Meilleur pour une utilisation prolong\u00e9e<\/td>\n<\/tr>\n<tr>\n<td>Synchronisation des comptes<\/td>\n<td colspan=\"2\">M\u00eame compte sur tous les appareils<\/td>\n<\/tr>\n<tr>\n<td>Assistance par chat en direct<\/td>\n<td colspan=\"2\">\u00c9quipe d&rsquo;assistance disponible 24 h\/24, 7 j\/7, accessible directement dans l&rsquo;application et sur le Web.<\/td>\n<\/tr>\n<\/tbody>\n<\/table>\n<p>L&rsquo;application Gangstasino est la version la plus fonctionnelle. Que vous fassiez tourner les rouleaux, jouiez une partie de poker ou participiez \u00e0 un jeu avec croupier en direct, le jeu mobile offre une exp\u00e9rience haut de gamme sans compromis.<\/p>\n<p><div style=\"clear: both\"><\/div><div class=\"d-flex justify-content-center\"><button data-item=\"decouvrez_link\" data-group=\"website_links\" class=\"goto fw-bold rounded-pill btn btn-orange\" aria-label=\"T\u00e9l\u00e9charger l&#039;application Gangstasino\" >T\u00e9l\u00e9charger l&#039;application Gangstasino<\/button><\/div><div class=\"scrollable-content-wrap my-5\"><div class=\"scrollable-content-inner\"><h2>Gangsta Sino Application mobile pour appareils iOS<\/h2>\n<p>Vos jeux pr\u00e9f\u00e9r\u00e9s sont \u00e0 port\u00e9e de main. Voici comment ajouter l&rsquo;application Gangstasino \u00e0 votre \u00e9cran d&rsquo;accueil iOS :<\/p>\n<ol>\n<li>Ouvrez Safari sur votre appareil Apple.<\/li>\n<li>Rendez-vous sur le site officiel de Gangsta Sino.<\/li>\n<li>Appuyez sur l&rsquo;ic\u00f4ne Partager (situ\u00e9e en bas de l&rsquo;\u00e9cran).<\/li>\n<li>Faites d\u00e9filer vers le bas et s\u00e9lectionnez \u00ab Ajouter \u00e0 l&rsquo;\u00e9cran d&rsquo;accueil \u00bb.<\/li>\n<li>Appuyez sur \u00ab Ajouter \u00bb pour confirmer.<\/li>\n<\/ol>\n<p>Apr\u00e8s cela, l&rsquo;ic\u00f4ne Gangstasino app s&rsquo;affichera sur votre \u00e9cran d&rsquo;accueil, comme une application native. Vous pouvez appuyer dessus \u00e0 tout moment pour lancer directement l&rsquo;exp\u00e9rience de jeu compl\u00e8te gaming experience.<\/p>\n<p><img loading=\"lazy\" decoding=\"async\" class=\"alignnone size-full wp-image-1393\" src=\"https:\/\/gangsta-sino.net\/wp-content\/uploads\/2025\/10\/Gangstasino-App-iOS.webp\" alt=\"Gangstasino App iOS\" width=\"1248\" height=\"536\" srcset=\"https:\/\/gangsta-sino.net\/wp-content\/uploads\/2025\/10\/Gangstasino-App-iOS.webp 1248w, https:\/\/gangsta-sino.net\/wp-content\/uploads\/2025\/10\/Gangstasino-App-iOS-300x129.webp 300w, https:\/\/gangsta-sino.net\/wp-content\/uploads\/2025\/10\/Gangstasino-App-iOS-1024x440.webp 1024w, https:\/\/gangsta-sino.net\/wp-content\/uploads\/2025\/10\/Gangstasino-App-iOS-768x330.webp 768w\" sizes=\"auto, (max-width: 1248px) 100vw, 1248px\" \/><\/p>\n<\/div><\/div><div style=\"clear: both\"><\/div><div class=\"d-flex justify-content-center\"><button data-item=\"decouvrez_link\" data-group=\"website_links\" class=\"goto fw-bold rounded-pill btn btn-orange\" aria-label=\"T\u00e9l\u00e9charger Gangstasino\" >T\u00e9l\u00e9charger Gangstasino<\/button><\/div><div class=\"scrollable-content-wrap my-5\"><div class=\"scrollable-content-inner\"><h2>Application mobile pour les utilisateurs Android<\/h2>\n<p>Gangstasino Casino offre une exp\u00e9rience rapide, fiable et enti\u00e8rement optimis\u00e9e pour Android, sans les tracas li\u00e9s aux fichiers APK ou aux installations tierces. Vous pouvez installer notre application web progressive directement depuis votre navigateur en une seule \u00e9tape simple.<\/p>\n<p>Pour installer l&rsquo;application Gangsta Sino sur votre Android :<\/p>\n<ol>\n<li>Ouvrez le navigateur de votre mobile et rendez-vous sur le site officiel de Gangstasino.<\/li>\n<li>Acc\u00e9dez au bouton Menu situ\u00e9 dans le coin inf\u00e9rieur gauche de l&rsquo;\u00e9cran.<\/li>\n<li>Cliquez sur Installer pour obtenir des informations d\u00e9taill\u00e9es.<\/li>\n<li>Ouvrez l&rsquo;application, connectez-vous et vous pouvez commencer \u00e0 jouer.<\/li>\n<\/ol>\n<p>Avec l&rsquo;application PWA Gangstasino, vous b\u00e9n\u00e9ficiez d&rsquo;un acc\u00e8s imm\u00e9diat. Vous pouvez vous connecter en toute s\u00e9curit\u00e9 et profiter d&rsquo;une exp\u00e9rience de jeu fluide, sans t\u00e9l\u00e9chargement ni mise \u00e0 jour requis. Veuillez ne pas installer le fichier APK Gangstasino provenant de sites tiers.<\/p>\n<p><img loading=\"lazy\" decoding=\"async\" class=\"alignnone size-full wp-image-1394\" src=\"https:\/\/gangsta-sino.net\/wp-content\/uploads\/2025\/10\/Gangstasino-App-Android.webp\" alt=\"Gangstasino App Android\" width=\"1248\" height=\"536\" srcset=\"https:\/\/gangsta-sino.net\/wp-content\/uploads\/2025\/10\/Gangstasino-App-Android.webp 1248w, https:\/\/gangsta-sino.net\/wp-content\/uploads\/2025\/10\/Gangstasino-App-Android-300x129.webp 300w, https:\/\/gangsta-sino.net\/wp-content\/uploads\/2025\/10\/Gangstasino-App-Android-1024x440.webp 1024w, https:\/\/gangsta-sino.net\/wp-content\/uploads\/2025\/10\/Gangstasino-App-Android-768x330.webp 768w\" sizes=\"auto, (max-width: 1248px) 100vw, 1248px\" \/><\/p>\n<\/div><\/div><div style=\"clear: both\"><\/div><div class=\"d-flex justify-content-center\"><button data-item=\"decouvrez_link\" data-group=\"website_links\" class=\"goto fw-bold rounded-pill btn btn-orange\" aria-label=\"T\u00e9l\u00e9charger l&#039;application Gangstasino\" >T\u00e9l\u00e9charger l&#039;application Gangstasino<\/button><\/div><div class=\"scrollable-content-wrap my-5\"><div class=\"scrollable-content-inner\"><h2>Jouez sur Windows ou Mac avec Gangstasino<\/h2>\n<p>Les jeux que vous aimez le plus sont d\u00e9sormais plus accessibles que jamais. Profitez de d\u00e9lais de retrait rapides, d&rsquo;une attribution de bonus ludique, d&rsquo;un acc\u00e8s instantan\u00e9 \u00e0 vos bonus pr\u00e9f\u00e9r\u00e9s et d&rsquo;un jeu sans fin lors de tournois passionnants. Toutes vos attractions au casino Gangstasino sont d\u00e9sormais plus rapides et plus efficaces.<\/p>\n<p>\u00c9tapes pour installer Gangsta Sino sur votre Windows ou Mac :<\/p>\n<ol>\n<li>Ouvrez Chrome sur les PC Windows ou Safari sur les Mac.<\/li>\n<li>Acc\u00e9dez au site officiel de Gangstasino.<\/li>\n<li>Rep\u00e9rez le bouton \u00ab Casino App \u00bb situ\u00e9 \u00e0 l&rsquo;extr\u00eame droite de la barre d&rsquo;adresse.<\/li>\n<li>Suivez ensuite les instructions.<\/li>\n<\/ol>\n<p>Une fois le processus de v\u00e9rification termin\u00e9, l&rsquo;application Gangstasino sera ajout\u00e9e \u00e0 votre bureau ou \u00e0 votre menu D\u00e9marrer pour un acc\u00e8s facile et pourra \u00eatre ouverte d&rsquo;un simple clic.<\/p>\n<p><img loading=\"lazy\" decoding=\"async\" class=\"alignnone size-full wp-image-1395\" src=\"https:\/\/gangsta-sino.net\/wp-content\/uploads\/2025\/10\/Gangstasino-App-PC.webp\" alt=\"Gangstasino App PC\" width=\"1248\" height=\"536\" srcset=\"https:\/\/gangsta-sino.net\/wp-content\/uploads\/2025\/10\/Gangstasino-App-PC.webp 1248w, https:\/\/gangsta-sino.net\/wp-content\/uploads\/2025\/10\/Gangstasino-App-PC-300x129.webp 300w, https:\/\/gangsta-sino.net\/wp-content\/uploads\/2025\/10\/Gangstasino-App-PC-1024x440.webp 1024w, https:\/\/gangsta-sino.net\/wp-content\/uploads\/2025\/10\/Gangstasino-App-PC-768x330.webp 768w\" sizes=\"auto, (max-width: 1248px) 100vw, 1248px\" \/><\/p>\n<\/div><\/div><div style=\"clear: both\"><\/div><div class=\"d-flex justify-content-center\"><button data-item=\"decouvrez_link\" data-group=\"website_links\" class=\"goto fw-bold rounded-pill btn btn-orange\" aria-label=\"T\u00e9l\u00e9charger Gangstasino\" >T\u00e9l\u00e9charger Gangstasino<\/button><\/div><div class=\"scrollable-content-wrap my-5\"><div class=\"scrollable-content-inner\"><h2>Foire aux questions<\/h2>\n<h3>Comment puis-je t\u00e9l\u00e9charger et installer l&rsquo;application mobile Gangsta Sino ?<\/h3>\n<p>Vous ne trouverez pas d&rsquo;application mobile native officielle pour Gangsta Sino sur Google Play Store ou Apple App Store. Cependant, vous pouvez utiliser le site optimis\u00e9 pour les mobiles, qui fonctionne comme une PWA. Il vous suffit de nous trouver sur votre navigateur mobile, et le site s&rsquo;adaptera automatiquement \u00e0 votre utilisation mobile. Ainsi, vous n&rsquo;avez pas \u00e0 vous soucier des t\u00e9l\u00e9chargements et vous disposez toujours de la version la plus r\u00e9cente sans avoir besoin de la mettre \u00e0 jour.<\/p>\n<h3>L&rsquo;application Gangsta Sino est-elle disponible pour les appareils Android et iOS ?<\/h3>\n<p>Bien qu&rsquo;il n&rsquo;existe pas d&rsquo;applications sp\u00e9cialis\u00e9es pour ces plateformes, le site web Gangsta Sino optimis\u00e9 pour les mobiles est accessible sur les appareils iOS et Android, ce qui vous permet d&rsquo;utiliser Gangsta Sino sur votre mobile ou votre tablette sans installation, \u00e9liminant ainsi le besoin d&rsquo;installer une application. Cependant, soyez prudent et utilisez uniquement le site web officiel afin d&rsquo;\u00e9viter tout risque li\u00e9 \u00e0 la s\u00e9curit\u00e9.<\/p>\n<h3>Quelles sont les diff\u00e9rences entre jouer sur mobile et sur PC ?<\/h3>\n<p>Les deux plateformes offrent des fonctionnalit\u00e9s centrales et des collections de jeux identiques. La version mobile offre la commodit\u00e9 de la portabilit\u00e9 et des notifications push, tandis que la version bureau permet \u00e0 l&rsquo;utilisateur de profiter d&rsquo;une surface plus grande et de modalit\u00e9s de saisie standard.<\/p>\n<h3>Puis-je utiliser le m\u00eame compte sur l&rsquo;application Gangsta Sino et sur le site web ?<\/h3>\n<p>Toutes les plateformes sont enti\u00e8rement int\u00e9gr\u00e9es \u00e0 votre compte Gangstasino. Cela signifie que, quel que soit l&rsquo;appareil que vous utilisez, qu&rsquo;il s&rsquo;agisse d&rsquo;un mobile, d&rsquo;une tablette ou d&rsquo;un ordinateur de bureau, vous pouvez vous connecter \u00e0 votre compte \u00e0 tout moment. Toutes les informations relatives \u00e0 votre compte, les parties en cours, votre solde, vos bonus, vos param\u00e8tres et vos informations personnelles seront synchronis\u00e9s.<\/p>\n<\/div><\/div><\/p>\n","protected":false},"excerpt":{"rendered":"<p>Application Gangstasino Casino pour iOS et Android Gangstasino App offre une exp\u00e9rience de jeu de haute qualit\u00e9 sur votre ordinateur de bureau et vos appareils mobiles, dont vous pouvez profiter \u00e0 tout moment et en tout lieu. Gangstasino Casino est optimis\u00e9 pour les appareils mobiles Android et iOS et offre une compatibilit\u00e9 totale avec Windows [&hellip;]<\/p>\n","protected":false},"author":1,"featured_media":0,"parent":0,"menu_order":0,"comment_status":"closed","ping_status":"closed","template":"template-builder.php","meta":{"_acf_changed":false,"inline_featured_image":false,"footnotes":""},"class_list":["post-1417","page","type-page","status-publish","hentry"],"acf":[],"yoast_head":"<!-- This site is optimized with the Yoast SEO plugin v27.3 - https:\/\/yoast.com\/product\/yoast-seo-wordpress\/ -->\n<title>Gangstasino Casino App pour iOS et Android<\/title>\n<meta name=\"description\" content=\"T\u00e9l\u00e9chargez l&#039;app Gangsta Sino sur n&#039;importe quel appareil et acc\u00e9dez instantan\u00e9ment \u00e0 plus de 6 000 jeux et bien plus encore. Jouez en toute s\u00e9curit\u00e9 et b\u00e9n\u00e9ficiez d&#039;une assistance 24\/7, o\u00f9 que vous soyez.\" \/>\n<meta name=\"robots\" content=\"index, follow, max-snippet:-1, max-image-preview:large, max-video-preview:-1\" \/>\n<link rel=\"canonical\" href=\"https:\/\/gangsta-sino.net\/fr\/app\/\" \/>\n<meta property=\"og:locale\" content=\"fr_FR\" \/>\n<meta property=\"og:type\" content=\"article\" \/>\n<meta property=\"og:title\" content=\"Gangstasino Casino App pour iOS et Android\" \/>\n<meta property=\"og:description\" content=\"T\u00e9l\u00e9chargez l&#039;app Gangsta Sino sur n&#039;importe quel appareil et acc\u00e9dez instantan\u00e9ment \u00e0 plus de 6 000 jeux et bien plus encore. Jouez en toute s\u00e9curit\u00e9 et b\u00e9n\u00e9ficiez d&#039;une assistance 24\/7, o\u00f9 que vous soyez.\" \/>\n<meta property=\"og:url\" content=\"https:\/\/gangsta-sino.net\/fr\/app\/\" \/>\n<meta property=\"og:site_name\" content=\"gangstasino\" \/>\n<meta property=\"article:modified_time\" content=\"2025-12-25T19:08:07+00:00\" \/>\n<meta name=\"twitter:card\" content=\"summary_large_image\" \/>\n<meta name=\"twitter:label1\" content=\"Dur\u00e9e de lecture estim\u00e9e\" \/>\n\t<meta name=\"twitter:data1\" content=\"3 minutes\" \/>\n<script type=\"application\/ld+json\" class=\"yoast-schema-graph\">{\"@context\":\"https:\\\/\\\/schema.org\",\"@graph\":[{\"@type\":\"WebPage\",\"@id\":\"https:\\\/\\\/gangsta-sino.net\\\/fr\\\/app\\\/\",\"url\":\"https:\\\/\\\/gangsta-sino.net\\\/fr\\\/app\\\/\",\"name\":\"Gangstasino Casino App pour iOS et Android\",\"isPartOf\":{\"@id\":\"https:\\\/\\\/gangsta-sino.net\\\/fr\\\/#website\"},\"datePublished\":\"2025-10-31T12:46:02+00:00\",\"dateModified\":\"2025-12-25T19:08:07+00:00\",\"description\":\"T\u00e9l\u00e9chargez l'app Gangsta Sino sur n'importe quel appareil et acc\u00e9dez instantan\u00e9ment \u00e0 plus de 6 000 jeux et bien plus encore. Jouez en toute s\u00e9curit\u00e9 et b\u00e9n\u00e9ficiez d'une assistance 24\\\/7, o\u00f9 que vous soyez.\",\"breadcrumb\":{\"@id\":\"https:\\\/\\\/gangsta-sino.net\\\/fr\\\/app\\\/#breadcrumb\"},\"inLanguage\":\"fr-FR\",\"potentialAction\":[{\"@type\":\"ReadAction\",\"target\":[\"https:\\\/\\\/gangsta-sino.net\\\/fr\\\/app\\\/\"]}]},{\"@type\":\"BreadcrumbList\",\"@id\":\"https:\\\/\\\/gangsta-sino.net\\\/fr\\\/app\\\/#breadcrumb\",\"itemListElement\":[{\"@type\":\"ListItem\",\"position\":1,\"name\":\"Gangstasino\",\"item\":\"https:\\\/\\\/gangsta-sino.net\\\/fr\\\/\"},{\"@type\":\"ListItem\",\"position\":2,\"name\":\"App\"}]},{\"@type\":\"WebSite\",\"@id\":\"https:\\\/\\\/gangsta-sino.net\\\/fr\\\/#website\",\"url\":\"https:\\\/\\\/gangsta-sino.net\\\/fr\\\/\",\"name\":\"Gangstasino\",\"description\":\"\",\"publisher\":{\"@id\":\"https:\\\/\\\/gangsta-sino.net\\\/fr\\\/#organization\"},\"potentialAction\":[{\"@type\":\"SearchAction\",\"target\":{\"@type\":\"EntryPoint\",\"urlTemplate\":\"https:\\\/\\\/gangsta-sino.net\\\/fr\\\/?s={search_term_string}\"},\"query-input\":{\"@type\":\"PropertyValueSpecification\",\"valueRequired\":true,\"valueName\":\"search_term_string\"}}],\"inLanguage\":\"fr-FR\"},{\"@type\":\"Organization\",\"@id\":\"https:\\\/\\\/gangsta-sino.net\\\/fr\\\/#organization\",\"name\":\"Gangstasino\",\"url\":\"https:\\\/\\\/gangsta-sino.net\\\/fr\\\/\",\"logo\":{\"@type\":\"ImageObject\",\"inLanguage\":\"fr-FR\",\"@id\":\"https:\\\/\\\/gangsta-sino.net\\\/fr\\\/#\\\/schema\\\/logo\\\/image\\\/\",\"url\":\"https:\\\/\\\/gangsta-sino.net\\\/wp-content\\\/uploads\\\/2025\\\/08\\\/80u1FaquEZeR6OUTeJCc.png\",\"contentUrl\":\"https:\\\/\\\/gangsta-sino.net\\\/wp-content\\\/uploads\\\/2025\\\/08\\\/80u1FaquEZeR6OUTeJCc.png\",\"width\":152,\"height\":35,\"caption\":\"Gangstasino\"},\"image\":{\"@id\":\"https:\\\/\\\/gangsta-sino.net\\\/fr\\\/#\\\/schema\\\/logo\\\/image\\\/\"}}]}<\/script>\n<!-- \/ Yoast SEO plugin. -->","yoast_head_json":{"title":"Gangstasino Casino App pour iOS et Android","description":"T\u00e9l\u00e9chargez l'app Gangsta Sino sur n'importe quel appareil et acc\u00e9dez instantan\u00e9ment \u00e0 plus de 6 000 jeux et bien plus encore. Jouez en toute s\u00e9curit\u00e9 et b\u00e9n\u00e9ficiez d'une assistance 24\/7, o\u00f9 que vous soyez.","robots":{"index":"index","follow":"follow","max-snippet":"max-snippet:-1","max-image-preview":"max-image-preview:large","max-video-preview":"max-video-preview:-1"},"canonical":"https:\/\/gangsta-sino.net\/fr\/app\/","og_locale":"fr_FR","og_type":"article","og_title":"Gangstasino Casino App pour iOS et Android","og_description":"T\u00e9l\u00e9chargez l'app Gangsta Sino sur n'importe quel appareil et acc\u00e9dez instantan\u00e9ment \u00e0 plus de 6 000 jeux et bien plus encore. Jouez en toute s\u00e9curit\u00e9 et b\u00e9n\u00e9ficiez d'une assistance 24\/7, o\u00f9 que vous soyez.","og_url":"https:\/\/gangsta-sino.net\/fr\/app\/","og_site_name":"gangstasino","article_modified_time":"2025-12-25T19:08:07+00:00","twitter_card":"summary_large_image","twitter_misc":{"Dur\u00e9e de lecture estim\u00e9e":"3 minutes"},"schema":{"@context":"https:\/\/schema.org","@graph":[{"@type":"WebPage","@id":"https:\/\/gangsta-sino.net\/fr\/app\/","url":"https:\/\/gangsta-sino.net\/fr\/app\/","name":"Gangstasino Casino App pour iOS et Android","isPartOf":{"@id":"https:\/\/gangsta-sino.net\/fr\/#website"},"datePublished":"2025-10-31T12:46:02+00:00","dateModified":"2025-12-25T19:08:07+00:00","description":"T\u00e9l\u00e9chargez l'app Gangsta Sino sur n'importe quel appareil et acc\u00e9dez instantan\u00e9ment \u00e0 plus de 6 000 jeux et bien plus encore. Jouez en toute s\u00e9curit\u00e9 et b\u00e9n\u00e9ficiez d'une assistance 24\/7, o\u00f9 que vous soyez.","breadcrumb":{"@id":"https:\/\/gangsta-sino.net\/fr\/app\/#breadcrumb"},"inLanguage":"fr-FR","potentialAction":[{"@type":"ReadAction","target":["https:\/\/gangsta-sino.net\/fr\/app\/"]}]},{"@type":"BreadcrumbList","@id":"https:\/\/gangsta-sino.net\/fr\/app\/#breadcrumb","itemListElement":[{"@type":"ListItem","position":1,"name":"Gangstasino","item":"https:\/\/gangsta-sino.net\/fr\/"},{"@type":"ListItem","position":2,"name":"App"}]},{"@type":"WebSite","@id":"https:\/\/gangsta-sino.net\/fr\/#website","url":"https:\/\/gangsta-sino.net\/fr\/","name":"Gangstasino","description":"","publisher":{"@id":"https:\/\/gangsta-sino.net\/fr\/#organization"},"potentialAction":[{"@type":"SearchAction","target":{"@type":"EntryPoint","urlTemplate":"https:\/\/gangsta-sino.net\/fr\/?s={search_term_string}"},"query-input":{"@type":"PropertyValueSpecification","valueRequired":true,"valueName":"search_term_string"}}],"inLanguage":"fr-FR"},{"@type":"Organization","@id":"https:\/\/gangsta-sino.net\/fr\/#organization","name":"Gangstasino","url":"https:\/\/gangsta-sino.net\/fr\/","logo":{"@type":"ImageObject","inLanguage":"fr-FR","@id":"https:\/\/gangsta-sino.net\/fr\/#\/schema\/logo\/image\/","url":"https:\/\/gangsta-sino.net\/wp-content\/uploads\/2025\/08\/80u1FaquEZeR6OUTeJCc.png","contentUrl":"https:\/\/gangsta-sino.net\/wp-content\/uploads\/2025\/08\/80u1FaquEZeR6OUTeJCc.png","width":152,"height":35,"caption":"Gangstasino"},"image":{"@id":"https:\/\/gangsta-sino.net\/fr\/#\/schema\/logo\/image\/"}}]}},"_links":{"self":[{"href":"https:\/\/gangsta-sino.net\/fr\/wp-json\/wp\/v2\/pages\/1417","targetHints":{"allow":["GET"]}}],"collection":[{"href":"https:\/\/gangsta-sino.net\/fr\/wp-json\/wp\/v2\/pages"}],"about":[{"href":"https:\/\/gangsta-sino.net\/fr\/wp-json\/wp\/v2\/types\/page"}],"author":[{"embeddable":true,"href":"https:\/\/gangsta-sino.net\/fr\/wp-json\/wp\/v2\/users\/1"}],"replies":[{"embeddable":true,"href":"https:\/\/gangsta-sino.net\/fr\/wp-json\/wp\/v2\/comments?post=1417"}],"version-history":[{"count":3,"href":"https:\/\/gangsta-sino.net\/fr\/wp-json\/wp\/v2\/pages\/1417\/revisions"}],"predecessor-version":[{"id":2050,"href":"https:\/\/gangsta-sino.net\/fr\/wp-json\/wp\/v2\/pages\/1417\/revisions\/2050"}],"wp:attachment":[{"href":"https:\/\/gangsta-sino.net\/fr\/wp-json\/wp\/v2\/media?parent=1417"}],"curies":[{"name":"wp","href":"https:\/\/api.w.org\/{rel}","templated":true}]}}