{"id":1476,"date":"2025-10-31T12:52:53","date_gmt":"2025-10-31T12:52:53","guid":{"rendered":"https:\/\/gangsta-sino.net\/login-and-registration\/"},"modified":"2025-12-25T19:11:28","modified_gmt":"2025-12-25T19:11:28","slug":"connexion-et-inscription","status":"publish","type":"page","link":"https:\/\/gangsta-sino.net\/fr\/connexion-et-inscription\/","title":{"rendered":"Connexion et Inscription"},"content":{"rendered":"<h1>Connexion \u00e0 Gangstasino et cr\u00e9ation d&rsquo;un compte<\/h1>\n<p>Le Gangstasino login vous permet d&rsquo;acc\u00e9der rapidement aux machines \u00e0 sous, aux jeux de table et bien plus encore. De plus, lorsque vous vous inscrivez sur Gangstasino, vous obtenez bien plus qu&rsquo;un simple compte. Vous avez acc\u00e8s \u00e0 tous nos jeux, \u00e0 nos promotions, \u00e0 votre tableau de bord personnel avec vos statistiques et votre solde, aux outils pour effectuer des d\u00e9p\u00f4ts et des retraits, et bien plus encore. En substance, l&rsquo;inscription \u00e0 Gangsta Sino vous fait passer du statut de visiteur \u00e0 celui de joueur actif, d&rsquo;observateur passif \u00e0 celui de participant. Vous pouvez d\u00e9sormais jouer, surveiller, g\u00e9rer et profiter pleinement de l&rsquo;exp\u00e9rience du casino Gangstasino.<\/p>\n<p><div class=\"banner-wrap\" aria-label=\"Banner\"><img src=\"https:\/\/gangsta-sino.net\/wp-content\/uploads\/2025\/11\/Banner-Desktop.png\" class=\"w-100 d-none d-lg-block img-pc main-banner-img\" alt=\"Gangstasino bonus desktop\" fetchpriority=\"high\" decoding=\"async\"><img src=\"https:\/\/gangsta-sino.net\/wp-content\/uploads\/2025\/10\/Gangstasino-bonus-mobile.webp\" class=\"w-100 d-none d-md-block d-lg-none main-banner-img\" alt=\"Gangstasino bonus mobile\" fetchpriority=\"high\" decoding=\"async\"><img src=\"https:\/\/gangsta-sino.net\/wp-content\/uploads\/2025\/10\/Gangstasino-bonus-mobile.webp\" class=\"w-100 d-md-none\" alt=\"Gangstasino bonus mobile\" fetchpriority=\"high\" decoding=\"async\"><div class=\"banner-description\">\n<div class=\"banner-title\">Bonus de Bienvenue<\/div>\n<p class=\"banner-header-title\">1000 \u20ac<\/p>\n<div class=\"banner-header-AdditionalText\">+ 100 Tours Gratuits<\/div>\n<button data-item=\"homepage_banner_link\" class=\"goto m-button m-gradient-border m-button--primary m-button--large banner-button btn-orange\">\n            <div class=\"m-button-content\">\n                <span>Inscrivez-vous d\u00e8s maintenant<\/span>\n                <span><\/span>\n            <\/div>\n        <\/button>\n<\/div>\n<div class=\"WelcomePack\">\n<p><img loading=\"lazy\" decoding=\"async\" class=\"alignnone size-full wp-image-1375\" src=\"https:\/\/gangsta-sino.net\/wp-content\/uploads\/2025\/10\/welcome-crown.svg\" alt=\"crown\" width=\"25\" height=\"26\" \/><\/p>\n<div class=\"WelcomePack-Info\">Cashback hebdomadaire jusqu&rsquo;\u00e0 25 %<\/div>\n<p><img loading=\"lazy\" decoding=\"async\" class=\"alignnone size-full wp-image-1375\" src=\"https:\/\/gangsta-sino.net\/wp-content\/uploads\/2025\/10\/welcome-crown.svg\" alt=\"crown\" width=\"25\" height=\"26\" \/><\/p>\n<\/div>\n<\/div><div class=\"scrollable-content-wrap my-5\"><div class=\"scrollable-content-inner\"><h2>Rejoignez Gangstasino et commencez \u00e0 jouer<\/h2>\n<p>Lorsque vous rejoignez Gangstasino, vous pouvez profiter pleinement de notre catalogue de jeux, comprenant des machines \u00e0 sous, des jeux de table et des exp\u00e9riences avec croupiers en direct. La cr\u00e9ation d&rsquo;un compte est la premi\u00e8re \u00e9tape pour b\u00e9n\u00e9ficier de tous nos bonus et promotions. Voici comment proc\u00e9der :<\/p>\n<h3>Guide de configuration du compte<\/h3>\n<p>Ouvrez votre navigateur pr\u00e9f\u00e9r\u00e9 sur votre ordinateur ou votre mobile et rendez-vous sur le site officiel Gangstasino Casino. V\u00e9rifiez toujours que vous \u00eates sur le bon domaine afin d&rsquo;\u00e9viter tout site de phishing.<\/p>\n<ol>\n<li>Rep\u00e9rez le bouton \u00ab S&rsquo;inscrire \u00bb.<\/li>\n<li>Les protocoles d&rsquo;enregistrement standard vous demanderont de remplir les informations suivantes :\n<ul>\n<li>Adresse e-mail valide<\/li>\n<li>Mot de passe (s\u00e9curis\u00e9, fort)<\/li>\n<li>Code promotionnel (facultatif)<\/li>\n<\/ul>\n<\/li>\n<li>Accepter les conditions g\u00e9n\u00e9rales \/ Politique de confidentialit\u00e9 : vous devrez confirmer que vous acceptez les services fournis par Gangstasino Casino, ainsi que la politique de confidentialit\u00e9, la politique de jeu responsable, etc. Pour ce faire, vous devrez cocher une case.<\/li>\n<\/ol>\n<p>Une fois que vous avez rempli le formulaire d&rsquo;inscription, vous devriez pouvoir cliquer sur \u00ab S&rsquo;inscrire \u00bb.<\/p>\n<p>D\u00e8s votre inscription, vous pouvez profiter de notre large s\u00e9lection de bonus et de r\u00e9compenses. Chaque d\u00e9p\u00f4t que vous effectuez et chaque connexion \u00e0 Gangstasino vous rapporte des r\u00e9compenses, notamment des bonus de bienvenue, des remises hebdomadaires, des bonus week-end et bien plus encore. N&rsquo;h\u00e9sitez pas \u00e0 nous contacter via le chat en direct si vous avez des questions.<\/p>\n<h2>Acc\u00e8s au compte et contr\u00f4le chez Gangstasino<\/h2>\n<p>Maintenant que votre compte Gangstasino Casino a \u00e9t\u00e9 cr\u00e9\u00e9 et activ\u00e9, la prochaine \u00e9tape consiste \u00e0 ma\u00eetriser la proc\u00e9dure de connexion et \u00e0 d\u00e9couvrir les activit\u00e9s disponibles dans votre compte joueur.<\/p>\n<h3>Comment se connecter<\/h3>\n<ol>\n<li>Sur un ordinateur de bureau ou un appareil mobile, ouvrez un navigateur Web et acc\u00e9dez \u00e0 la page Connexion \u00e0 Gangstasino.<\/li>\n<li>Vous trouverez le bouton de connexion dans le coin sup\u00e9rieur droit de la page.<\/li>\n<li>Saisissez votre adresse e-mail et votre mot de passe dans les champs requis.<\/li>\n<li>Cliquez ensuite sur le bouton Connexion \u00e0 Gangstasino.<\/li>\n<\/ol>\n<p>Une fois que le syst\u00e8me Gangsta Sino aura confirm\u00e9 l&rsquo;exactitude de votre mot de passe et de votre nom d&rsquo;utilisateur, il vous redirigera vers le hall principal de votre compte, \u00e9galement appel\u00e9 tableau de bord du compte.<\/p>\n<p>N&rsquo;oubliez pas d&rsquo;utiliser uniquement le site officiel Gangsta Sino ; n&rsquo;utilisez pas de liens non officiels, qui pourraient contenir des informations erron\u00e9es.<\/p>\n<p>La fen\u00eatre de votre compte Gangstasino Casino vous offre toute une gamme de commandes et de fonctionnalit\u00e9s d\u00e8s que vous vous connectez. Les fonctions courantes sont les suivantes :<\/p>\n<ul>\n<li>Machines \u00e0 sous et jackpots<\/li>\n<li>D\u00e9p\u00f4ts<\/li>\n<li>Retrait<\/li>\n<li>Gestion des primes et des promotions<\/li>\n<li>Historique du jeu<\/li>\n<li>Acc\u00e8s \u00e0 notre programme VIP\/fid\u00e9lit\u00e9<\/li>\n<li>\u00c9quipe d&rsquo;assistance et centre d&rsquo;aide<\/li>\n<\/ul>\n<h3>Comment r\u00e9initialiser les informations de connexion<\/h3>\n<p>Voici ce qu&rsquo;il faut faire si vous ne vous souvenez plus de votre mot de passe :<\/p>\n<ol>\n<li>Sous les identifiants de connexion, vous trouverez l&rsquo;option \u00ab Mot de passe oubli\u00e9 ? \u00bb.<\/li>\n<li>Saisissez l&rsquo;adresse e-mail associ\u00e9e \u00e0 votre compte Gangstasino.<\/li>\n<li>Vous recevrez un e-mail contenant des instructions. Suivez-les pour r\u00e9initialiser votre mot de passe.<\/li>\n<li>Assurez-vous que votre nouveau mot de passe est s\u00e9curis\u00e9 et contient une combinaison de lettres majuscules et minuscules, de chiffres et de caract\u00e8res sp\u00e9ciaux.<\/li>\n<li>Connectez-vous \u00e0 l&rsquo;aide du nouveau mot de passe.<\/li>\n<\/ol>\n<h2>Processus de v\u00e9rification des joueurs<\/h2>\n<p>Une fois que vous aurez effectu\u00e9 votre premier d\u00e9p\u00f4t et vous serez connect\u00e9, nous vous demanderons de v\u00e9rifier votre identit\u00e9, \u00e9galement appel\u00e9e \u00ab Know Your Customer \u00bb ou KYC, avant d&rsquo;autoriser certains retraits ou des limites plus \u00e9lev\u00e9es. Cette mesure vise autant \u00e0 vous prot\u00e9ger qu&rsquo;\u00e0 respecter les obligations l\u00e9gales et r\u00e9glementaires.<\/p>\n<h3>Ce que vous devrez peut-\u00eatre fournir<\/h3>\n<p>En fonction de votre pays et de la politique de Gangstasino, nous vous demanderons :<\/p>\n<ul>\n<li>Une pi\u00e8ce d&rsquo;identit\u00e9 officielle en cours de validit\u00e9, telle qu&rsquo;un passeport, un permis de conduire ou une carte d&rsquo;identit\u00e9 nationale, sur laquelle figurent votre nom complet et votre photo.<\/li>\n<li>Un document r\u00e9cent attestant ou prouvant votre adresse par voie \u00e9lectronique, tel qu&rsquo;une facture de services publics, un relev\u00e9 bancaire ou un document officiel, datant de moins de 3 \u00e0 6 mois, afin de confirmer que votre adresse correspond \u00e0 celle indiqu\u00e9e dans votre profil.<\/li>\n<li>Un selfie ou une vid\u00e9o en direct peut \u00eatre requis pour la v\u00e9rification d&rsquo;identit\u00e9.<\/li>\n<\/ul>\n<h3>Comment soumettre vos documents<\/h3>\n<p>Avec Gangsta Sino, notre processus de v\u00e9rification KYC est simple :<\/p>\n<ol>\n<li>Acc\u00e9dez \u00e0 votre compte Gangstasino et cliquez sur votre profil en haut \u00e0 droite du tableau de bord.<\/li>\n<li>Choisissez \u00ab V\u00e9rification \u00bb.<\/li>\n<li>Choisissez la pi\u00e8ce d&rsquo;identit\u00e9 officielle que vous utiliserez.<\/li>\n<li>T\u00e9l\u00e9chargez tous les documents n\u00e9cessaires.<\/li>\n<li>Cliquez sur \u00ab Soumettre \u00bb lorsque vous avez termin\u00e9.<\/li>\n<\/ol>\n<p>Voici les exigences pour chaque identifiant que vous utiliserez :<\/p>\n<table>\n<tbody>\n<tr>\n<td>Type d&rsquo;identifiant<\/td>\n<td>Documents \u00e0 t\u00e9l\u00e9charger<\/td>\n<\/tr>\n<tr>\n<td>Passeport<\/td>\n<td>Page d&rsquo;identit\u00e9 du passeport<\/p>\n<p>Photo selfie r\u00e9cente<\/p>\n<p>Justificatif de domicile (facture d&rsquo;\u00e9lectricit\u00e9 ou relev\u00e9 bancaire)<\/td>\n<\/tr>\n<tr>\n<td>Permis de conduire<\/td>\n<td>Photo recto et verso du permis de conduire<\/td>\n<\/tr>\n<tr>\n<td>Carte d&rsquo;identit\u00e9<\/td>\n<td>Photo recto et verso de la carte d&rsquo;identit\u00e9<\/td>\n<\/tr>\n<tr>\n<td>Permis de s\u00e9jour<\/td>\n<td>Document de permis de s\u00e9jour uniquement<\/td>\n<\/tr>\n<\/tbody>\n<\/table>\n<p>Nous examinerons vos documents (cela prend g\u00e9n\u00e9ralement entre 24 et 48 heures, voire plus). Une fois vos documents examin\u00e9s, vous serez inform\u00e9 du statut de v\u00e9rification de votre compte (par e-mail ou dans votre compte).<\/p>\n<p>Notre \u00e9quipe d&rsquo;assistance par chat en direct est disponible pour vous aider en temps r\u00e9el. Nous accordons la priorit\u00e9 \u00e0 toutes vos questions, qu&rsquo;elles concernent votre compte, des probl\u00e8mes techniques ou tout autre sujet. Nous proposons \u00e9galement une assistance multilingue, alors n&rsquo;h\u00e9sitez pas \u00e0 nous contacter dans la langue dans laquelle vous vous sentez le plus \u00e0 l&rsquo;aise.<\/p>\n<h2>Foire aux questions<\/h2>\n<h3>Que dois-je faire si j&rsquo;oublie mon mot de passe ou mes identifiants de connexion ?<\/h3>\n<p>Pour r\u00e9initialiser votre mot de passe, rendez-vous sur la page Connexion \u00e0 Gangstasino et cliquez sur le lien \u00ab Mot de passe oubli\u00e9 ? \u00bb. Saisissez votre adresse e-mail enregistr\u00e9e, puis consultez votre bo\u00eete de r\u00e9ception pour obtenir les instructions permettant de d\u00e9finir un nouveau mot de passe.<\/p>\n<h3>Pourquoi dois-je v\u00e9rifier mon compte Gangstasino ?<\/h3>\n<p>Afin de s&rsquo;assurer que vous \u00eates bien qui vous pr\u00e9tendez \u00eatre, que vous avez l&rsquo;\u00e2ge requis pour jouer, que vos finances sont en s\u00e9curit\u00e9 et que vous r\u00e9pondez aux exigences l\u00e9gales et anti-blanchiment d&rsquo;argent, Gangstasino Casino doit proc\u00e9der \u00e0 certaines v\u00e9rifications.<\/p>\n<h3>Puis-je mettre \u00e0 jour mes informations personnelles apr\u00e8s mon inscription ?<\/h3>\n<p>Une fois connect\u00e9, vous pouvez effectuer des mises \u00e0 jour via le tableau de bord du compte. Voici quelques-unes des informations que vous pouvez modifier : mot de passe, adresse e-mail, num\u00e9ro de t\u00e9l\u00e9phone, langue, informations relatives au mode de paiement, etc.<\/p>\n<\/div><\/div><\/p>\n","protected":false},"excerpt":{"rendered":"<p>Connexion \u00e0 Gangstasino et cr\u00e9ation d&rsquo;un compte Le Gangstasino login vous permet d&rsquo;acc\u00e9der rapidement aux machines \u00e0 sous, aux jeux de table et bien plus encore. De plus, lorsque vous vous inscrivez sur Gangstasino, vous obtenez bien plus qu&rsquo;un simple compte. Vous avez acc\u00e8s \u00e0 tous nos jeux, \u00e0 nos promotions, \u00e0 votre tableau de [&hellip;]<\/p>\n","protected":false},"author":1,"featured_media":0,"parent":0,"menu_order":0,"comment_status":"closed","ping_status":"closed","template":"template-builder.php","meta":{"_acf_changed":false,"inline_featured_image":false,"footnotes":""},"class_list":["post-1476","page","type-page","status-publish","hentry"],"acf":[],"yoast_head":"<!-- This site is optimized with the Yoast SEO plugin v27.3 - https:\/\/yoast.com\/product\/yoast-seo-wordpress\/ -->\n<title>Gangstasino Login | Acc\u00e8s et inscription s\u00e9curis\u00e9s<\/title>\n<meta name=\"description\" content=\"Votre identifiant Gangsta Sino vous donne acc\u00e8s \u00e0 des milliers de jeux. Connectez-vous pour jouer ou cr\u00e9er un compte, effectuez une v\u00e9rification s\u00e9curis\u00e9e, g\u00e9rez vos fonds et contactez l&#039;assistance 24h\/24 et 7j\/7.\" \/>\n<meta name=\"robots\" content=\"index, follow, max-snippet:-1, max-image-preview:large, max-video-preview:-1\" \/>\n<link rel=\"canonical\" href=\"https:\/\/gangsta-sino.net\/fr\/connexion-et-inscription\/\" \/>\n<meta property=\"og:locale\" content=\"fr_FR\" \/>\n<meta property=\"og:type\" content=\"article\" \/>\n<meta property=\"og:title\" content=\"Gangstasino Login | Acc\u00e8s et inscription s\u00e9curis\u00e9s\" \/>\n<meta property=\"og:description\" content=\"Votre identifiant Gangsta Sino vous donne acc\u00e8s \u00e0 des milliers de jeux. Connectez-vous pour jouer ou cr\u00e9er un compte, effectuez une v\u00e9rification s\u00e9curis\u00e9e, g\u00e9rez vos fonds et contactez l&#039;assistance 24h\/24 et 7j\/7.\" \/>\n<meta property=\"og:url\" content=\"https:\/\/gangsta-sino.net\/fr\/connexion-et-inscription\/\" \/>\n<meta property=\"og:site_name\" content=\"gangstasino\" \/>\n<meta property=\"article:modified_time\" content=\"2025-12-25T19:11:28+00:00\" \/>\n<meta name=\"twitter:card\" content=\"summary_large_image\" \/>\n<meta name=\"twitter:label1\" content=\"Dur\u00e9e de lecture estim\u00e9e\" \/>\n\t<meta name=\"twitter:data1\" content=\"1 minute\" \/>\n<script type=\"application\/ld+json\" class=\"yoast-schema-graph\">{\"@context\":\"https:\\\/\\\/schema.org\",\"@graph\":[{\"@type\":\"WebPage\",\"@id\":\"https:\\\/\\\/gangsta-sino.net\\\/fr\\\/connexion-et-inscription\\\/\",\"url\":\"https:\\\/\\\/gangsta-sino.net\\\/fr\\\/connexion-et-inscription\\\/\",\"name\":\"Gangstasino Login | Acc\u00e8s et inscription s\u00e9curis\u00e9s\",\"isPartOf\":{\"@id\":\"https:\\\/\\\/gangsta-sino.net\\\/fr\\\/#website\"},\"datePublished\":\"2025-10-31T12:52:53+00:00\",\"dateModified\":\"2025-12-25T19:11:28+00:00\",\"description\":\"Votre identifiant Gangsta Sino vous donne acc\u00e8s \u00e0 des milliers de jeux. Connectez-vous pour jouer ou cr\u00e9er un compte, effectuez une v\u00e9rification s\u00e9curis\u00e9e, g\u00e9rez vos fonds et contactez l'assistance 24h\\\/24 et 7j\\\/7.\",\"breadcrumb\":{\"@id\":\"https:\\\/\\\/gangsta-sino.net\\\/fr\\\/connexion-et-inscription\\\/#breadcrumb\"},\"inLanguage\":\"fr-FR\",\"potentialAction\":[{\"@type\":\"ReadAction\",\"target\":[\"https:\\\/\\\/gangsta-sino.net\\\/fr\\\/connexion-et-inscription\\\/\"]}]},{\"@type\":\"BreadcrumbList\",\"@id\":\"https:\\\/\\\/gangsta-sino.net\\\/fr\\\/connexion-et-inscription\\\/#breadcrumb\",\"itemListElement\":[{\"@type\":\"ListItem\",\"position\":1,\"name\":\"Gangstasino\",\"item\":\"https:\\\/\\\/gangsta-sino.net\\\/fr\\\/\"},{\"@type\":\"ListItem\",\"position\":2,\"name\":\"Connexion et Inscription\"}]},{\"@type\":\"WebSite\",\"@id\":\"https:\\\/\\\/gangsta-sino.net\\\/fr\\\/#website\",\"url\":\"https:\\\/\\\/gangsta-sino.net\\\/fr\\\/\",\"name\":\"Gangstasino\",\"description\":\"\",\"publisher\":{\"@id\":\"https:\\\/\\\/gangsta-sino.net\\\/fr\\\/#organization\"},\"potentialAction\":[{\"@type\":\"SearchAction\",\"target\":{\"@type\":\"EntryPoint\",\"urlTemplate\":\"https:\\\/\\\/gangsta-sino.net\\\/fr\\\/?s={search_term_string}\"},\"query-input\":{\"@type\":\"PropertyValueSpecification\",\"valueRequired\":true,\"valueName\":\"search_term_string\"}}],\"inLanguage\":\"fr-FR\"},{\"@type\":\"Organization\",\"@id\":\"https:\\\/\\\/gangsta-sino.net\\\/fr\\\/#organization\",\"name\":\"Gangstasino\",\"url\":\"https:\\\/\\\/gangsta-sino.net\\\/fr\\\/\",\"logo\":{\"@type\":\"ImageObject\",\"inLanguage\":\"fr-FR\",\"@id\":\"https:\\\/\\\/gangsta-sino.net\\\/fr\\\/#\\\/schema\\\/logo\\\/image\\\/\",\"url\":\"https:\\\/\\\/gangsta-sino.net\\\/wp-content\\\/uploads\\\/2025\\\/08\\\/80u1FaquEZeR6OUTeJCc.png\",\"contentUrl\":\"https:\\\/\\\/gangsta-sino.net\\\/wp-content\\\/uploads\\\/2025\\\/08\\\/80u1FaquEZeR6OUTeJCc.png\",\"width\":152,\"height\":35,\"caption\":\"Gangstasino\"},\"image\":{\"@id\":\"https:\\\/\\\/gangsta-sino.net\\\/fr\\\/#\\\/schema\\\/logo\\\/image\\\/\"}}]}<\/script>\n<!-- \/ Yoast SEO plugin. -->","yoast_head_json":{"title":"Gangstasino Login | Acc\u00e8s et inscription s\u00e9curis\u00e9s","description":"Votre identifiant Gangsta Sino vous donne acc\u00e8s \u00e0 des milliers de jeux. Connectez-vous pour jouer ou cr\u00e9er un compte, effectuez une v\u00e9rification s\u00e9curis\u00e9e, g\u00e9rez vos fonds et contactez l'assistance 24h\/24 et 7j\/7.","robots":{"index":"index","follow":"follow","max-snippet":"max-snippet:-1","max-image-preview":"max-image-preview:large","max-video-preview":"max-video-preview:-1"},"canonical":"https:\/\/gangsta-sino.net\/fr\/connexion-et-inscription\/","og_locale":"fr_FR","og_type":"article","og_title":"Gangstasino Login | Acc\u00e8s et inscription s\u00e9curis\u00e9s","og_description":"Votre identifiant Gangsta Sino vous donne acc\u00e8s \u00e0 des milliers de jeux. Connectez-vous pour jouer ou cr\u00e9er un compte, effectuez une v\u00e9rification s\u00e9curis\u00e9e, g\u00e9rez vos fonds et contactez l'assistance 24h\/24 et 7j\/7.","og_url":"https:\/\/gangsta-sino.net\/fr\/connexion-et-inscription\/","og_site_name":"gangstasino","article_modified_time":"2025-12-25T19:11:28+00:00","twitter_card":"summary_large_image","twitter_misc":{"Dur\u00e9e de lecture estim\u00e9e":"1 minute"},"schema":{"@context":"https:\/\/schema.org","@graph":[{"@type":"WebPage","@id":"https:\/\/gangsta-sino.net\/fr\/connexion-et-inscription\/","url":"https:\/\/gangsta-sino.net\/fr\/connexion-et-inscription\/","name":"Gangstasino Login | Acc\u00e8s et inscription s\u00e9curis\u00e9s","isPartOf":{"@id":"https:\/\/gangsta-sino.net\/fr\/#website"},"datePublished":"2025-10-31T12:52:53+00:00","dateModified":"2025-12-25T19:11:28+00:00","description":"Votre identifiant Gangsta Sino vous donne acc\u00e8s \u00e0 des milliers de jeux. Connectez-vous pour jouer ou cr\u00e9er un compte, effectuez une v\u00e9rification s\u00e9curis\u00e9e, g\u00e9rez vos fonds et contactez l'assistance 24h\/24 et 7j\/7.","breadcrumb":{"@id":"https:\/\/gangsta-sino.net\/fr\/connexion-et-inscription\/#breadcrumb"},"inLanguage":"fr-FR","potentialAction":[{"@type":"ReadAction","target":["https:\/\/gangsta-sino.net\/fr\/connexion-et-inscription\/"]}]},{"@type":"BreadcrumbList","@id":"https:\/\/gangsta-sino.net\/fr\/connexion-et-inscription\/#breadcrumb","itemListElement":[{"@type":"ListItem","position":1,"name":"Gangstasino","item":"https:\/\/gangsta-sino.net\/fr\/"},{"@type":"ListItem","position":2,"name":"Connexion et Inscription"}]},{"@type":"WebSite","@id":"https:\/\/gangsta-sino.net\/fr\/#website","url":"https:\/\/gangsta-sino.net\/fr\/","name":"Gangstasino","description":"","publisher":{"@id":"https:\/\/gangsta-sino.net\/fr\/#organization"},"potentialAction":[{"@type":"SearchAction","target":{"@type":"EntryPoint","urlTemplate":"https:\/\/gangsta-sino.net\/fr\/?s={search_term_string}"},"query-input":{"@type":"PropertyValueSpecification","valueRequired":true,"valueName":"search_term_string"}}],"inLanguage":"fr-FR"},{"@type":"Organization","@id":"https:\/\/gangsta-sino.net\/fr\/#organization","name":"Gangstasino","url":"https:\/\/gangsta-sino.net\/fr\/","logo":{"@type":"ImageObject","inLanguage":"fr-FR","@id":"https:\/\/gangsta-sino.net\/fr\/#\/schema\/logo\/image\/","url":"https:\/\/gangsta-sino.net\/wp-content\/uploads\/2025\/08\/80u1FaquEZeR6OUTeJCc.png","contentUrl":"https:\/\/gangsta-sino.net\/wp-content\/uploads\/2025\/08\/80u1FaquEZeR6OUTeJCc.png","width":152,"height":35,"caption":"Gangstasino"},"image":{"@id":"https:\/\/gangsta-sino.net\/fr\/#\/schema\/logo\/image\/"}}]}},"_links":{"self":[{"href":"https:\/\/gangsta-sino.net\/fr\/wp-json\/wp\/v2\/pages\/1476","targetHints":{"allow":["GET"]}}],"collection":[{"href":"https:\/\/gangsta-sino.net\/fr\/wp-json\/wp\/v2\/pages"}],"about":[{"href":"https:\/\/gangsta-sino.net\/fr\/wp-json\/wp\/v2\/types\/page"}],"author":[{"embeddable":true,"href":"https:\/\/gangsta-sino.net\/fr\/wp-json\/wp\/v2\/users\/1"}],"replies":[{"embeddable":true,"href":"https:\/\/gangsta-sino.net\/fr\/wp-json\/wp\/v2\/comments?post=1476"}],"version-history":[{"count":3,"href":"https:\/\/gangsta-sino.net\/fr\/wp-json\/wp\/v2\/pages\/1476\/revisions"}],"predecessor-version":[{"id":2052,"href":"https:\/\/gangsta-sino.net\/fr\/wp-json\/wp\/v2\/pages\/1476\/revisions\/2052"}],"wp:attachment":[{"href":"https:\/\/gangsta-sino.net\/fr\/wp-json\/wp\/v2\/media?parent=1476"}],"curies":[{"name":"wp","href":"https:\/\/api.w.org\/{rel}","templated":true}]}}