{"id":1423,"date":"2025-10-31T12:46:02","date_gmt":"2025-10-31T12:46:02","guid":{"rendered":"https:\/\/gangsta-sino.net\/app\/"},"modified":"2025-11-03T08:33:27","modified_gmt":"2025-11-03T08:33:27","slug":"app","status":"publish","type":"page","link":"https:\/\/gangsta-sino.net\/it\/app\/","title":{"rendered":"App"},"content":{"rendered":"<h1>Gangstasino Casino App per iOS e Android<\/h1>\n<p>Gangstasino App offre un&#8217;esperienza di gioco di alta qualit\u00e0 su desktop e dispositivi mobili, che potrai goderti sempre e ovunque. Gangstasino Casino \u00e8 personalizzato per il gioco ottimizzato per dispositivi mobili sia su Android che su iOS e offre piena compatibilit\u00e0 con Windows e macOS. Questo livello di accessibilit\u00e0 offre agli utenti italiani un intrattenimento da casin\u00f2 globale di alta qualit\u00e0.<\/p>\n<div class=\"banner-wrap\" aria-label=\"Banner\"><img src=\"https:\/\/gangsta-sino.net\/wp-content\/uploads\/2025\/11\/Banner-Desktop.png\" class=\"w-100 d-none d-lg-block img-pc main-banner-img\" alt=\"Gangstasino bonus desktop\" fetchpriority=\"high\" decoding=\"async\"><img src=\"https:\/\/gangsta-sino.net\/wp-content\/uploads\/2025\/10\/Gangstasino-bonus-mobile.webp\" class=\"w-100 d-none d-md-block d-lg-none main-banner-img\" alt=\"Gangstasino bonus mobile\" fetchpriority=\"high\" decoding=\"async\"><img src=\"https:\/\/gangsta-sino.net\/wp-content\/uploads\/2025\/10\/Gangstasino-bonus-mobile.webp\" class=\"w-100 d-md-none\" alt=\"Gangstasino bonus mobile\" fetchpriority=\"high\" decoding=\"async\"><div class=\"banner-description\">\n<div class=\"banner-title\">Bonus di Benvenuto<\/div>\n<p class=\"banner-header-title\">1500 \u20ac<\/p>\n<div class=\"banner-header-AdditionalText\">+ 250 Giri Gratuiti<\/div>\n<button data-item=\"homepage_banner_link\" class=\"goto m-button m-gradient-border m-button--primary m-button--large banner-button btn-orange\">\n            <div class=\"m-button-content\">\n                <span>Iscriviti Ora<\/span>\n                <span><\/span>\n            <\/div>\n        <\/button>\n<\/div>\n<div class=\"WelcomePack\">\n<p><img loading=\"lazy\" decoding=\"async\" class=\"alignnone size-full wp-image-1375\" src=\"https:\/\/gangsta-sino.net\/wp-content\/uploads\/2025\/10\/welcome-crown.svg\" alt=\"crown\" width=\"25\" height=\"26\" \/><\/p>\n<div class=\"WelcomePack-Info\">Cashback settimanale fino al 25%<\/div>\n<p><img loading=\"lazy\" decoding=\"async\" class=\"alignnone size-full wp-image-1375\" src=\"https:\/\/gangsta-sino.net\/wp-content\/uploads\/2025\/10\/welcome-crown.svg\" alt=\"crown\" width=\"25\" height=\"26\" \/><\/p>\n<\/div>\n<\/div>\n<h2>App Gangstasino Caratteristiche e vantaggi<\/h2>\n<p>L&#8217;app mobile Gangstasino Casino soddisfa le esigenze di ogni giocatore esigente che desidera velocit\u00e0, sicurezza e funzionalit\u00e0. Questa app \u00e8 pi\u00f9 di un semplice complemento al casin\u00f2 mobile: \u00e8 un hub di gioco completo, altamente funzionale e orientato alle prestazioni.<\/p>\n<h3>Caratteristiche principali<\/h3>\n<ul>\n<li>Prova tempi di caricamento pi\u00f9 rapidi e un gameplay pi\u00f9 fluido rispetto alla versione desktop.<\/li>\n<li>Navigazione intuitiva e comandi gestuali, oltre a un&#8217;interfaccia completamente ottimizzata per schermi di piccole dimensioni.<\/li>\n<li>Fai attenzione ai bonus esclusivi, ai tornei e alle offerte con conto alla rovescia.<\/li>\n<li>I tuoi dati e i tuoi pagamenti sono al sicuro con noi: utilizziamo la crittografia end-to-end.<\/li>\n<li>Il tuo account \u00e8 completamente sincronizzato su tutti i dispositivi. Inizia sul cellulare e continua sul computer senza interruzioni.<\/li>\n<\/ul>\n<p>L&#8217;app Gangstasino offre una straordinaria esperienza di slot online con i vantaggi aggiuntivi della connettivit\u00e0 tramite notifiche, praticit\u00e0 e portabilit\u00e0. Per gli utenti che cercano un&#8217;esperienza di casin\u00f2 completa con barriere di ingresso minime, Gangstasino Casino \u00e8 un&#8217;app dalle possibilit\u00e0 illimitate. Tuttavia, per gli utenti che cercano lunghe sessioni di gioco, il comfort di uno schermo grande, la possibilit\u00e0 di immergersi in un dispositivo o la facilit\u00e0 di un multitasking intenso, i vantaggi della versione PC di Gangstasino Casino sono difficili da negare.<\/p>\n<h3>Mobile vs PC<\/h3>\n<table>\n<tbody>\n<tr>\n<td>Caratteristica<\/td>\n<td>App mobile<\/td>\n<td>PC\/Desktop<\/td>\n<\/tr>\n<tr>\n<td>Portabilit\u00e0<\/td>\n<td>Gioca ovunque ti trovi<\/td>\n<td>Utilizzare solo in un unico luogo<\/td>\n<\/tr>\n<tr>\n<td>Notifiche<\/td>\n<td>Avvisi in tempo reale<\/td>\n<td>Nessuno, a meno che non sia aperto un browser<\/td>\n<\/tr>\n<tr>\n<td>Interfaccia<\/td>\n<td>Facile da toccare<\/td>\n<td>A schermo intero con layout dettagliato<\/td>\n<\/tr>\n<tr>\n<td>Accesso al gioco<\/td>\n<td>Libreria completa dei giochi<\/td>\n<td>Uguale o leggermente superiore<\/td>\n<\/tr>\n<tr>\n<td>Dimensioni dello schermo<\/td>\n<td>Schermo pi\u00f9 piccolo<\/td>\n<td>Immagini pi\u00f9 grandi e migliori<\/td>\n<\/tr>\n<tr>\n<td>Controlli<\/td>\n<td>Comandi touch<\/td>\n<td>Tastiera e mouse<\/td>\n<\/tr>\n<tr>\n<td>Prestazioni<\/td>\n<td>Veloce e ottimizzato per dispositivi mobili<\/td>\n<td>Gestisce meglio la grafica pesante<\/td>\n<\/tr>\n<tr>\n<td>Batteria e dati<\/td>\n<td>Utilizza batteria e dati mobili<\/td>\n<td>Energia elettrica e Internet stabili<\/td>\n<\/tr>\n<tr>\n<td>Sessioni lunghe<\/td>\n<td>Meno confortevole<\/td>\n<td>Migliore per un gioco prolungato<\/td>\n<\/tr>\n<tr>\n<td>Sincronizzazione account<\/td>\n<td colspan=\"2\">Stesso account su tutti i dispositivi<\/td>\n<\/tr>\n<tr>\n<td>Chat dal vivo Assistenza<\/td>\n<td colspan=\"2\">Team di assistenza disponibile 24 ore su 24, 7 giorni su 7, accessibile direttamente dall&#8217;app e dal web.<\/td>\n<\/tr>\n<\/tbody>\n<\/table>\n<p>L&#8217;app Gangstasino \u00e8 la versione pi\u00f9 funzionale. Che tu stia girando i rulli, giocando una mano a poker o partecipando a un gioco con croupier dal vivo, il gioco mobile offre un&#8217;esperienza premium senza compromessi.<\/p>\n<p><div style=\"clear: both\"><\/div><div class=\"d-flex justify-content-center\"><button data-item=\"decouvrez_link\" data-group=\"website_links\" class=\"goto fw-bold rounded-pill btn btn-orange\" aria-label=\"Scarica l&#039;app Gangstasino\" >Scarica l&#039;app Gangstasino<\/button><\/div><div class=\"scrollable-content-wrap my-5\"><div class=\"scrollable-content-inner\"><h2>Gangsta Sino Applicazione mobile per dispositivi iOS<\/h2>\n<p>I tuoi giochi preferiti sono a portata di tocco. Ecco come aggiungere l&#8217;app Gangstasino alla schermata iniziale del tuo dispositivo iOS:<\/p>\n<ol>\n<li>Apri Safari sul tuo dispositivo Apple.<\/li>\n<li>Vai al sito ufficiale di Gangsta Sino.<\/li>\n<li>Tocca l&#8217;icona Condividi (situata nella parte inferiore dello schermo).<\/li>\n<li>Scorri verso il basso e seleziona &#8220;Aggiungi alla schermata Home&#8221;.<\/li>\n<li>Tocca &#8220;Aggiungi&#8221; per confermare.<\/li>\n<\/ol>\n<p>Dopo questo, l&#8217;icona Gangstasino app apparir\u00e0 sulla tua schermata iniziale, proprio come un&#8217;app nativa. Puoi toccarla in qualsiasi momento per avviare direttamente l&#8217;esperienza di gioco completa.<\/p>\n<p><img loading=\"lazy\" decoding=\"async\" class=\"alignnone size-full wp-image-1393\" src=\"https:\/\/gangsta-sino.net\/wp-content\/uploads\/2025\/10\/Gangstasino-App-iOS.webp\" alt=\"Gangstasino App iOS\" width=\"1248\" height=\"536\" srcset=\"https:\/\/gangsta-sino.net\/wp-content\/uploads\/2025\/10\/Gangstasino-App-iOS.webp 1248w, https:\/\/gangsta-sino.net\/wp-content\/uploads\/2025\/10\/Gangstasino-App-iOS-300x129.webp 300w, https:\/\/gangsta-sino.net\/wp-content\/uploads\/2025\/10\/Gangstasino-App-iOS-1024x440.webp 1024w, https:\/\/gangsta-sino.net\/wp-content\/uploads\/2025\/10\/Gangstasino-App-iOS-768x330.webp 768w\" sizes=\"auto, (max-width: 1248px) 100vw, 1248px\" \/><\/p>\n<\/div><\/div><div style=\"clear: both\"><\/div><div class=\"d-flex justify-content-center\"><button data-item=\"decouvrez_link\" data-group=\"website_links\" class=\"goto fw-bold rounded-pill btn btn-orange\" aria-label=\"Scarica Gangstasino\" >Scarica Gangstasino<\/button><\/div><div class=\"scrollable-content-wrap my-5\"><div class=\"scrollable-content-inner\"><h2>App mobile per utenti Android<\/h2>\n<p>Gangstasino Casino offre un&#8217;esperienza veloce, affidabile e completamente ottimizzata per Android, senza il fastidio di APK o installazioni di terze parti. Puoi installare la nostra Progressive Web App direttamente dal tuo browser in un solo semplice passaggio.<\/p>\n<p>Per avere l&#8217;app Gangsta Sino sul tuo Android:<\/p>\n<ol>\n<li>Apri il browser del tuo cellulare e vai al sito ufficiale di Gangstasino.<\/li>\n<li>Accedi al pulsante del menu nella parte inferiore sinistra dello schermo.<\/li>\n<li>Clicca su Installa per ottenere informazioni dettagliate.<\/li>\n<li>Apri l&#8217;app, effettua il login e potrai iniziare a giocare.<\/li>\n<\/ol>\n<p>Con la PWA Gangstasino, hai accesso immediato. Puoi effettuare il login in modo sicuro e giocare senza interruzioni, senza bisogno di download o aggiornamenti. Ti preghiamo di non installare il file APK Gangstasino da siti di terze parti.<\/p>\n<p><img loading=\"lazy\" decoding=\"async\" class=\"alignnone size-full wp-image-1394\" src=\"https:\/\/gangsta-sino.net\/wp-content\/uploads\/2025\/10\/Gangstasino-App-Android.webp\" alt=\"Gangstasino App Android\" width=\"1248\" height=\"536\" srcset=\"https:\/\/gangsta-sino.net\/wp-content\/uploads\/2025\/10\/Gangstasino-App-Android.webp 1248w, https:\/\/gangsta-sino.net\/wp-content\/uploads\/2025\/10\/Gangstasino-App-Android-300x129.webp 300w, https:\/\/gangsta-sino.net\/wp-content\/uploads\/2025\/10\/Gangstasino-App-Android-1024x440.webp 1024w, https:\/\/gangsta-sino.net\/wp-content\/uploads\/2025\/10\/Gangstasino-App-Android-768x330.webp 768w\" sizes=\"auto, (max-width: 1248px) 100vw, 1248px\" \/><\/p>\n<\/div><\/div><div style=\"clear: both\"><\/div><div class=\"d-flex justify-content-center\"><button data-item=\"decouvrez_link\" data-group=\"website_links\" class=\"goto fw-bold rounded-pill btn btn-orange\" aria-label=\"Scarica l&#039;app Gangstasino\" >Scarica l&#039;app Gangstasino<\/button><\/div><div class=\"scrollable-content-wrap my-5\"><div class=\"scrollable-content-inner\"><h2>Gioca su Windows o Mac con Gangstasino<\/h2>\n<p>I giochi che ami di pi\u00f9 sono ora pi\u00f9 accessibili che mai. Approfitta di tempi di prelievo rapidi, assegnazione di bonus gamificati, accesso immediato ai tuoi bonus preferiti e gioco senza limiti durante tornei emozionanti. Tutte le attrazioni di Gangstasino casino sono ora pi\u00f9 veloci ed efficienti.<\/p>\n<p>Passaggi per installare Gangsta Sino su Windows o Mac:<\/p>\n<ol>\n<li>Apri Chrome su PC Windows o Safari su Mac.<\/li>\n<li>Accedi al sito ufficiale di Gangstasino.<\/li>\n<li>Individua il pulsante &#8220;Casino App&#8221; all&#8217;estrema destra della barra degli indirizzi.<\/li>\n<li>Quindi seguire le istruzioni.<\/li>\n<\/ol>\n<p>Una volta completato il processo di verifica, l&#8217;app Gangstasino verr\u00e0 aggiunta al desktop o al menu Start per un facile accesso e potr\u00e0 essere aperta con un solo clic.<\/p>\n<p><img loading=\"lazy\" decoding=\"async\" class=\"alignnone size-full wp-image-1395\" src=\"https:\/\/gangsta-sino.net\/wp-content\/uploads\/2025\/10\/Gangstasino-App-PC.webp\" alt=\"Gangstasino App PC\" width=\"1248\" height=\"536\" srcset=\"https:\/\/gangsta-sino.net\/wp-content\/uploads\/2025\/10\/Gangstasino-App-PC.webp 1248w, https:\/\/gangsta-sino.net\/wp-content\/uploads\/2025\/10\/Gangstasino-App-PC-300x129.webp 300w, https:\/\/gangsta-sino.net\/wp-content\/uploads\/2025\/10\/Gangstasino-App-PC-1024x440.webp 1024w, https:\/\/gangsta-sino.net\/wp-content\/uploads\/2025\/10\/Gangstasino-App-PC-768x330.webp 768w\" sizes=\"auto, (max-width: 1248px) 100vw, 1248px\" \/><\/p>\n<\/div><\/div><div style=\"clear: both\"><\/div><div class=\"d-flex justify-content-center\"><button data-item=\"decouvrez_link\" data-group=\"website_links\" class=\"goto fw-bold rounded-pill btn btn-orange\" aria-label=\"Scarica Gangstasino\" >Scarica Gangstasino<\/button><\/div><div class=\"scrollable-content-wrap my-5\"><div class=\"scrollable-content-inner\"><h2>Domande frequenti<\/h2>\n<h3>Come posso scaricare e installare Gangsta Sino Mobile?<\/h3>\n<p>Non troverai un&#8217;app mobile ufficiale per Gangsta Sino n\u00e9 su Google Play Store n\u00e9 su Apple App Store. Tuttavia, puoi utilizzare il sito ottimizzato per dispositivi mobili, che funziona come una PWA. Basta cercarci sul browser del tuo cellulare e il sito si adatter\u00e0 automaticamente al tuo dispositivo mobile. In questo modo, non dovrai preoccuparti dei download e avrai sempre la versione pi\u00f9 recente senza bisogno di aggiornamenti.<\/p>\n<h3>L&#8217;app Gangsta Sino \u00e8 disponibile sia per dispositivi Android che iOS?<\/h3>\n<p>Sebbene non esistano app specializzate per tali piattaforme, \u00e8 possibile accedere al sito web Gangsta Sino ottimizzato per dispositivi mobili su dispositivi iOS e Android, consentendo di utilizzare Gangsta Sino sul proprio cellulare o tablet senza installazione, eliminando la necessit\u00e0 di installare un&#8217;app. Tuttavia, prestare attenzione e utilizzare solo il sito web ufficiale per evitare rischi per la sicurezza.<\/p>\n<h3>Quali sono le differenze tra giocare su dispositivo mobile e su PC?<\/h3>\n<p>Entrambe le piattaforme offrono funzionalit\u00e0 centrali e collezioni di giochi identiche. La versione mobile offre la comodit\u00e0 della portabilit\u00e0 e delle notifiche push, mentre quella desktop consente all&#8217;utente di interagire con una superficie pi\u00f9 ampia e dotata di modalit\u00e0 di input standard.<\/p>\n<h3>Posso usare lo stesso account sull&#8217;app e sul sito web di Gangsta Sino?<\/h3>\n<p>Tutte le piattaforme sono completamente integrate con il tuo account Gangstasino. Ci\u00f2 significa che, indipendentemente dal dispositivo che stai utilizzando, che sia un cellulare, un tablet o un computer desktop, puoi accedere al tuo account in qualsiasi momento. Tutte le informazioni del tuo account, i giochi in corso, il saldo, i bonus, le impostazioni e le informazioni personali saranno sincronizzati.<\/p>\n<\/div><\/div><\/p>\n","protected":false},"excerpt":{"rendered":"<p>Gangstasino Casino App per iOS e Android Gangstasino App offre un&#8217;esperienza di gioco di alta qualit\u00e0 su desktop e dispositivi mobili, che potrai goderti sempre e ovunque. Gangstasino Casino \u00e8 personalizzato per il gioco ottimizzato per dispositivi mobili sia su Android che su iOS e offre piena compatibilit\u00e0 con Windows e macOS. Questo livello di [&hellip;]<\/p>\n","protected":false},"author":1,"featured_media":0,"parent":0,"menu_order":0,"comment_status":"closed","ping_status":"closed","template":"template-builder.php","meta":{"_acf_changed":false,"inline_featured_image":false,"footnotes":""},"class_list":["post-1423","page","type-page","status-publish","hentry"],"acf":[],"yoast_head":"<!-- This site is optimized with the Yoast SEO plugin v27.3 - https:\/\/yoast.com\/product\/yoast-seo-wordpress\/ -->\n<title>Gangstasino Casino App per iOS e Android<\/title>\n<meta name=\"description\" content=\"Scarica l&#039;app Gangsta Sino su qualsiasi dispositivo e accedi immediatamente a oltre 6000 giochi e altro ancora. Goditi un gioco sicuro e un supporto 24\/7, ovunque tu sia.\" \/>\n<meta name=\"robots\" content=\"index, follow, max-snippet:-1, max-image-preview:large, max-video-preview:-1\" \/>\n<link rel=\"canonical\" href=\"https:\/\/gangsta-sino.net\/it\/app\/\" \/>\n<meta property=\"og:locale\" content=\"it_IT\" \/>\n<meta property=\"og:type\" content=\"article\" \/>\n<meta property=\"og:title\" content=\"Gangstasino Casino App per iOS e Android\" \/>\n<meta property=\"og:description\" content=\"Scarica l&#039;app Gangsta Sino su qualsiasi dispositivo e accedi immediatamente a oltre 6000 giochi e altro ancora. Goditi un gioco sicuro e un supporto 24\/7, ovunque tu sia.\" \/>\n<meta property=\"og:url\" content=\"https:\/\/gangsta-sino.net\/it\/app\/\" \/>\n<meta property=\"og:site_name\" content=\"gangstasino\" \/>\n<meta property=\"article:modified_time\" content=\"2025-11-03T08:33:27+00:00\" \/>\n<meta name=\"twitter:card\" content=\"summary_large_image\" \/>\n<meta name=\"twitter:label1\" content=\"Est. reading time\" \/>\n\t<meta name=\"twitter:data1\" content=\"3 minuti\" \/>\n<script type=\"application\/ld+json\" class=\"yoast-schema-graph\">{\"@context\":\"https:\\\/\\\/schema.org\",\"@graph\":[{\"@type\":\"WebPage\",\"@id\":\"https:\\\/\\\/gangsta-sino.net\\\/it\\\/app\\\/\",\"url\":\"https:\\\/\\\/gangsta-sino.net\\\/it\\\/app\\\/\",\"name\":\"Gangstasino Casino App per iOS e Android\",\"isPartOf\":{\"@id\":\"https:\\\/\\\/gangsta-sino.net\\\/it\\\/#website\"},\"datePublished\":\"2025-10-31T12:46:02+00:00\",\"dateModified\":\"2025-11-03T08:33:27+00:00\",\"description\":\"Scarica l'app Gangsta Sino su qualsiasi dispositivo e accedi immediatamente a oltre 6000 giochi e altro ancora. Goditi un gioco sicuro e un supporto 24\\\/7, ovunque tu sia.\",\"breadcrumb\":{\"@id\":\"https:\\\/\\\/gangsta-sino.net\\\/it\\\/app\\\/#breadcrumb\"},\"inLanguage\":\"it-IT\",\"potentialAction\":[{\"@type\":\"ReadAction\",\"target\":[\"https:\\\/\\\/gangsta-sino.net\\\/it\\\/app\\\/\"]}]},{\"@type\":\"BreadcrumbList\",\"@id\":\"https:\\\/\\\/gangsta-sino.net\\\/it\\\/app\\\/#breadcrumb\",\"itemListElement\":[{\"@type\":\"ListItem\",\"position\":1,\"name\":\"Gangstasino\",\"item\":\"https:\\\/\\\/gangsta-sino.net\\\/it\\\/\"},{\"@type\":\"ListItem\",\"position\":2,\"name\":\"App\"}]},{\"@type\":\"WebSite\",\"@id\":\"https:\\\/\\\/gangsta-sino.net\\\/it\\\/#website\",\"url\":\"https:\\\/\\\/gangsta-sino.net\\\/it\\\/\",\"name\":\"Gangstasino\",\"description\":\"\",\"publisher\":{\"@id\":\"https:\\\/\\\/gangsta-sino.net\\\/it\\\/#organization\"},\"potentialAction\":[{\"@type\":\"SearchAction\",\"target\":{\"@type\":\"EntryPoint\",\"urlTemplate\":\"https:\\\/\\\/gangsta-sino.net\\\/it\\\/?s={search_term_string}\"},\"query-input\":{\"@type\":\"PropertyValueSpecification\",\"valueRequired\":true,\"valueName\":\"search_term_string\"}}],\"inLanguage\":\"it-IT\"},{\"@type\":\"Organization\",\"@id\":\"https:\\\/\\\/gangsta-sino.net\\\/it\\\/#organization\",\"name\":\"Gangstasino\",\"url\":\"https:\\\/\\\/gangsta-sino.net\\\/it\\\/\",\"logo\":{\"@type\":\"ImageObject\",\"inLanguage\":\"it-IT\",\"@id\":\"https:\\\/\\\/gangsta-sino.net\\\/it\\\/#\\\/schema\\\/logo\\\/image\\\/\",\"url\":\"https:\\\/\\\/gangsta-sino.net\\\/wp-content\\\/uploads\\\/2025\\\/08\\\/80u1FaquEZeR6OUTeJCc.png\",\"contentUrl\":\"https:\\\/\\\/gangsta-sino.net\\\/wp-content\\\/uploads\\\/2025\\\/08\\\/80u1FaquEZeR6OUTeJCc.png\",\"width\":152,\"height\":35,\"caption\":\"Gangstasino\"},\"image\":{\"@id\":\"https:\\\/\\\/gangsta-sino.net\\\/it\\\/#\\\/schema\\\/logo\\\/image\\\/\"}}]}<\/script>\n<!-- \/ Yoast SEO plugin. -->","yoast_head_json":{"title":"Gangstasino Casino App per iOS e Android","description":"Scarica l'app Gangsta Sino su qualsiasi dispositivo e accedi immediatamente a oltre 6000 giochi e altro ancora. Goditi un gioco sicuro e un supporto 24\/7, ovunque tu sia.","robots":{"index":"index","follow":"follow","max-snippet":"max-snippet:-1","max-image-preview":"max-image-preview:large","max-video-preview":"max-video-preview:-1"},"canonical":"https:\/\/gangsta-sino.net\/it\/app\/","og_locale":"it_IT","og_type":"article","og_title":"Gangstasino Casino App per iOS e Android","og_description":"Scarica l'app Gangsta Sino su qualsiasi dispositivo e accedi immediatamente a oltre 6000 giochi e altro ancora. Goditi un gioco sicuro e un supporto 24\/7, ovunque tu sia.","og_url":"https:\/\/gangsta-sino.net\/it\/app\/","og_site_name":"gangstasino","article_modified_time":"2025-11-03T08:33:27+00:00","twitter_card":"summary_large_image","twitter_misc":{"Est. reading time":"3 minuti"},"schema":{"@context":"https:\/\/schema.org","@graph":[{"@type":"WebPage","@id":"https:\/\/gangsta-sino.net\/it\/app\/","url":"https:\/\/gangsta-sino.net\/it\/app\/","name":"Gangstasino Casino App per iOS e Android","isPartOf":{"@id":"https:\/\/gangsta-sino.net\/it\/#website"},"datePublished":"2025-10-31T12:46:02+00:00","dateModified":"2025-11-03T08:33:27+00:00","description":"Scarica l'app Gangsta Sino su qualsiasi dispositivo e accedi immediatamente a oltre 6000 giochi e altro ancora. Goditi un gioco sicuro e un supporto 24\/7, ovunque tu sia.","breadcrumb":{"@id":"https:\/\/gangsta-sino.net\/it\/app\/#breadcrumb"},"inLanguage":"it-IT","potentialAction":[{"@type":"ReadAction","target":["https:\/\/gangsta-sino.net\/it\/app\/"]}]},{"@type":"BreadcrumbList","@id":"https:\/\/gangsta-sino.net\/it\/app\/#breadcrumb","itemListElement":[{"@type":"ListItem","position":1,"name":"Gangstasino","item":"https:\/\/gangsta-sino.net\/it\/"},{"@type":"ListItem","position":2,"name":"App"}]},{"@type":"WebSite","@id":"https:\/\/gangsta-sino.net\/it\/#website","url":"https:\/\/gangsta-sino.net\/it\/","name":"Gangstasino","description":"","publisher":{"@id":"https:\/\/gangsta-sino.net\/it\/#organization"},"potentialAction":[{"@type":"SearchAction","target":{"@type":"EntryPoint","urlTemplate":"https:\/\/gangsta-sino.net\/it\/?s={search_term_string}"},"query-input":{"@type":"PropertyValueSpecification","valueRequired":true,"valueName":"search_term_string"}}],"inLanguage":"it-IT"},{"@type":"Organization","@id":"https:\/\/gangsta-sino.net\/it\/#organization","name":"Gangstasino","url":"https:\/\/gangsta-sino.net\/it\/","logo":{"@type":"ImageObject","inLanguage":"it-IT","@id":"https:\/\/gangsta-sino.net\/it\/#\/schema\/logo\/image\/","url":"https:\/\/gangsta-sino.net\/wp-content\/uploads\/2025\/08\/80u1FaquEZeR6OUTeJCc.png","contentUrl":"https:\/\/gangsta-sino.net\/wp-content\/uploads\/2025\/08\/80u1FaquEZeR6OUTeJCc.png","width":152,"height":35,"caption":"Gangstasino"},"image":{"@id":"https:\/\/gangsta-sino.net\/it\/#\/schema\/logo\/image\/"}}]}},"_links":{"self":[{"href":"https:\/\/gangsta-sino.net\/it\/wp-json\/wp\/v2\/pages\/1423","targetHints":{"allow":["GET"]}}],"collection":[{"href":"https:\/\/gangsta-sino.net\/it\/wp-json\/wp\/v2\/pages"}],"about":[{"href":"https:\/\/gangsta-sino.net\/it\/wp-json\/wp\/v2\/types\/page"}],"author":[{"embeddable":true,"href":"https:\/\/gangsta-sino.net\/it\/wp-json\/wp\/v2\/users\/1"}],"replies":[{"embeddable":true,"href":"https:\/\/gangsta-sino.net\/it\/wp-json\/wp\/v2\/comments?post=1423"}],"version-history":[{"count":2,"href":"https:\/\/gangsta-sino.net\/it\/wp-json\/wp\/v2\/pages\/1423\/revisions"}],"predecessor-version":[{"id":1818,"href":"https:\/\/gangsta-sino.net\/it\/wp-json\/wp\/v2\/pages\/1423\/revisions\/1818"}],"wp:attachment":[{"href":"https:\/\/gangsta-sino.net\/it\/wp-json\/wp\/v2\/media?parent=1423"}],"curies":[{"name":"wp","href":"https:\/\/api.w.org\/{rel}","templated":true}]}}