{"id":1479,"date":"2025-10-31T12:52:53","date_gmt":"2025-10-31T12:52:53","guid":{"rendered":"https:\/\/gangsta-sino.net\/login-and-registration\/"},"modified":"2025-11-03T08:36:27","modified_gmt":"2025-11-03T08:36:27","slug":"accesso-e-registrazione","status":"publish","type":"page","link":"https:\/\/gangsta-sino.net\/it\/accesso-e-registrazione\/","title":{"rendered":"Accesso e Registrazione"},"content":{"rendered":"<h1>Accesso a Gangstasino e registrazione dell&#8217;account<\/h1>\n<p>Il processo di Gangstasino login consente di accedere rapidamente alle slot, ai giochi da tavolo e molto altro ancora. Oltre a ci\u00f2, quando ti registri su Gangstasino, ottieni molto pi\u00f9 di un semplice account. Ottieni l&#8217;accesso a tutti i nostri giochi, alle promozioni, alla tua dashboard personale con statistiche e saldo, agli strumenti per effettuare depositi e prelievi e molto altro ancora. In sostanza, la registrazione a Gangsta Sino ti trasforma da visitatore a giocatore attivo, da osservatore passivo a partecipante. Gli utenti italiani possono ora giocare, monitorare, gestire e godersi appieno l&#8217;esperienza del casin\u00f2 Gangstasino.<\/p>\n<p><div class=\"banner-wrap\" aria-label=\"Banner\"><img src=\"https:\/\/gangsta-sino.net\/wp-content\/uploads\/2025\/11\/Banner-Desktop.png\" class=\"w-100 d-none d-lg-block img-pc main-banner-img\" alt=\"Gangstasino bonus desktop\" fetchpriority=\"high\" decoding=\"async\"><img src=\"https:\/\/gangsta-sino.net\/wp-content\/uploads\/2025\/10\/Gangstasino-bonus-mobile.webp\" class=\"w-100 d-none d-md-block d-lg-none main-banner-img\" alt=\"Gangstasino bonus mobile\" fetchpriority=\"high\" decoding=\"async\"><img src=\"https:\/\/gangsta-sino.net\/wp-content\/uploads\/2025\/10\/Gangstasino-bonus-mobile.webp\" class=\"w-100 d-md-none\" alt=\"Gangstasino bonus mobile\" fetchpriority=\"high\" decoding=\"async\"><div class=\"banner-description\">\n<div class=\"banner-title\">Bonus di Benvenuto<\/div>\n<p class=\"banner-header-title\">1500 \u20ac<\/p>\n<div class=\"banner-header-AdditionalText\">+ 250 Giri Gratuiti<\/div>\n<button data-item=\"homepage_banner_link\" class=\"goto m-button m-gradient-border m-button--primary m-button--large banner-button btn-orange\">\n            <div class=\"m-button-content\">\n                <span>Iscriviti Ora<\/span>\n                <span><\/span>\n            <\/div>\n        <\/button>\n<\/div>\n<div class=\"WelcomePack\">\n<p><img loading=\"lazy\" decoding=\"async\" class=\"alignnone size-full wp-image-1375\" src=\"https:\/\/gangsta-sino.net\/wp-content\/uploads\/2025\/10\/welcome-crown.svg\" alt=\"crown\" width=\"25\" height=\"26\" \/><\/p>\n<div class=\"WelcomePack-Info\">Cashback settimanale fino al 25%<\/div>\n<p><img loading=\"lazy\" decoding=\"async\" class=\"alignnone size-full wp-image-1375\" src=\"https:\/\/gangsta-sino.net\/wp-content\/uploads\/2025\/10\/welcome-crown.svg\" alt=\"crown\" width=\"25\" height=\"26\" \/><\/p>\n<\/div>\n<\/div><div class=\"scrollable-content-wrap my-5\"><div class=\"scrollable-content-inner\"><h2>Iscriviti a Gangstasino e inizia a giocare<\/h2>\n<p>Quando ti iscrivi a Gangstasino, puoi goderti appieno il nostro catalogo di giochi, che include slot, giochi da tavolo ed esperienze con croupier dal vivo. Creare un account \u00e8 il primo passo per ottenere tutti i nostri bonus e le nostre promozioni. Ecco come fare:<\/p>\n<h3>Guida alla configurazione dell&#8217;account<\/h3>\n<p>Apri il tuo browser preferito sul desktop o sul cellulare e vai al sito ufficiale Gangstasino Casino. Verifica sempre di trovarti sul dominio corretto per evitare siti di phishing.<\/p>\n<ol>\n<li>Individua il pulsante &#8220;Registrati&#8221;.<\/li>\n<li>I protocolli di registrazione standard richiedono di compilare i seguenti campi:\n<ul>\n<li>Indirizzo e-mail valido<\/li>\n<li>Password (sicura, forte)<\/li>\n<li>Codice promozionale (facoltativo)<\/li>\n<\/ul>\n<\/li>\n<li>Accetta i Termini e condizioni \/ Informativa sulla privacy: ti verr\u00e0 richiesto di confermare che accetti i servizi forniti da Gangstasino Casino, insieme all&#8217;informativa sulla privacy, alla politica sul gioco responsabile, ecc., e ci\u00f2 sar\u00e0 identificabile da una casella che dovrai spuntare.<\/li>\n<\/ol>\n<p>Una volta compilato il modulo di registrazione, dovresti poter cliccare su &#8220;Registrati&#8221;.<\/p>\n<p>Non appena ti registri, potrai approfittare della nostra vasta selezione di bonus e premi. Ogni deposito effettuato e ogni accesso a Gangstasino ti far\u00e0 guadagnare premi, tra cui bonus di benvenuto, cashback settimanale, bonus weekend e altro ancora. Contattaci tramite live chat in caso di domande.<\/p>\n<h2>Accesso e controllo dell&#8217;account su Gangstasino<\/h2>\n<p>Ora che il tuo account Gangstasino Casino \u00e8 stato registrato e attivato, il passo successivo \u00e8 imparare come effettuare il login e quali attivit\u00e0 sono disponibili nel tuo account giocatore.<\/p>\n<h3>Come effettuare il login<\/h3>\n<ol>\n<li>Su un computer desktop o un dispositivo mobile, apri un browser web e vai alla pagina Accesso a Gangstasino.<\/li>\n<li>Il pulsante di accesso si trova nell&#8217;angolo in alto a destra della pagina.<\/li>\n<li>Digita il tuo indirizzo e-mail e la password nei campi richiesti.<\/li>\n<li>Quindi clicca sul pulsante Accesso a Gangstasino.<\/li>\n<\/ol>\n<p>Una volta che il sistema Gangsta Sino avr\u00e0 verificato la correttezza della password e del nome utente, verrai reindirizzato alla lobby principale del tuo account, nota anche come dashboard dell&#8217;account.<\/p>\n<p>Ricordatevi di utilizzare solo il sito ufficiale Gangsta Sino; non utilizzate link non ufficiali, che potrebbero avere credenziali false.<\/p>\n<p>La finestra del tuo account Gangstasino Casino offre una serie di controlli e funzioni non appena effettui l&#8217;accesso. Le funzioni comuni sono:<\/p>\n<ul>\n<li>Slot machine e jackpot<\/li>\n<li>Depositi<\/li>\n<li>Ritiro<\/li>\n<li>Gestione dei bonus e delle promozioni<\/li>\n<li>Cronologia del gioco<\/li>\n<li>Accesso al nostro programma VIP\/fedelt\u00e0<\/li>\n<li>Team di assistenza e centro assistenza<\/li>\n<\/ul>\n<h3>Come reimpostare le informazioni di accesso<\/h3>\n<p>Ecco cosa fare se non ricordi la tua password:<\/p>\n<ol>\n<li>Sotto le credenziali di accesso, \u00e8 possibile trovare l&#8217;opzione &#8220;Hai dimenticato la password?&#8221;.<\/li>\n<li>Digita l&#8217;indirizzo e-mail collegato al tuo account Gangstasino.<\/li>\n<li>Riceverai un&#8217;e-mail con le istruzioni. Seguile per reimpostare la tua password.<\/li>\n<li>Assicurati che la tua nuova password sia sicura e contenga una combinazione di lettere maiuscole e minuscole, numeri e caratteri speciali.<\/li>\n<li>Accedi utilizzando la nuova password.<\/li>\n<\/ol>\n<h2>Processo di verifica dei giocatori<\/h2>\n<p>Una volta effettuato il primo deposito ed effettuato l&#8217;accesso, richiederemo la verifica del giocatore, nota anche come Know Your Customer o KYC, prima di consentire determinati prelievi o limiti pi\u00f9 elevati. Ci\u00f2 \u00e8 necessario sia per la tua protezione che per adempiere agli obblighi legali e normativi.<\/p>\n<h3>Cosa potrebbe essere necessario presentare<\/h3>\n<p>A seconda del Paese e della politica di Gangstasino, ti chiederemo:<\/p>\n<ul>\n<li>Un documento di identit\u00e0 rilasciato dal governo e non scaduto, come un passaporto, una patente di guida o una carta d&#8217;identit\u00e0 nazionale, che riporti il tuo nome completo e la tua foto.<\/li>\n<li>Un documento recente che attesti o provi il tuo indirizzo in formato elettronico, come una bolletta, un estratto conto bancario o un documento governativo, risalente agli ultimi 3-6 mesi, per confermare che il tuo indirizzo corrisponda a quello indicato nel profilo.<\/li>\n<li>Potrebbe essere richiesto un selfie o un video live per la verifica dell&#8217;identit\u00e0.<\/li>\n<\/ul>\n<h3>Come inviare i tuoi documenti<\/h3>\n<p>Con Gangsta Sino, il nostro processo di verifica KYC \u00e8 semplice:<\/p>\n<ol>\n<li>Accedi al tuo account Gangstasino e clicca sul tuo profilo in alto a destra nella dashboard.<\/li>\n<li>Selezionare &#8220;Verifica&#8221;.<\/li>\n<li>Scegli quale documento di identit\u00e0 governativo utilizzare.<\/li>\n<li>Carica tutti i documenti necessari.<\/li>\n<li>Quando hai finito, clicca su &#8220;Invia&#8221;.<\/li>\n<\/ol>\n<p>Ecco i requisiti per ogni ID che utilizzerai:<\/p>\n<table>\n<tbody>\n<tr>\n<td>Tipo di documento d&#8217;identit\u00e0<\/td>\n<td>Documenti da caricare<\/td>\n<\/tr>\n<tr>\n<td>Passaporto<\/td>\n<td>Pagina del passaporto con i dati identificativi<\/p>\n<p>Foto selfie recente<\/p>\n<p>Prova di residenza (bolletta o estratto conto bancario)<\/td>\n<\/tr>\n<tr>\n<td>Patente di guida<\/td>\n<td>Foto fronte e retro della patente di guida<\/td>\n<\/tr>\n<tr>\n<td>Carta d&#8217;identit\u00e0<\/td>\n<td>Foto fronte e retro della carta d&#8217;identit\u00e0<\/td>\n<\/tr>\n<tr>\n<td>Permesso di soggiorno<\/td>\n<td>Solo documento di permesso di soggiorno<\/td>\n<\/tr>\n<\/tbody>\n<\/table>\n<p>Esamineremo i tuoi documenti (ci\u00f2 richiede solitamente dalle 24 alle 48 ore, o eventualmente pi\u00f9 tempo). Una volta esaminati i tuoi documenti, ti comunicheremo lo stato di verifica del tuo account (tramite e-mail o nel tuo account).<\/p>\n<p>Il nostro team di assistenza tramite chat live \u00e8 disponibile per fornire assistenza in tempo reale, poich\u00e9 la nostra priorit\u00e0 \u00e8 rispondere a qualsiasi domanda tu possa avere, che riguardi il tuo account, problemi tecnici o qualsiasi altra cosa. Offriamo anche assistenza multilingue, quindi ti invitiamo a rivolgerti a noi nella lingua che ti \u00e8 pi\u00f9 congeniale.<\/p>\n<h2>Domande frequenti<\/h2>\n<h3>Cosa devo fare se dimentico la password o i dati di accesso?<\/h3>\n<p>Per reimpostare la password, vai alla pagina Accesso a Gangstasino e clicca sul link &#8220;Hai dimenticato la password?&#8221;. Inserisci l&#8217;indirizzo e-mail registrato e controlla la tua casella di posta elettronica per ricevere le istruzioni su come impostare una nuova password.<\/p>\n<h3>Perch\u00e9 devo verificare il mio account Gangstasino?<\/h3>\n<p>Per assicurarsi che tu sia chi dici di essere, che tu abbia l&#8217;et\u00e0 minima richiesta per giocare, che le tue finanze siano al sicuro e che tu soddisfi i requisiti legali e antiriciclaggio, Gangstasino Casino deve effettuare alcune verifiche.<\/p>\n<h3>Posso aggiornare i miei dati personali dopo la registrazione?<\/h3>\n<p>Una volta effettuato l&#8217;accesso, puoi apportare modifiche tramite la dashboard dell&#8217;account. Questi sono alcuni dei dettagli che puoi modificare: password, e-mail, numero di contatto, lingua, dettagli del metodo di pagamento, ecc.<\/p>\n<\/div><\/div><\/p>\n","protected":false},"excerpt":{"rendered":"<p>Accesso a Gangstasino e registrazione dell&#8217;account Il processo di Gangstasino login consente di accedere rapidamente alle slot, ai giochi da tavolo e molto altro ancora. Oltre a ci\u00f2, quando ti registri su Gangstasino, ottieni molto pi\u00f9 di un semplice account. Ottieni l&#8217;accesso a tutti i nostri giochi, alle promozioni, alla tua dashboard personale con statistiche [&hellip;]<\/p>\n","protected":false},"author":1,"featured_media":0,"parent":0,"menu_order":0,"comment_status":"closed","ping_status":"closed","template":"template-builder.php","meta":{"_acf_changed":false,"inline_featured_image":false,"footnotes":""},"class_list":["post-1479","page","type-page","status-publish","hentry"],"acf":[],"yoast_head":"<!-- This site is optimized with the Yoast SEO plugin v27.3 - https:\/\/yoast.com\/product\/yoast-seo-wordpress\/ -->\n<title>Gangstasino Login | Accesso e registrazione sicuri dell&#039;account<\/title>\n<meta name=\"description\" content=\"Il tuo login su Gangsta Sino \u00e8 la chiave per accedere a migliaia di giochi. Accedi per giocare o crea un nuovo account, completa la verifica sicura, gestisci i tuoi fondi e contatta l&#039;assistenza 24 ore su 24, 7 giorni su 7.\" \/>\n<meta name=\"robots\" content=\"index, follow, max-snippet:-1, max-image-preview:large, max-video-preview:-1\" \/>\n<link rel=\"canonical\" href=\"https:\/\/gangsta-sino.net\/it\/accesso-e-registrazione\/\" \/>\n<meta property=\"og:locale\" content=\"it_IT\" \/>\n<meta property=\"og:type\" content=\"article\" \/>\n<meta property=\"og:title\" content=\"Gangstasino Login | Accesso e registrazione sicuri dell&#039;account\" \/>\n<meta property=\"og:description\" content=\"Il tuo login su Gangsta Sino \u00e8 la chiave per accedere a migliaia di giochi. Accedi per giocare o crea un nuovo account, completa la verifica sicura, gestisci i tuoi fondi e contatta l&#039;assistenza 24 ore su 24, 7 giorni su 7.\" \/>\n<meta property=\"og:url\" content=\"https:\/\/gangsta-sino.net\/it\/accesso-e-registrazione\/\" \/>\n<meta property=\"og:site_name\" content=\"gangstasino\" \/>\n<meta property=\"article:modified_time\" content=\"2025-11-03T08:36:27+00:00\" \/>\n<meta name=\"twitter:card\" content=\"summary_large_image\" \/>\n<meta name=\"twitter:label1\" content=\"Est. reading time\" \/>\n\t<meta name=\"twitter:data1\" content=\"1 minuto\" \/>\n<script type=\"application\/ld+json\" class=\"yoast-schema-graph\">{\"@context\":\"https:\\\/\\\/schema.org\",\"@graph\":[{\"@type\":\"WebPage\",\"@id\":\"https:\\\/\\\/gangsta-sino.net\\\/it\\\/accesso-e-registrazione\\\/\",\"url\":\"https:\\\/\\\/gangsta-sino.net\\\/it\\\/accesso-e-registrazione\\\/\",\"name\":\"Gangstasino Login | Accesso e registrazione sicuri dell'account\",\"isPartOf\":{\"@id\":\"https:\\\/\\\/gangsta-sino.net\\\/it\\\/#website\"},\"datePublished\":\"2025-10-31T12:52:53+00:00\",\"dateModified\":\"2025-11-03T08:36:27+00:00\",\"description\":\"Il tuo login su Gangsta Sino \u00e8 la chiave per accedere a migliaia di giochi. Accedi per giocare o crea un nuovo account, completa la verifica sicura, gestisci i tuoi fondi e contatta l'assistenza 24 ore su 24, 7 giorni su 7.\",\"breadcrumb\":{\"@id\":\"https:\\\/\\\/gangsta-sino.net\\\/it\\\/accesso-e-registrazione\\\/#breadcrumb\"},\"inLanguage\":\"it-IT\",\"potentialAction\":[{\"@type\":\"ReadAction\",\"target\":[\"https:\\\/\\\/gangsta-sino.net\\\/it\\\/accesso-e-registrazione\\\/\"]}]},{\"@type\":\"BreadcrumbList\",\"@id\":\"https:\\\/\\\/gangsta-sino.net\\\/it\\\/accesso-e-registrazione\\\/#breadcrumb\",\"itemListElement\":[{\"@type\":\"ListItem\",\"position\":1,\"name\":\"Gangstasino\",\"item\":\"https:\\\/\\\/gangsta-sino.net\\\/it\\\/\"},{\"@type\":\"ListItem\",\"position\":2,\"name\":\"Accesso e Registrazione\"}]},{\"@type\":\"WebSite\",\"@id\":\"https:\\\/\\\/gangsta-sino.net\\\/it\\\/#website\",\"url\":\"https:\\\/\\\/gangsta-sino.net\\\/it\\\/\",\"name\":\"Gangstasino\",\"description\":\"\",\"publisher\":{\"@id\":\"https:\\\/\\\/gangsta-sino.net\\\/it\\\/#organization\"},\"potentialAction\":[{\"@type\":\"SearchAction\",\"target\":{\"@type\":\"EntryPoint\",\"urlTemplate\":\"https:\\\/\\\/gangsta-sino.net\\\/it\\\/?s={search_term_string}\"},\"query-input\":{\"@type\":\"PropertyValueSpecification\",\"valueRequired\":true,\"valueName\":\"search_term_string\"}}],\"inLanguage\":\"it-IT\"},{\"@type\":\"Organization\",\"@id\":\"https:\\\/\\\/gangsta-sino.net\\\/it\\\/#organization\",\"name\":\"Gangstasino\",\"url\":\"https:\\\/\\\/gangsta-sino.net\\\/it\\\/\",\"logo\":{\"@type\":\"ImageObject\",\"inLanguage\":\"it-IT\",\"@id\":\"https:\\\/\\\/gangsta-sino.net\\\/it\\\/#\\\/schema\\\/logo\\\/image\\\/\",\"url\":\"https:\\\/\\\/gangsta-sino.net\\\/wp-content\\\/uploads\\\/2025\\\/08\\\/80u1FaquEZeR6OUTeJCc.png\",\"contentUrl\":\"https:\\\/\\\/gangsta-sino.net\\\/wp-content\\\/uploads\\\/2025\\\/08\\\/80u1FaquEZeR6OUTeJCc.png\",\"width\":152,\"height\":35,\"caption\":\"Gangstasino\"},\"image\":{\"@id\":\"https:\\\/\\\/gangsta-sino.net\\\/it\\\/#\\\/schema\\\/logo\\\/image\\\/\"}}]}<\/script>\n<!-- \/ Yoast SEO plugin. -->","yoast_head_json":{"title":"Gangstasino Login | Accesso e registrazione sicuri dell'account","description":"Il tuo login su Gangsta Sino \u00e8 la chiave per accedere a migliaia di giochi. Accedi per giocare o crea un nuovo account, completa la verifica sicura, gestisci i tuoi fondi e contatta l'assistenza 24 ore su 24, 7 giorni su 7.","robots":{"index":"index","follow":"follow","max-snippet":"max-snippet:-1","max-image-preview":"max-image-preview:large","max-video-preview":"max-video-preview:-1"},"canonical":"https:\/\/gangsta-sino.net\/it\/accesso-e-registrazione\/","og_locale":"it_IT","og_type":"article","og_title":"Gangstasino Login | Accesso e registrazione sicuri dell'account","og_description":"Il tuo login su Gangsta Sino \u00e8 la chiave per accedere a migliaia di giochi. Accedi per giocare o crea un nuovo account, completa la verifica sicura, gestisci i tuoi fondi e contatta l'assistenza 24 ore su 24, 7 giorni su 7.","og_url":"https:\/\/gangsta-sino.net\/it\/accesso-e-registrazione\/","og_site_name":"gangstasino","article_modified_time":"2025-11-03T08:36:27+00:00","twitter_card":"summary_large_image","twitter_misc":{"Est. reading time":"1 minuto"},"schema":{"@context":"https:\/\/schema.org","@graph":[{"@type":"WebPage","@id":"https:\/\/gangsta-sino.net\/it\/accesso-e-registrazione\/","url":"https:\/\/gangsta-sino.net\/it\/accesso-e-registrazione\/","name":"Gangstasino Login | Accesso e registrazione sicuri dell'account","isPartOf":{"@id":"https:\/\/gangsta-sino.net\/it\/#website"},"datePublished":"2025-10-31T12:52:53+00:00","dateModified":"2025-11-03T08:36:27+00:00","description":"Il tuo login su Gangsta Sino \u00e8 la chiave per accedere a migliaia di giochi. Accedi per giocare o crea un nuovo account, completa la verifica sicura, gestisci i tuoi fondi e contatta l'assistenza 24 ore su 24, 7 giorni su 7.","breadcrumb":{"@id":"https:\/\/gangsta-sino.net\/it\/accesso-e-registrazione\/#breadcrumb"},"inLanguage":"it-IT","potentialAction":[{"@type":"ReadAction","target":["https:\/\/gangsta-sino.net\/it\/accesso-e-registrazione\/"]}]},{"@type":"BreadcrumbList","@id":"https:\/\/gangsta-sino.net\/it\/accesso-e-registrazione\/#breadcrumb","itemListElement":[{"@type":"ListItem","position":1,"name":"Gangstasino","item":"https:\/\/gangsta-sino.net\/it\/"},{"@type":"ListItem","position":2,"name":"Accesso e Registrazione"}]},{"@type":"WebSite","@id":"https:\/\/gangsta-sino.net\/it\/#website","url":"https:\/\/gangsta-sino.net\/it\/","name":"Gangstasino","description":"","publisher":{"@id":"https:\/\/gangsta-sino.net\/it\/#organization"},"potentialAction":[{"@type":"SearchAction","target":{"@type":"EntryPoint","urlTemplate":"https:\/\/gangsta-sino.net\/it\/?s={search_term_string}"},"query-input":{"@type":"PropertyValueSpecification","valueRequired":true,"valueName":"search_term_string"}}],"inLanguage":"it-IT"},{"@type":"Organization","@id":"https:\/\/gangsta-sino.net\/it\/#organization","name":"Gangstasino","url":"https:\/\/gangsta-sino.net\/it\/","logo":{"@type":"ImageObject","inLanguage":"it-IT","@id":"https:\/\/gangsta-sino.net\/it\/#\/schema\/logo\/image\/","url":"https:\/\/gangsta-sino.net\/wp-content\/uploads\/2025\/08\/80u1FaquEZeR6OUTeJCc.png","contentUrl":"https:\/\/gangsta-sino.net\/wp-content\/uploads\/2025\/08\/80u1FaquEZeR6OUTeJCc.png","width":152,"height":35,"caption":"Gangstasino"},"image":{"@id":"https:\/\/gangsta-sino.net\/it\/#\/schema\/logo\/image\/"}}]}},"_links":{"self":[{"href":"https:\/\/gangsta-sino.net\/it\/wp-json\/wp\/v2\/pages\/1479","targetHints":{"allow":["GET"]}}],"collection":[{"href":"https:\/\/gangsta-sino.net\/it\/wp-json\/wp\/v2\/pages"}],"about":[{"href":"https:\/\/gangsta-sino.net\/it\/wp-json\/wp\/v2\/types\/page"}],"author":[{"embeddable":true,"href":"https:\/\/gangsta-sino.net\/it\/wp-json\/wp\/v2\/users\/1"}],"replies":[{"embeddable":true,"href":"https:\/\/gangsta-sino.net\/it\/wp-json\/wp\/v2\/comments?post=1479"}],"version-history":[{"count":2,"href":"https:\/\/gangsta-sino.net\/it\/wp-json\/wp\/v2\/pages\/1479\/revisions"}],"predecessor-version":[{"id":1820,"href":"https:\/\/gangsta-sino.net\/it\/wp-json\/wp\/v2\/pages\/1479\/revisions\/1820"}],"wp:attachment":[{"href":"https:\/\/gangsta-sino.net\/it\/wp-json\/wp\/v2\/media?parent=1479"}],"curies":[{"name":"wp","href":"https:\/\/api.w.org\/{rel}","templated":true}]}}