{"id":1425,"date":"2025-10-31T12:46:02","date_gmt":"2025-10-31T12:46:02","guid":{"rendered":"https:\/\/gangsta-sino.net\/app\/"},"modified":"2025-11-03T09:17:24","modified_gmt":"2025-11-03T09:17:24","slug":"aplikacja","status":"publish","type":"page","link":"https:\/\/gangsta-sino.net\/pl\/aplikacja\/","title":{"rendered":"Aplikacja"},"content":{"rendered":"<h1>Aplikacja Gangstasino Casino na iOS i Androida<\/h1>\n<p>Gangstasino app oferuje wysokiej jako\u015bci rozgrywk\u0119 na komputerach stacjonarnych i urz\u0105dzeniach mobilnych, z kt\u00f3rej mo\u017cna korzysta\u0107 w dowolnym miejscu i czasie. Kasyno Gangstasino jest dostosowane do gier zoptymalizowanych pod k\u0105tem urz\u0105dze\u0144 mobilnych z systemem Android i iOS oraz oferuje pe\u0142n\u0105 kompatybilno\u015b\u0107 z systemami Windows i macOS. Taki poziom dost\u0119pno\u015bci zapewnia u\u017cytkownikom w Polsce rozrywk\u0119 na najwy\u017cszym \u015bwiatowym poziomie w kasynie.<\/p>\n<div class=\"banner-wrap\" aria-label=\"Banner\"><img src=\"https:\/\/gangsta-sino.net\/wp-content\/uploads\/2025\/11\/Banner-Desktop.png\" class=\"w-100 d-none d-lg-block img-pc main-banner-img\" alt=\"Gangstasino bonus desktop\" fetchpriority=\"high\" decoding=\"async\"><img src=\"https:\/\/gangsta-sino.net\/wp-content\/uploads\/2025\/10\/Gangstasino-bonus-mobile.webp\" class=\"w-100 d-none d-md-block d-lg-none main-banner-img\" alt=\"Gangstasino bonus mobile\" fetchpriority=\"high\" decoding=\"async\"><img src=\"https:\/\/gangsta-sino.net\/wp-content\/uploads\/2025\/10\/Gangstasino-bonus-mobile.webp\" class=\"w-100 d-md-none\" alt=\"Gangstasino bonus mobile\" fetchpriority=\"high\" decoding=\"async\"><div class=\"banner-description\">\n<div class=\"banner-title\">Bonusy Powitalne<\/div>\n<p class=\"banner-header-title\">1500 \u20ac<\/p>\n<div class=\"banner-header-AdditionalText\">+ 250 Darmowych Spin\u00f3w<\/div>\n<button data-item=\"homepage_banner_link\" class=\"goto m-button m-gradient-border m-button--primary m-button--large banner-button btn-orange\">\n            <div class=\"m-button-content\">\n                <span>Zarejestruj si\u0119 teraz<\/span>\n                <span><\/span>\n            <\/div>\n        <\/button>\n<\/div>\n<div class=\"WelcomePack\">\n<p><img loading=\"lazy\" decoding=\"async\" class=\"alignnone size-full wp-image-1375\" src=\"https:\/\/gangsta-sino.net\/wp-content\/uploads\/2025\/10\/welcome-crown.svg\" alt=\"crown\" width=\"25\" height=\"26\" \/><\/p>\n<div class=\"WelcomePack-Info\">Cotygodniowy zwrot got\u00f3wki do 25%<\/div>\n<p><img loading=\"lazy\" decoding=\"async\" class=\"alignnone size-full wp-image-1375\" src=\"https:\/\/gangsta-sino.net\/wp-content\/uploads\/2025\/10\/welcome-crown.svg\" alt=\"crown\" width=\"25\" height=\"26\" \/><\/p>\n<\/div>\n<\/div>\n<h2>Aplikacja Gangstasino Funkcje i zalety<\/h2>\n<p>Aplikacja mobilna Gangstasino Casino spe\u0142nia potrzeby ka\u017cdego wymagaj\u0105cego gracza, kt\u00f3ry oczekuje szybko\u015bci, bezpiecze\u0144stwa i funkcjonalno\u015bci. Ta aplikacja to co\u015b wi\u0119cej ni\u017c tylko dodatek do mobilnego kasyna \u2013 to w pe\u0142ni funkcjonalne centrum gier, zorientowane na wydajno\u015b\u0107.<\/p>\n<h3>Najwa\u017cniejsze cechy<\/h3>\n<ul>\n<li>Ciesz si\u0119 kr\u00f3tszym czasem \u0142adowania i p\u0142ynniejsz\u0105 rozgrywk\u0105 ni\u017c w wersji na komputery stacjonarne.<\/li>\n<li>\u0141atwa nawigacja i sterowanie gestami, a tak\u017ce w pe\u0142ni zoptymalizowany interfejs dla ma\u0142ych ekran\u00f3w.<\/li>\n<li>Wypatruj ekskluzywnych bonus\u00f3w, turniej\u00f3w i ofert z zegarami odliczaj\u0105cymi czas.<\/li>\n<li>Twoje dane i p\u0142atno\u015bci s\u0105 u nas bezpieczne \u2013 stosujemy szyfrowanie typu end-to-end.<\/li>\n<li>Twoje konto jest w pe\u0142ni zsynchronizowane mi\u0119dzy urz\u0105dzeniami. Zacznij na telefonie kom\u00f3rkowym i kontynuuj na komputerze stacjonarnym bez \u017cadnych przeszk\u00f3d.<\/li>\n<\/ul>\n<p>Aplikacja Gangstasino zapewnia niesamowite wra\u017cenia z gry na automaty online, a dodatkowymi zaletami s\u0105 \u0142\u0105czno\u015b\u0107 poprzez powiadomienia, wygoda i przeno\u015bno\u015b\u0107. Dla u\u017cytkownik\u00f3w poszukuj\u0105cych pe\u0142nego do\u015bwiadczenia kasynowego przy minimalnych barierach wej\u015bcia, Gangstasino Casino jako aplikacja oferuje nieograniczone mo\u017cliwo\u015bci. Jednak dla u\u017cytkownik\u00f3w poszukuj\u0105cych d\u0142ugich sesji gry, komfortu du\u017cego ekranu, mo\u017cliwo\u015bci zanurzenia si\u0119 w urz\u0105dzeniu lub \u0142atwo\u015bci wykonywania wielu zada\u0144 jednocze\u015bnie, trudno zaprzeczy\u0107 zaletom wersji PC Gangstasino Casino.<\/p>\n<h3>Telefon kom\u00f3rkowy kontra komputer<\/h3>\n<table>\n<tbody>\n<tr>\n<td>Funkcja<\/td>\n<td>Aplikacja mobilna<\/td>\n<td>Komputer stacjonarny<\/td>\n<\/tr>\n<tr>\n<td>Przeno\u015bno\u015b\u0107<\/td>\n<td>Graj w podr\u00f3\u017cy<\/td>\n<td>U\u017cywa\u0107 tylko w jednym miejscu<\/td>\n<\/tr>\n<tr>\n<td>Powiadomienia<\/td>\n<td>Powiadomienia w czasie rzeczywistym<\/td>\n<td>\u017badne, chyba \u017ce przegl\u0105darka jest otwarta<\/td>\n<\/tr>\n<tr>\n<td>Interfejs<\/td>\n<td>Przyjazny dla dotyku<\/td>\n<td>Pe\u0142ny ekran z szczeg\u00f3\u0142owym uk\u0142adem<\/td>\n<\/tr>\n<tr>\n<td>Dost\u0119p do gry<\/td>\n<td>Pe\u0142na biblioteka gier<\/td>\n<td>Tak samo lub nieco wi\u0119cej<\/td>\n<\/tr>\n<tr>\n<td>Rozmiar ekranu<\/td>\n<td>Mniejszy ekran<\/td>\n<td>Wi\u0119kszy, lepszy obraz<\/td>\n<\/tr>\n<tr>\n<td>Elementy steruj\u0105ce<\/td>\n<td>Sterowanie dotykowe<\/td>\n<td>Klawiatura i mysz<\/td>\n<\/tr>\n<tr>\n<td>Wydajno\u015b\u0107<\/td>\n<td>Szybki i zoptymalizowany pod k\u0105tem urz\u0105dze\u0144 mobilnych<\/td>\n<td>Lepiej radzi sobie z ci\u0119\u017ck\u0105 grafik\u0105<\/td>\n<\/tr>\n<tr>\n<td>Bateria i dane<\/td>\n<td>Wykorzystuje bateri\u0119 i dane mobilne<\/td>\n<td>Stabilne zasilanie i internet<\/td>\n<\/tr>\n<tr>\n<td>D\u0142ugie sesje<\/td>\n<td>Mniej wygodne<\/td>\n<td>Lepszy do d\u0142ugiego grania<\/td>\n<\/tr>\n<tr>\n<td>Synchronizacja kont<\/td>\n<td colspan=\"2\">To samo konto na wszystkich urz\u0105dzeniach<\/td>\n<\/tr>\n<tr>\n<td>Czat na \u017cywo Pomoc techniczna<\/td>\n<td colspan=\"2\">Ca\u0142odobowy zesp\u00f3\u0142 wsparcia technicznego dost\u0119pny bezpo\u015brednio w aplikacji i w Internecie<\/td>\n<\/tr>\n<\/tbody>\n<\/table>\n<p>Aplikacja Gangstasino jest najbardziej funkcjonaln\u0105 wersj\u0105. Niezale\u017cnie od tego, czy kr\u0119cisz b\u0119bnami, grasz w pokera, czy uczestniczysz w grze z krupierem na \u017cywo, gry mobilne zapewniaj\u0105 najwy\u017csz\u0105 jako\u015b\u0107 bez kompromis\u00f3w.<\/p>\n<p><div style=\"clear: both\"><\/div><div class=\"d-flex justify-content-center\"><button data-item=\"decouvrez_link\" data-group=\"website_links\" class=\"goto fw-bold rounded-pill btn btn-orange\" aria-label=\"Pobierz aplikacj\u0119 Gangstasino\" >Pobierz aplikacj\u0119 Gangstasino<\/button><\/div><div class=\"scrollable-content-wrap my-5\"><div class=\"scrollable-content-inner\"><h2>Gangsta Sino Aplikacja mobilna dla urz\u0105dze\u0144 z systemem iOS<\/h2>\n<p>Twoje ulubione gry s\u0105 w zasi\u0119gu jednego dotkni\u0119cia. Oto jak przenie\u015b\u0107 aplikacj\u0119 Gangstasino na ekran g\u0142\u00f3wny urz\u0105dzenia z systemem iOS:<\/p>\n<ol>\n<li>Otw\u00f3rz przegl\u0105dark\u0119 Safari na urz\u0105dzeniu Apple.<\/li>\n<li>Przejd\u017a do oficjalnej strony Gangsta Sino.<\/li>\n<li>Naci\u015bnij ikon\u0119 udost\u0119pniania (znajduj\u0105c\u0105 si\u0119 na dole ekranu).<\/li>\n<li>Przewi\u0144 w d\u00f3\u0142 i wybierz \u201eDodaj do ekranu g\u0142\u00f3wnego\u201d.<\/li>\n<li>Naci\u015bnij \u201eDodaj\u201d, aby potwierdzi\u0107.<\/li>\n<\/ol>\n<p>Nast\u0119pnie ikona aplikacji Gangstasino app pojawi si\u0119 na ekranie g\u0142\u00f3wnym, tak jak w przypadku aplikacji natywnej. Mo\u017cesz j\u0105 klikn\u0105\u0107 w dowolnym momencie, aby bezpo\u015brednio uruchomi\u0107 pe\u0142n\u0105 wersj\u0119 gry.<\/p>\n<p><img loading=\"lazy\" decoding=\"async\" class=\"alignnone size-full wp-image-1393\" src=\"https:\/\/gangsta-sino.net\/wp-content\/uploads\/2025\/10\/Gangstasino-App-iOS.webp\" alt=\"Gangstasino App iOS\" width=\"1248\" height=\"536\" srcset=\"https:\/\/gangsta-sino.net\/wp-content\/uploads\/2025\/10\/Gangstasino-App-iOS.webp 1248w, https:\/\/gangsta-sino.net\/wp-content\/uploads\/2025\/10\/Gangstasino-App-iOS-300x129.webp 300w, https:\/\/gangsta-sino.net\/wp-content\/uploads\/2025\/10\/Gangstasino-App-iOS-1024x440.webp 1024w, https:\/\/gangsta-sino.net\/wp-content\/uploads\/2025\/10\/Gangstasino-App-iOS-768x330.webp 768w\" sizes=\"auto, (max-width: 1248px) 100vw, 1248px\" \/><\/p>\n<\/div><\/div><div style=\"clear: both\"><\/div><div class=\"d-flex justify-content-center\"><button data-item=\"decouvrez_link\" data-group=\"website_links\" class=\"goto fw-bold rounded-pill btn btn-orange\" aria-label=\"Pobierz Gangstasino\" >Pobierz Gangstasino<\/button><\/div><div class=\"scrollable-content-wrap my-5\"><div class=\"scrollable-content-inner\"><h2>Aplikacja mobilna dla u\u017cytkownik\u00f3w systemu Android<\/h2>\n<p>Kasyno Gangstasino zapewnia szybkie, niezawodne i w pe\u0142ni zoptymalizowane pod k\u0105tem systemu Android do\u015bwiadczenie \u2013 bez k\u0142opot\u00f3w zwi\u0105zanych z plikami APK lub instalacj\u0105 oprogramowania innych firm. Nasz\u0105 progresywn\u0105 aplikacj\u0119 internetow\u0105 mo\u017cna zainstalowa\u0107 bezpo\u015brednio w przegl\u0105darce, wykonuj\u0105c jedn\u0105 prost\u0105 czynno\u015b\u0107.<\/p>\n<p>Aby mie\u0107 aplikacj\u0119 Gangsta Sino na swoim urz\u0105dzeniu z systemem Android:<\/p>\n<ol>\n<li>Otw\u00f3rz przegl\u0105dark\u0119 w telefonie i wejd\u017a na oficjaln\u0105 stron\u0119 Gangstasino.<\/li>\n<li>Przejd\u017a do przycisku menu w lewym dolnym rogu ekranu.<\/li>\n<li>Kliknij \u201eZainstaluj\u201d, aby uzyska\u0107 szczeg\u00f3\u0142owe informacje.<\/li>\n<li>Otw\u00f3rz aplikacj\u0119, zaloguj si\u0119 i mo\u017cesz zacz\u0105\u0107 gra\u0107.<\/li>\n<\/ol>\n<p>Dzi\u0119ki aplikacji PWA Gangstasino masz natychmiastowy dost\u0119p. Mo\u017cesz bezpiecznie si\u0119 zalogowa\u0107, a rozgrywka b\u0119dzie przebiega\u0107 p\u0142ynnie, bez konieczno\u015bci pobierania plik\u00f3w lub aktualizacji. Nie instaluj pliku APK Gangstasino z witryn innych firm.<\/p>\n<p><img loading=\"lazy\" decoding=\"async\" class=\"alignnone size-full wp-image-1394\" src=\"https:\/\/gangsta-sino.net\/wp-content\/uploads\/2025\/10\/Gangstasino-App-Android.webp\" alt=\"Gangstasino App Android\" width=\"1248\" height=\"536\" srcset=\"https:\/\/gangsta-sino.net\/wp-content\/uploads\/2025\/10\/Gangstasino-App-Android.webp 1248w, https:\/\/gangsta-sino.net\/wp-content\/uploads\/2025\/10\/Gangstasino-App-Android-300x129.webp 300w, https:\/\/gangsta-sino.net\/wp-content\/uploads\/2025\/10\/Gangstasino-App-Android-1024x440.webp 1024w, https:\/\/gangsta-sino.net\/wp-content\/uploads\/2025\/10\/Gangstasino-App-Android-768x330.webp 768w\" sizes=\"auto, (max-width: 1248px) 100vw, 1248px\" \/><\/p>\n<\/div><\/div><div style=\"clear: both\"><\/div><div class=\"d-flex justify-content-center\"><button data-item=\"decouvrez_link\" data-group=\"website_links\" class=\"goto fw-bold rounded-pill btn btn-orange\" aria-label=\"Pobierz aplikacj\u0119 Gangstasino\" >Pobierz aplikacj\u0119 Gangstasino<\/button><\/div><div class=\"scrollable-content-wrap my-5\"><div class=\"scrollable-content-inner\"><h2>Graj na Windows lub Mac z Gangstasino<\/h2>\n<p>Gry, kt\u00f3re kochasz najbardziej, s\u0105 teraz bardziej dost\u0119pne ni\u017c kiedykolwiek. Ciesz si\u0119 szybkimi czasami wyp\u0142at, przydzielaniem bonus\u00f3w w formie gry, natychmiastowym dost\u0119pem do ulubionych bonus\u00f3w i nieko\u0144cz\u0105c\u0105 si\u0119 rozgrywk\u0105 podczas ekscytuj\u0105cych turniej\u00f3w. Wszystkie atrakcje w kasynie Gangstasino s\u0105 teraz szybsze i bardziej wydajne.<\/p>\n<p>Kroki instalacji Gangsta Sino na komputerze z systemem Windows lub Mac:<\/p>\n<ol>\n<li>Otw\u00f3rz przegl\u0105dark\u0119 Chrome na komputerach z systemem Windows lub Safari na komputerach Mac.<\/li>\n<li>Wejd\u017a na oficjaln\u0105 stron\u0119 internetow\u0105 Gangstasino.<\/li>\n<li>Znajd\u017a przycisk \u201eAplikacja kasyna\u201d po prawej stronie paska adresu.<\/li>\n<li>Nast\u0119pnie post\u0119puj zgodnie z instrukcjami.<\/li>\n<\/ol>\n<p>Po zako\u0144czeniu procesu weryfikacji aplikacja Gangstasino zostanie dodana do pulpitu lub menu Start, aby zapewni\u0107 \u0142atwy dost\u0119p i mo\u017cliwo\u015b\u0107 otwarcia za pomoc\u0105 jednego klikni\u0119cia.<\/p>\n<p><img loading=\"lazy\" decoding=\"async\" class=\"alignnone size-full wp-image-1395\" src=\"https:\/\/gangsta-sino.net\/wp-content\/uploads\/2025\/10\/Gangstasino-App-PC.webp\" alt=\"Gangstasino App PC\" width=\"1248\" height=\"536\" srcset=\"https:\/\/gangsta-sino.net\/wp-content\/uploads\/2025\/10\/Gangstasino-App-PC.webp 1248w, https:\/\/gangsta-sino.net\/wp-content\/uploads\/2025\/10\/Gangstasino-App-PC-300x129.webp 300w, https:\/\/gangsta-sino.net\/wp-content\/uploads\/2025\/10\/Gangstasino-App-PC-1024x440.webp 1024w, https:\/\/gangsta-sino.net\/wp-content\/uploads\/2025\/10\/Gangstasino-App-PC-768x330.webp 768w\" sizes=\"auto, (max-width: 1248px) 100vw, 1248px\" \/><\/p>\n<\/div><\/div><div style=\"clear: both\"><\/div><div class=\"d-flex justify-content-center\"><button data-item=\"decouvrez_link\" data-group=\"website_links\" class=\"goto fw-bold rounded-pill btn btn-orange\" aria-label=\"Pobierz Gangstasino\" >Pobierz Gangstasino<\/button><\/div><div class=\"scrollable-content-wrap my-5\"><div class=\"scrollable-content-inner\"><h2>Cz\u0119sto zadawane pytania<\/h2>\n<h3>Jak mog\u0119 pobra\u0107 i zainstalowa\u0107 aplikacj\u0119 mobiln\u0105 Gangsta Sino?<\/h3>\n<p>W sklepie Google Play ani Apple App Store nie znajdziesz oficjalnej aplikacji mobilnej Gangsta Sino. Mo\u017cesz jednak skorzysta\u0107 z witryny zoptymalizowanej pod k\u0105tem urz\u0105dze\u0144 mobilnych, kt\u00f3ra dzia\u0142a jak aplikacja PWA. Wystarczy znale\u017a\u0107 nas w przegl\u0105darce mobilnej, a strona automatycznie dostosuje si\u0119 do Twojego urz\u0105dzenia. Dzi\u0119ki temu nie musisz martwi\u0107 si\u0119 o pobieranie plik\u00f3w i zawsze masz najnowsz\u0105 wersj\u0119 bez konieczno\u015bci aktualizacji.<\/p>\n<h3>Czy aplikacja Gangsta Sino jest dost\u0119pna zar\u00f3wno na urz\u0105dzenia z systemem Android, jak i iOS?<\/h3>\n<p>Chocia\u017c nie ma specjalnych aplikacji dla tych platform, strona internetowa Gangsta Sino, zoptymalizowana pod k\u0105tem urz\u0105dze\u0144 mobilnych, jest dost\u0119pna na urz\u0105dzeniach z systemem iOS i Android, co pozwala korzysta\u0107 z Gangsta Sino na telefonie kom\u00f3rkowym lub tablecie bez konieczno\u015bci instalacji aplikacji. Nale\u017cy jednak zachowa\u0107 ostro\u017cno\u015b\u0107 i korzysta\u0107 wy\u0142\u0105cznie z oficjalnej strony internetowej, aby unikn\u0105\u0107 zagro\u017ce\u0144 bezpiecze\u0144stwa.<\/p>\n<h3>Jakie s\u0105 r\u00f3\u017cnice mi\u0119dzy graniem na telefonie a graniem na komputerze?<\/h3>\n<p>Obie platformy oferuj\u0105 identyczne funkcje podstawowe i kolekcje gier. Platforma mobilna zapewnia wygod\u0119 przeno\u015bno\u015bci i powiadomie\u0144 push, natomiast platforma stacjonarna pozwala u\u017cytkownikowi korzysta\u0107 z wi\u0119kszego ekranu i standardowych metod wprowadzania danych.<\/p>\n<h3>Czy mog\u0119 korzysta\u0107 z tego samego konta w aplikacji Gangsta Sino i na stronie internetowej?<\/h3>\n<p>Wszystkie platformy s\u0105 w pe\u0142ni zintegrowane z Twoim kontem Gangstasino. Oznacza to, \u017ce niezale\u017cnie od u\u017cywanego urz\u0105dzenia, czy to telefonu kom\u00f3rkowego, tabletu czy komputera stacjonarnego, mo\u017cesz zalogowa\u0107 si\u0119 na swoje konto w dowolnym momencie. Wszystkie informacje dotycz\u0105ce konta, trwaj\u0105ce gry, saldo, bonusy, ustawienia i dane osobowe b\u0119d\u0105 zsynchronizowane.<\/p>\n<\/div><\/div><\/p>\n","protected":false},"excerpt":{"rendered":"<p>Aplikacja Gangstasino Casino na iOS i Androida Gangstasino app oferuje wysokiej jako\u015bci rozgrywk\u0119 na komputerach stacjonarnych i urz\u0105dzeniach mobilnych, z kt\u00f3rej mo\u017cna korzysta\u0107 w dowolnym miejscu i czasie. Kasyno Gangstasino jest dostosowane do gier zoptymalizowanych pod k\u0105tem urz\u0105dze\u0144 mobilnych z systemem Android i iOS oraz oferuje pe\u0142n\u0105 kompatybilno\u015b\u0107 z systemami Windows i macOS. Taki poziom [&hellip;]<\/p>\n","protected":false},"author":1,"featured_media":0,"parent":0,"menu_order":0,"comment_status":"closed","ping_status":"closed","template":"template-builder.php","meta":{"_acf_changed":false,"inline_featured_image":false,"footnotes":""},"class_list":["post-1425","page","type-page","status-publish","hentry"],"acf":[],"yoast_head":"<!-- This site is optimized with the Yoast SEO plugin v27.3 - https:\/\/yoast.com\/product\/yoast-seo-wordpress\/ -->\n<title>Gangstasino Casino App na iOS i Androida<\/title>\n<meta name=\"description\" content=\"Pobierz app Gangsta Sino na dowolne urz\u0105dzenie i uzyskaj natychmiastowy dost\u0119p do ponad 6000 gier i nie tylko. Ciesz si\u0119 bezpieczn\u0105 rozgrywk\u0105 i ca\u0142odobowym wsparciem w podr\u00f3\u017cy.\" \/>\n<meta name=\"robots\" content=\"index, follow, max-snippet:-1, max-image-preview:large, max-video-preview:-1\" \/>\n<link rel=\"canonical\" href=\"https:\/\/gangsta-sino.net\/pl\/aplikacja\/\" \/>\n<meta property=\"og:locale\" content=\"pl_PL\" \/>\n<meta property=\"og:type\" content=\"article\" \/>\n<meta property=\"og:title\" content=\"Gangstasino Casino App na iOS i Androida\" \/>\n<meta property=\"og:description\" content=\"Pobierz app Gangsta Sino na dowolne urz\u0105dzenie i uzyskaj natychmiastowy dost\u0119p do ponad 6000 gier i nie tylko. Ciesz si\u0119 bezpieczn\u0105 rozgrywk\u0105 i ca\u0142odobowym wsparciem w podr\u00f3\u017cy.\" \/>\n<meta property=\"og:url\" content=\"https:\/\/gangsta-sino.net\/pl\/aplikacja\/\" \/>\n<meta property=\"og:site_name\" content=\"gangstasino\" \/>\n<meta property=\"article:modified_time\" content=\"2025-11-03T09:17:24+00:00\" \/>\n<meta name=\"twitter:card\" content=\"summary_large_image\" \/>\n<meta name=\"twitter:label1\" content=\"Est. reading time\" \/>\n\t<meta name=\"twitter:data1\" content=\"2 minuty\" \/>\n<script type=\"application\/ld+json\" class=\"yoast-schema-graph\">{\"@context\":\"https:\\\/\\\/schema.org\",\"@graph\":[{\"@type\":\"WebPage\",\"@id\":\"https:\\\/\\\/gangsta-sino.net\\\/pl\\\/aplikacja\\\/\",\"url\":\"https:\\\/\\\/gangsta-sino.net\\\/pl\\\/aplikacja\\\/\",\"name\":\"Gangstasino Casino App na iOS i Androida\",\"isPartOf\":{\"@id\":\"https:\\\/\\\/gangsta-sino.net\\\/pl\\\/#website\"},\"datePublished\":\"2025-10-31T12:46:02+00:00\",\"dateModified\":\"2025-11-03T09:17:24+00:00\",\"description\":\"Pobierz app Gangsta Sino na dowolne urz\u0105dzenie i uzyskaj natychmiastowy dost\u0119p do ponad 6000 gier i nie tylko. Ciesz si\u0119 bezpieczn\u0105 rozgrywk\u0105 i ca\u0142odobowym wsparciem w podr\u00f3\u017cy.\",\"breadcrumb\":{\"@id\":\"https:\\\/\\\/gangsta-sino.net\\\/pl\\\/aplikacja\\\/#breadcrumb\"},\"inLanguage\":\"pl-PL\",\"potentialAction\":[{\"@type\":\"ReadAction\",\"target\":[\"https:\\\/\\\/gangsta-sino.net\\\/pl\\\/aplikacja\\\/\"]}]},{\"@type\":\"BreadcrumbList\",\"@id\":\"https:\\\/\\\/gangsta-sino.net\\\/pl\\\/aplikacja\\\/#breadcrumb\",\"itemListElement\":[{\"@type\":\"ListItem\",\"position\":1,\"name\":\"Gangstasino\",\"item\":\"https:\\\/\\\/gangsta-sino.net\\\/pl\\\/\"},{\"@type\":\"ListItem\",\"position\":2,\"name\":\"Aplikacja\"}]},{\"@type\":\"WebSite\",\"@id\":\"https:\\\/\\\/gangsta-sino.net\\\/pl\\\/#website\",\"url\":\"https:\\\/\\\/gangsta-sino.net\\\/pl\\\/\",\"name\":\"Gangstasino\",\"description\":\"\",\"publisher\":{\"@id\":\"https:\\\/\\\/gangsta-sino.net\\\/pl\\\/#organization\"},\"potentialAction\":[{\"@type\":\"SearchAction\",\"target\":{\"@type\":\"EntryPoint\",\"urlTemplate\":\"https:\\\/\\\/gangsta-sino.net\\\/pl\\\/?s={search_term_string}\"},\"query-input\":{\"@type\":\"PropertyValueSpecification\",\"valueRequired\":true,\"valueName\":\"search_term_string\"}}],\"inLanguage\":\"pl-PL\"},{\"@type\":\"Organization\",\"@id\":\"https:\\\/\\\/gangsta-sino.net\\\/pl\\\/#organization\",\"name\":\"Gangstasino\",\"url\":\"https:\\\/\\\/gangsta-sino.net\\\/pl\\\/\",\"logo\":{\"@type\":\"ImageObject\",\"inLanguage\":\"pl-PL\",\"@id\":\"https:\\\/\\\/gangsta-sino.net\\\/pl\\\/#\\\/schema\\\/logo\\\/image\\\/\",\"url\":\"https:\\\/\\\/gangsta-sino.net\\\/wp-content\\\/uploads\\\/2025\\\/08\\\/80u1FaquEZeR6OUTeJCc.png\",\"contentUrl\":\"https:\\\/\\\/gangsta-sino.net\\\/wp-content\\\/uploads\\\/2025\\\/08\\\/80u1FaquEZeR6OUTeJCc.png\",\"width\":152,\"height\":35,\"caption\":\"Gangstasino\"},\"image\":{\"@id\":\"https:\\\/\\\/gangsta-sino.net\\\/pl\\\/#\\\/schema\\\/logo\\\/image\\\/\"}}]}<\/script>\n<!-- \/ Yoast SEO plugin. -->","yoast_head_json":{"title":"Gangstasino Casino App na iOS i Androida","description":"Pobierz app Gangsta Sino na dowolne urz\u0105dzenie i uzyskaj natychmiastowy dost\u0119p do ponad 6000 gier i nie tylko. Ciesz si\u0119 bezpieczn\u0105 rozgrywk\u0105 i ca\u0142odobowym wsparciem w podr\u00f3\u017cy.","robots":{"index":"index","follow":"follow","max-snippet":"max-snippet:-1","max-image-preview":"max-image-preview:large","max-video-preview":"max-video-preview:-1"},"canonical":"https:\/\/gangsta-sino.net\/pl\/aplikacja\/","og_locale":"pl_PL","og_type":"article","og_title":"Gangstasino Casino App na iOS i Androida","og_description":"Pobierz app Gangsta Sino na dowolne urz\u0105dzenie i uzyskaj natychmiastowy dost\u0119p do ponad 6000 gier i nie tylko. Ciesz si\u0119 bezpieczn\u0105 rozgrywk\u0105 i ca\u0142odobowym wsparciem w podr\u00f3\u017cy.","og_url":"https:\/\/gangsta-sino.net\/pl\/aplikacja\/","og_site_name":"gangstasino","article_modified_time":"2025-11-03T09:17:24+00:00","twitter_card":"summary_large_image","twitter_misc":{"Est. reading time":"2 minuty"},"schema":{"@context":"https:\/\/schema.org","@graph":[{"@type":"WebPage","@id":"https:\/\/gangsta-sino.net\/pl\/aplikacja\/","url":"https:\/\/gangsta-sino.net\/pl\/aplikacja\/","name":"Gangstasino Casino App na iOS i Androida","isPartOf":{"@id":"https:\/\/gangsta-sino.net\/pl\/#website"},"datePublished":"2025-10-31T12:46:02+00:00","dateModified":"2025-11-03T09:17:24+00:00","description":"Pobierz app Gangsta Sino na dowolne urz\u0105dzenie i uzyskaj natychmiastowy dost\u0119p do ponad 6000 gier i nie tylko. Ciesz si\u0119 bezpieczn\u0105 rozgrywk\u0105 i ca\u0142odobowym wsparciem w podr\u00f3\u017cy.","breadcrumb":{"@id":"https:\/\/gangsta-sino.net\/pl\/aplikacja\/#breadcrumb"},"inLanguage":"pl-PL","potentialAction":[{"@type":"ReadAction","target":["https:\/\/gangsta-sino.net\/pl\/aplikacja\/"]}]},{"@type":"BreadcrumbList","@id":"https:\/\/gangsta-sino.net\/pl\/aplikacja\/#breadcrumb","itemListElement":[{"@type":"ListItem","position":1,"name":"Gangstasino","item":"https:\/\/gangsta-sino.net\/pl\/"},{"@type":"ListItem","position":2,"name":"Aplikacja"}]},{"@type":"WebSite","@id":"https:\/\/gangsta-sino.net\/pl\/#website","url":"https:\/\/gangsta-sino.net\/pl\/","name":"Gangstasino","description":"","publisher":{"@id":"https:\/\/gangsta-sino.net\/pl\/#organization"},"potentialAction":[{"@type":"SearchAction","target":{"@type":"EntryPoint","urlTemplate":"https:\/\/gangsta-sino.net\/pl\/?s={search_term_string}"},"query-input":{"@type":"PropertyValueSpecification","valueRequired":true,"valueName":"search_term_string"}}],"inLanguage":"pl-PL"},{"@type":"Organization","@id":"https:\/\/gangsta-sino.net\/pl\/#organization","name":"Gangstasino","url":"https:\/\/gangsta-sino.net\/pl\/","logo":{"@type":"ImageObject","inLanguage":"pl-PL","@id":"https:\/\/gangsta-sino.net\/pl\/#\/schema\/logo\/image\/","url":"https:\/\/gangsta-sino.net\/wp-content\/uploads\/2025\/08\/80u1FaquEZeR6OUTeJCc.png","contentUrl":"https:\/\/gangsta-sino.net\/wp-content\/uploads\/2025\/08\/80u1FaquEZeR6OUTeJCc.png","width":152,"height":35,"caption":"Gangstasino"},"image":{"@id":"https:\/\/gangsta-sino.net\/pl\/#\/schema\/logo\/image\/"}}]}},"_links":{"self":[{"href":"https:\/\/gangsta-sino.net\/pl\/wp-json\/wp\/v2\/pages\/1425","targetHints":{"allow":["GET"]}}],"collection":[{"href":"https:\/\/gangsta-sino.net\/pl\/wp-json\/wp\/v2\/pages"}],"about":[{"href":"https:\/\/gangsta-sino.net\/pl\/wp-json\/wp\/v2\/types\/page"}],"author":[{"embeddable":true,"href":"https:\/\/gangsta-sino.net\/pl\/wp-json\/wp\/v2\/users\/1"}],"replies":[{"embeddable":true,"href":"https:\/\/gangsta-sino.net\/pl\/wp-json\/wp\/v2\/comments?post=1425"}],"version-history":[{"count":2,"href":"https:\/\/gangsta-sino.net\/pl\/wp-json\/wp\/v2\/pages\/1425\/revisions"}],"predecessor-version":[{"id":1913,"href":"https:\/\/gangsta-sino.net\/pl\/wp-json\/wp\/v2\/pages\/1425\/revisions\/1913"}],"wp:attachment":[{"href":"https:\/\/gangsta-sino.net\/pl\/wp-json\/wp\/v2\/media?parent=1425"}],"curies":[{"name":"wp","href":"https:\/\/api.w.org\/{rel}","templated":true}]}}