{"id":1480,"date":"2025-10-31T12:52:53","date_gmt":"2025-10-31T12:52:53","guid":{"rendered":"https:\/\/gangsta-sino.net\/login-and-registration\/"},"modified":"2025-11-03T09:20:15","modified_gmt":"2025-11-03T09:20:15","slug":"logowanie-i-rejestracja","status":"publish","type":"page","link":"https:\/\/gangsta-sino.net\/pl\/logowanie-i-rejestracja\/","title":{"rendered":"Logowanie i Rejestracja"},"content":{"rendered":"<h1>Logowanie do Gangstasino i rejestracja konta<\/h1>\n<p>Gangstasino login zapewnia szybki dost\u0119p do automat\u00f3w, gier sto\u0142owych i wielu innych atrakcji. Poza tym, rejestruj\u0105c si\u0119 w serwisie Gangstasino, zyskujesz znacznie wi\u0119cej ni\u017c tylko konto. Zyskujesz dost\u0119p do wszystkich naszych gier, promocji, osobistego panelu z statystykami i saldem, narz\u0119dzi do dokonywania wp\u0142at i wyp\u0142at oraz wielu innych funkcji. Zasadniczo rejestracja w Gangsta Sino zmienia Ci\u0119 z go\u015bcia w aktywnego gracza, z biernego obserwatora w uczestnika. Polscy u\u017cytkownicy mog\u0105 teraz gra\u0107, monitorowa\u0107, zarz\u0105dza\u0107 i w pe\u0142ni cieszy\u0107 si\u0119 do\u015bwiadczeniem kasyna Gangstasino.<\/p>\n<p><div class=\"banner-wrap\" aria-label=\"Banner\"><img src=\"https:\/\/gangsta-sino.net\/wp-content\/uploads\/2025\/11\/Banner-Desktop.png\" class=\"w-100 d-none d-lg-block img-pc main-banner-img\" alt=\"Gangstasino bonus desktop\" fetchpriority=\"high\" decoding=\"async\"><img src=\"https:\/\/gangsta-sino.net\/wp-content\/uploads\/2025\/10\/Gangstasino-bonus-mobile.webp\" class=\"w-100 d-none d-md-block d-lg-none main-banner-img\" alt=\"Gangstasino bonus mobile\" fetchpriority=\"high\" decoding=\"async\"><img src=\"https:\/\/gangsta-sino.net\/wp-content\/uploads\/2025\/10\/Gangstasino-bonus-mobile.webp\" class=\"w-100 d-md-none\" alt=\"Gangstasino bonus mobile\" fetchpriority=\"high\" decoding=\"async\"><div class=\"banner-description\">\n<div class=\"banner-title\">Bonusy Powitalne<\/div>\n<p class=\"banner-header-title\">1500 \u20ac<\/p>\n<div class=\"banner-header-AdditionalText\">+ 250 Darmowych Spin\u00f3w<\/div>\n<button data-item=\"homepage_banner_link\" class=\"goto m-button m-gradient-border m-button--primary m-button--large banner-button btn-orange\">\n            <div class=\"m-button-content\">\n                <span>Zarejestruj si\u0119 teraz<\/span>\n                <span><\/span>\n            <\/div>\n        <\/button>\n<\/div>\n<div class=\"WelcomePack\">\n<p><img loading=\"lazy\" decoding=\"async\" class=\"alignnone size-full wp-image-1375\" src=\"https:\/\/gangsta-sino.net\/wp-content\/uploads\/2025\/10\/welcome-crown.svg\" alt=\"crown\" width=\"25\" height=\"26\" \/><\/p>\n<div class=\"WelcomePack-Info\">Cotygodniowy zwrot got\u00f3wki do 25%<\/div>\n<p><img loading=\"lazy\" decoding=\"async\" class=\"alignnone size-full wp-image-1375\" src=\"https:\/\/gangsta-sino.net\/wp-content\/uploads\/2025\/10\/welcome-crown.svg\" alt=\"crown\" width=\"25\" height=\"26\" \/><\/p>\n<\/div>\n<\/div><div class=\"scrollable-content-wrap my-5\"><div class=\"scrollable-content-inner\"><h2>Do\u0142\u0105cz do Gangstasino i zacznij gra\u0107<\/h2>\n<p>Do\u0142\u0105czaj\u0105c do Gangstasino, mo\u017cesz w pe\u0142ni korzysta\u0107 z naszego katalogu gier, w tym automat\u00f3w, gier sto\u0142owych i gier z krupierem na \u017cywo. Za\u0142o\u017cenie konta to pierwszy krok do uzyskania wszystkich naszych bonus\u00f3w i promocji. Oto jak to zrobi\u0107:<\/p>\n<h3>Przewodnik po konfiguracji konta<\/h3>\n<p>Otw\u00f3rz swoj\u0105 ulubion\u0105 przegl\u0105dark\u0119 na komputerze lub urz\u0105dzeniu mobilnym i przejd\u017a do oficjalnej strony Gangstasino Casino. Zawsze sprawdzaj, czy jeste\u015b na w\u0142a\u015bciwej domenie, aby unikn\u0105\u0107 stron phishingowych.<\/p>\n<ol>\n<li>Znajd\u017a przycisk \u201eZarejestruj si\u0119\u201d.<\/li>\n<li>Standardowe protoko\u0142y rejestracji wymagaj\u0105 wype\u0142nienia nast\u0119puj\u0105cych danych:\n<ul>\n<li>Prawid\u0142owy adres e-mail<\/li>\n<li>Has\u0142o (bezpieczne, silne)<\/li>\n<li>Kod promocyjny (opcjonalnie)<\/li>\n<\/ul>\n<\/li>\n<li>Akceptacja warunk\u00f3w u\u017cytkowania \/ polityki prywatno\u015bci: B\u0119dziesz musia\u0142 potwierdzi\u0107, \u017ce akceptujesz us\u0142ugi \u015bwiadczone przez Gangstasino Casino, wraz z polityk\u0105 prywatno\u015bci, polityk\u0105 odpowiedzialnej gry itp. B\u0119dzie to mo\u017cliwe poprzez zaznaczenie odpowiedniego pola.<\/li>\n<\/ol>\n<p>Po wype\u0142nieniu formularza rejestracyjnego nale\u017cy klikn\u0105\u0107 \u201eZarejestruj si\u0119\u201d.<\/p>\n<p>Po zarejestrowaniu si\u0119 mo\u017cesz skorzysta\u0107 z naszej szerokiej oferty bonus\u00f3w i nagr\u00f3d. Ka\u017cda wp\u0142ata i ka\u017cde zalogowanie si\u0119 do Gangstasino zapewnia Ci nagrody, w tym bonusy powitalne, cotygodniowy cashback, bonusy weekendowe i wiele innych. W razie jakichkolwiek pyta\u0144 prosimy o kontakt za po\u015brednictwem czatu na \u017cywo.<\/p>\n<h2>Dost\u0119p do konta i kontrola w Gangstasino<\/h2>\n<p>Teraz, gdy Twoje konto w Gangstasino Casino zosta\u0142o zarejestrowane i aktywowane, nast\u0119pnym krokiem jest opanowanie sposobu logowania si\u0119 i zapoznanie si\u0119 z dzia\u0142aniami dost\u0119pnymi na koncie gracza.<\/p>\n<h3>Jak si\u0119 zalogowa\u0107<\/h3>\n<ol>\n<li>Na komputerze stacjonarnym lub urz\u0105dzeniu mobilnym otw\u00f3rz przegl\u0105dark\u0119 internetow\u0105 i przejd\u017a do strony Logowanie do Gangstasino.<\/li>\n<li>Przycisk logowania znajduje si\u0119 w prawym g\u00f3rnym rogu strony.<\/li>\n<li>Wpisz sw\u00f3j adres e-mail i has\u0142o w odpowiednich polach.<\/li>\n<li>Nast\u0119pnie kliknij przycisk Zaloguj si\u0119 do Gangstasino.<\/li>\n<\/ol>\n<p>Gdy system Gangsta Sino potwierdzi poprawno\u015b\u0107 has\u0142a i nazwy u\u017cytkownika, przekieruje Ci\u0119 do g\u0142\u00f3wnego lobby Twojego konta, znanego r\u00f3wnie\u017c jako pulpit nawigacyjny konta.<\/p>\n<p>Pami\u0119taj, aby korzysta\u0107 wy\u0142\u0105cznie z oficjalnej strony Gangsta Sino. Nie korzystaj z nieoficjalnych link\u00f3w, kt\u00f3re mog\u0105 zawiera\u0107 fa\u0142szywe dane uwierzytelniaj\u0105ce.<\/p>\n<p>Okno konta Gangstasino Casino oferuje szereg opcji i funkcji dost\u0119pnych od razu po zalogowaniu. Najcz\u0119\u015bciej u\u017cywane funkcje to:<\/p>\n<ul>\n<li>Automaty do gier i jackpoty<\/li>\n<li>Depozyty<\/li>\n<li>Wycofanie<\/li>\n<li>Zarz\u0105dzanie bonusami i promocjami<\/li>\n<li>Historia gry<\/li>\n<li>Dost\u0119p do naszego programu VIP\/lojalno\u015bciowego<\/li>\n<li>Zesp\u00f3\u0142 wsparcia technicznego i centrum pomocy<\/li>\n<\/ul>\n<h3>Jak zresetowa\u0107 dane logowania<\/h3>\n<p>Oto co nale\u017cy zrobi\u0107, je\u015bli nie pami\u0119tasz has\u0142a:<\/p>\n<ol>\n<li>Pod danymi logowania znajduje si\u0119 opcja \u201eNie pami\u0119tasz has\u0142a?\u201d.<\/li>\n<li>Wpisz adres e-mail powi\u0105zany z Twoim kontem Gangstasino.<\/li>\n<li>Otrzymasz wiadomo\u015b\u0107 e-mail z instrukcjami. Post\u0119puj zgodnie z nimi, aby zresetowa\u0107 has\u0142o.<\/li>\n<li>Upewnij si\u0119, \u017ce nowe has\u0142o jest bezpieczne i zawiera kombinacj\u0119 wielkich i ma\u0142ych liter, cyfr oraz znak\u00f3w specjalnych.<\/li>\n<li>Zaloguj si\u0119 przy u\u017cyciu nowego has\u0142a.<\/li>\n<\/ol>\n<h2>Proces weryfikacji gracza<\/h2>\n<p>Po dokonaniu pierwszej wp\u0142aty i zalogowaniu si\u0119 poprosimy Ci\u0119 o weryfikacj\u0119 gracza, znan\u0105 r\u00f3wnie\u017c jako Know Your Customer lub KYC, zanim zezwolimy na okre\u015blone wyp\u0142aty lub wy\u017csze limity. Ma to na celu zar\u00f3wno Twoje bezpiecze\u0144stwo, jak i spe\u0142nienie obowi\u0105zk\u00f3w prawnych i regulacyjnych.<\/p>\n<h3>Co mo\u017ce by\u0107 konieczne do przed\u0142o\u017cenia<\/h3>\n<p>W zale\u017cno\u015bci od kraju i polityki Gangstasino, poprosimy o:<\/p>\n<ul>\n<li>Wa\u017cny dokument to\u017csamo\u015bci wydany przez rz\u0105d, taki jak paszport, prawo jazdy lub dow\u00f3d osobisty, zawieraj\u0105cy imi\u0119 i nazwisko oraz zdj\u0119cie.<\/li>\n<li>Aktualny dokument potwierdzaj\u0105cy adres zamieszkania w formie elektronicznej, np. rachunek za media, wyci\u0105g bankowy lub dokument urz\u0119dowy, wystawiony w ci\u0105gu ostatnich 3\u20136 miesi\u0119cy, w celu potwierdzenia, \u017ce adres zamieszkania jest zgodny z adresem podanym w profilu.<\/li>\n<li>Do weryfikacji to\u017csamo\u015bci mo\u017ce by\u0107 wymagane selfie lub wideo na \u017cywo.<\/li>\n<\/ul>\n<h3>Jak przes\u0142a\u0107 dokumenty<\/h3>\n<p>W przypadku Gangsta Sino, nasz proces weryfikacji KYC jest prosty:<\/p>\n<ol>\n<li>Zaloguj si\u0119 na swoje konto Gangstasino i kliknij sw\u00f3j profil w prawym g\u00f3rnym rogu pulpitu nawigacyjnego.<\/li>\n<li>Wybierz \u201eWeryfikacja\u201d.<\/li>\n<li>Wybierz, kt\u00f3ry dokument to\u017csamo\u015bci b\u0119dziesz u\u017cywa\u0107.<\/li>\n<li>Prze\u015blij wszystkie niezb\u0119dne dokumenty.<\/li>\n<li>Po zako\u0144czeniu kliknij przycisk \u201eWy\u015blij\u201d.<\/li>\n<\/ol>\n<p>Oto wymagania dotycz\u0105ce ka\u017cdego identyfikatora, kt\u00f3rego b\u0119dziesz u\u017cywa\u0107:<\/p>\n<table>\n<tbody>\n<tr>\n<td>Typ identyfikatora<\/td>\n<td>Dokumenty do przes\u0142ania<\/td>\n<\/tr>\n<tr>\n<td>Paszport<\/td>\n<td>Strona z danymi paszportowymi<\/p>\n<p>Najnowsze zdj\u0119cie selfie<\/p>\n<p>Dow\u00f3d zamieszkania (rachunek za media lub wyci\u0105g z konta bankowego)<\/td>\n<\/tr>\n<tr>\n<td>Prawo jazdy<\/td>\n<td>Zdj\u0119cie przedniej i tylnej strony prawa jazdy<\/td>\n<\/tr>\n<tr>\n<td>Dow\u00f3d to\u017csamo\u015bci<\/td>\n<td>Zdj\u0119cie przedniej i tylnej strony dowodu osobistego<\/td>\n<\/tr>\n<tr>\n<td>Zezwolenie na pobyt<\/td>\n<td>Dokument uprawniaj\u0105cy do pobytu<\/td>\n<\/tr>\n<\/tbody>\n<\/table>\n<p>Przejrzymy Twoje dokumenty (zwykle zajmuje to od 24 do 48 godzin, ale mo\u017ce potrwa\u0107 d\u0142u\u017cej). Po sprawdzeniu dokument\u00f3w poinformujemy Ci\u0119 o statusie weryfikacji konta (e-mailem lub na Twoim koncie).<\/p>\n<p>Nasz zesp\u00f3\u0142 pomocy technicznej na czacie na \u017cywo jest dost\u0119pny, aby udziela\u0107 pomocy w czasie rzeczywistym, poniewa\u017c priorytetowo traktujemy odpowiedzi na wszelkie pytania, kt\u00f3re mog\u0105 Pa\u0144stwo mie\u0107, niezale\u017cnie od tego, czy dotycz\u0105 one Pa\u0144stwa konta, kwestii technicznych, czy te\u017c innych spraw. Oferujemy r\u00f3wnie\u017c pomoc wieloj\u0119zyczn\u0105, wi\u0119c prosimy o kontakt w j\u0119zyku, kt\u00f3ry jest dla Pa\u0144stwa najwygodniejszy.<\/p>\n<h2>Cz\u0119sto zadawane pytania<\/h2>\n<h3>Co zrobi\u0107, je\u015bli zapomnia\u0142em has\u0142a lub danych logowania?<\/h3>\n<p>Aby zresetowa\u0107 has\u0142o, przejd\u017a do strony Logowanie do Gangstasino i kliknij link \u201eNie pami\u0119tasz has\u0142a?\u201d. Wpisz sw\u00f3j zarejestrowany adres e-mail i sprawd\u017a skrzynk\u0119 pocztow\u0105, aby uzyska\u0107 instrukcje dotycz\u0105ce ustawienia nowego has\u0142a.<\/p>\n<h3>Dlaczego musz\u0119 zweryfikowa\u0107 swoje konto Gangstasino?<\/h3>\n<p>Aby upewni\u0107 si\u0119, \u017ce jeste\u015b tym, za kogo si\u0119 podajesz, masz odpowiedni wiek do gry, Twoje finanse s\u0105 bezpieczne oraz spe\u0142niasz wymogi prawne i dotycz\u0105ce przeciwdzia\u0142ania praniu brudnych pieni\u0119dzy, Gangstasino Casino musi przeprowadzi\u0107 pewn\u0105 weryfikacj\u0119.<\/p>\n<h3>Czy mog\u0119 zaktualizowa\u0107 swoje dane osobowe po rejestracji?<\/h3>\n<p>Po zalogowaniu si\u0119 mo\u017cesz wprowadza\u0107 zmiany za po\u015brednictwem panelu konta. Oto niekt\u00f3re dane, kt\u00f3re mo\u017cesz edytowa\u0107: has\u0142o, adres e-mail, numer kontaktowy, j\u0119zyk, szczeg\u00f3\u0142y dotycz\u0105ce metody p\u0142atno\u015bci itp.<\/p>\n<\/div><\/div><\/p>\n","protected":false},"excerpt":{"rendered":"<p>Logowanie do Gangstasino i rejestracja konta Gangstasino login zapewnia szybki dost\u0119p do automat\u00f3w, gier sto\u0142owych i wielu innych atrakcji. Poza tym, rejestruj\u0105c si\u0119 w serwisie Gangstasino, zyskujesz znacznie wi\u0119cej ni\u017c tylko konto. Zyskujesz dost\u0119p do wszystkich naszych gier, promocji, osobistego panelu z statystykami i saldem, narz\u0119dzi do dokonywania wp\u0142at i wyp\u0142at oraz wielu innych funkcji. [&hellip;]<\/p>\n","protected":false},"author":1,"featured_media":0,"parent":0,"menu_order":0,"comment_status":"closed","ping_status":"closed","template":"template-builder.php","meta":{"_acf_changed":false,"inline_featured_image":false,"footnotes":""},"class_list":["post-1480","page","type-page","status-publish","hentry"],"acf":[],"yoast_head":"<!-- This site is optimized with the Yoast SEO plugin v27.3 - https:\/\/yoast.com\/product\/yoast-seo-wordpress\/ -->\n<title>Gangstasino Login | Bezpieczny dost\u0119p do konta i rejestracja<\/title>\n<meta name=\"description\" content=\"Tw\u00f3j login Gangsta Sino to klucz do tysi\u0119cy gier. Zaloguj si\u0119, aby gra\u0107 lub zarejestruj nowe konto, przejd\u017a bezpieczn\u0105 weryfikacj\u0119, zarz\u0105dzaj swoimi \u015brodkami i skontaktuj si\u0119 z ca\u0142odobow\u0105 pomoc\u0105 techniczn\u0105.\" \/>\n<meta name=\"robots\" content=\"index, follow, max-snippet:-1, max-image-preview:large, max-video-preview:-1\" \/>\n<link rel=\"canonical\" href=\"https:\/\/gangsta-sino.net\/pl\/logowanie-i-rejestracja\/\" \/>\n<meta property=\"og:locale\" content=\"pl_PL\" \/>\n<meta property=\"og:type\" content=\"article\" \/>\n<meta property=\"og:title\" content=\"Gangstasino Login | Bezpieczny dost\u0119p do konta i rejestracja\" \/>\n<meta property=\"og:description\" content=\"Tw\u00f3j login Gangsta Sino to klucz do tysi\u0119cy gier. Zaloguj si\u0119, aby gra\u0107 lub zarejestruj nowe konto, przejd\u017a bezpieczn\u0105 weryfikacj\u0119, zarz\u0105dzaj swoimi \u015brodkami i skontaktuj si\u0119 z ca\u0142odobow\u0105 pomoc\u0105 techniczn\u0105.\" \/>\n<meta property=\"og:url\" content=\"https:\/\/gangsta-sino.net\/pl\/logowanie-i-rejestracja\/\" \/>\n<meta property=\"og:site_name\" content=\"gangstasino\" \/>\n<meta property=\"article:modified_time\" content=\"2025-11-03T09:20:15+00:00\" \/>\n<meta name=\"twitter:card\" content=\"summary_large_image\" \/>\n<meta name=\"twitter:label1\" content=\"Est. reading time\" \/>\n\t<meta name=\"twitter:data1\" content=\"1 minuta\" \/>\n<script type=\"application\/ld+json\" class=\"yoast-schema-graph\">{\"@context\":\"https:\\\/\\\/schema.org\",\"@graph\":[{\"@type\":\"WebPage\",\"@id\":\"https:\\\/\\\/gangsta-sino.net\\\/pl\\\/logowanie-i-rejestracja\\\/\",\"url\":\"https:\\\/\\\/gangsta-sino.net\\\/pl\\\/logowanie-i-rejestracja\\\/\",\"name\":\"Gangstasino Login | Bezpieczny dost\u0119p do konta i rejestracja\",\"isPartOf\":{\"@id\":\"https:\\\/\\\/gangsta-sino.net\\\/pl\\\/#website\"},\"datePublished\":\"2025-10-31T12:52:53+00:00\",\"dateModified\":\"2025-11-03T09:20:15+00:00\",\"description\":\"Tw\u00f3j login Gangsta Sino to klucz do tysi\u0119cy gier. Zaloguj si\u0119, aby gra\u0107 lub zarejestruj nowe konto, przejd\u017a bezpieczn\u0105 weryfikacj\u0119, zarz\u0105dzaj swoimi \u015brodkami i skontaktuj si\u0119 z ca\u0142odobow\u0105 pomoc\u0105 techniczn\u0105.\",\"breadcrumb\":{\"@id\":\"https:\\\/\\\/gangsta-sino.net\\\/pl\\\/logowanie-i-rejestracja\\\/#breadcrumb\"},\"inLanguage\":\"pl-PL\",\"potentialAction\":[{\"@type\":\"ReadAction\",\"target\":[\"https:\\\/\\\/gangsta-sino.net\\\/pl\\\/logowanie-i-rejestracja\\\/\"]}]},{\"@type\":\"BreadcrumbList\",\"@id\":\"https:\\\/\\\/gangsta-sino.net\\\/pl\\\/logowanie-i-rejestracja\\\/#breadcrumb\",\"itemListElement\":[{\"@type\":\"ListItem\",\"position\":1,\"name\":\"Gangstasino\",\"item\":\"https:\\\/\\\/gangsta-sino.net\\\/pl\\\/\"},{\"@type\":\"ListItem\",\"position\":2,\"name\":\"Logowanie i Rejestracja\"}]},{\"@type\":\"WebSite\",\"@id\":\"https:\\\/\\\/gangsta-sino.net\\\/pl\\\/#website\",\"url\":\"https:\\\/\\\/gangsta-sino.net\\\/pl\\\/\",\"name\":\"Gangstasino\",\"description\":\"\",\"publisher\":{\"@id\":\"https:\\\/\\\/gangsta-sino.net\\\/pl\\\/#organization\"},\"potentialAction\":[{\"@type\":\"SearchAction\",\"target\":{\"@type\":\"EntryPoint\",\"urlTemplate\":\"https:\\\/\\\/gangsta-sino.net\\\/pl\\\/?s={search_term_string}\"},\"query-input\":{\"@type\":\"PropertyValueSpecification\",\"valueRequired\":true,\"valueName\":\"search_term_string\"}}],\"inLanguage\":\"pl-PL\"},{\"@type\":\"Organization\",\"@id\":\"https:\\\/\\\/gangsta-sino.net\\\/pl\\\/#organization\",\"name\":\"Gangstasino\",\"url\":\"https:\\\/\\\/gangsta-sino.net\\\/pl\\\/\",\"logo\":{\"@type\":\"ImageObject\",\"inLanguage\":\"pl-PL\",\"@id\":\"https:\\\/\\\/gangsta-sino.net\\\/pl\\\/#\\\/schema\\\/logo\\\/image\\\/\",\"url\":\"https:\\\/\\\/gangsta-sino.net\\\/wp-content\\\/uploads\\\/2025\\\/08\\\/80u1FaquEZeR6OUTeJCc.png\",\"contentUrl\":\"https:\\\/\\\/gangsta-sino.net\\\/wp-content\\\/uploads\\\/2025\\\/08\\\/80u1FaquEZeR6OUTeJCc.png\",\"width\":152,\"height\":35,\"caption\":\"Gangstasino\"},\"image\":{\"@id\":\"https:\\\/\\\/gangsta-sino.net\\\/pl\\\/#\\\/schema\\\/logo\\\/image\\\/\"}}]}<\/script>\n<!-- \/ Yoast SEO plugin. -->","yoast_head_json":{"title":"Gangstasino Login | Bezpieczny dost\u0119p do konta i rejestracja","description":"Tw\u00f3j login Gangsta Sino to klucz do tysi\u0119cy gier. Zaloguj si\u0119, aby gra\u0107 lub zarejestruj nowe konto, przejd\u017a bezpieczn\u0105 weryfikacj\u0119, zarz\u0105dzaj swoimi \u015brodkami i skontaktuj si\u0119 z ca\u0142odobow\u0105 pomoc\u0105 techniczn\u0105.","robots":{"index":"index","follow":"follow","max-snippet":"max-snippet:-1","max-image-preview":"max-image-preview:large","max-video-preview":"max-video-preview:-1"},"canonical":"https:\/\/gangsta-sino.net\/pl\/logowanie-i-rejestracja\/","og_locale":"pl_PL","og_type":"article","og_title":"Gangstasino Login | Bezpieczny dost\u0119p do konta i rejestracja","og_description":"Tw\u00f3j login Gangsta Sino to klucz do tysi\u0119cy gier. Zaloguj si\u0119, aby gra\u0107 lub zarejestruj nowe konto, przejd\u017a bezpieczn\u0105 weryfikacj\u0119, zarz\u0105dzaj swoimi \u015brodkami i skontaktuj si\u0119 z ca\u0142odobow\u0105 pomoc\u0105 techniczn\u0105.","og_url":"https:\/\/gangsta-sino.net\/pl\/logowanie-i-rejestracja\/","og_site_name":"gangstasino","article_modified_time":"2025-11-03T09:20:15+00:00","twitter_card":"summary_large_image","twitter_misc":{"Est. reading time":"1 minuta"},"schema":{"@context":"https:\/\/schema.org","@graph":[{"@type":"WebPage","@id":"https:\/\/gangsta-sino.net\/pl\/logowanie-i-rejestracja\/","url":"https:\/\/gangsta-sino.net\/pl\/logowanie-i-rejestracja\/","name":"Gangstasino Login | Bezpieczny dost\u0119p do konta i rejestracja","isPartOf":{"@id":"https:\/\/gangsta-sino.net\/pl\/#website"},"datePublished":"2025-10-31T12:52:53+00:00","dateModified":"2025-11-03T09:20:15+00:00","description":"Tw\u00f3j login Gangsta Sino to klucz do tysi\u0119cy gier. Zaloguj si\u0119, aby gra\u0107 lub zarejestruj nowe konto, przejd\u017a bezpieczn\u0105 weryfikacj\u0119, zarz\u0105dzaj swoimi \u015brodkami i skontaktuj si\u0119 z ca\u0142odobow\u0105 pomoc\u0105 techniczn\u0105.","breadcrumb":{"@id":"https:\/\/gangsta-sino.net\/pl\/logowanie-i-rejestracja\/#breadcrumb"},"inLanguage":"pl-PL","potentialAction":[{"@type":"ReadAction","target":["https:\/\/gangsta-sino.net\/pl\/logowanie-i-rejestracja\/"]}]},{"@type":"BreadcrumbList","@id":"https:\/\/gangsta-sino.net\/pl\/logowanie-i-rejestracja\/#breadcrumb","itemListElement":[{"@type":"ListItem","position":1,"name":"Gangstasino","item":"https:\/\/gangsta-sino.net\/pl\/"},{"@type":"ListItem","position":2,"name":"Logowanie i Rejestracja"}]},{"@type":"WebSite","@id":"https:\/\/gangsta-sino.net\/pl\/#website","url":"https:\/\/gangsta-sino.net\/pl\/","name":"Gangstasino","description":"","publisher":{"@id":"https:\/\/gangsta-sino.net\/pl\/#organization"},"potentialAction":[{"@type":"SearchAction","target":{"@type":"EntryPoint","urlTemplate":"https:\/\/gangsta-sino.net\/pl\/?s={search_term_string}"},"query-input":{"@type":"PropertyValueSpecification","valueRequired":true,"valueName":"search_term_string"}}],"inLanguage":"pl-PL"},{"@type":"Organization","@id":"https:\/\/gangsta-sino.net\/pl\/#organization","name":"Gangstasino","url":"https:\/\/gangsta-sino.net\/pl\/","logo":{"@type":"ImageObject","inLanguage":"pl-PL","@id":"https:\/\/gangsta-sino.net\/pl\/#\/schema\/logo\/image\/","url":"https:\/\/gangsta-sino.net\/wp-content\/uploads\/2025\/08\/80u1FaquEZeR6OUTeJCc.png","contentUrl":"https:\/\/gangsta-sino.net\/wp-content\/uploads\/2025\/08\/80u1FaquEZeR6OUTeJCc.png","width":152,"height":35,"caption":"Gangstasino"},"image":{"@id":"https:\/\/gangsta-sino.net\/pl\/#\/schema\/logo\/image\/"}}]}},"_links":{"self":[{"href":"https:\/\/gangsta-sino.net\/pl\/wp-json\/wp\/v2\/pages\/1480","targetHints":{"allow":["GET"]}}],"collection":[{"href":"https:\/\/gangsta-sino.net\/pl\/wp-json\/wp\/v2\/pages"}],"about":[{"href":"https:\/\/gangsta-sino.net\/pl\/wp-json\/wp\/v2\/types\/page"}],"author":[{"embeddable":true,"href":"https:\/\/gangsta-sino.net\/pl\/wp-json\/wp\/v2\/users\/1"}],"replies":[{"embeddable":true,"href":"https:\/\/gangsta-sino.net\/pl\/wp-json\/wp\/v2\/comments?post=1480"}],"version-history":[{"count":2,"href":"https:\/\/gangsta-sino.net\/pl\/wp-json\/wp\/v2\/pages\/1480\/revisions"}],"predecessor-version":[{"id":1915,"href":"https:\/\/gangsta-sino.net\/pl\/wp-json\/wp\/v2\/pages\/1480\/revisions\/1915"}],"wp:attachment":[{"href":"https:\/\/gangsta-sino.net\/pl\/wp-json\/wp\/v2\/media?parent=1480"}],"curies":[{"name":"wp","href":"https:\/\/api.w.org\/{rel}","templated":true}]}}